{"id":5677,"date":"2025-09-03T08:42:20","date_gmt":"2025-09-03T08:42:20","guid":{"rendered":"https:\/\/musing-rosalind.135-181-117-101.plesk.page\/?page_id=5677"},"modified":"2025-11-05T14:42:47","modified_gmt":"2025-11-05T14:42:47","slug":"storitve","status":"publish","type":"page","link":"https:\/\/solhome.hr\/sl\/storitve\/","title":{"rendered":"STORITVE"},"content":{"rendered":"\t\t<div data-elementor-type=\"wp-page\" data-elementor-id=\"5677\" class=\"elementor elementor-5677 elementor-4125\" data-elementor-post-type=\"page\">\n\t\t\t\t<div class=\"elementor-element elementor-element-ef68aa9 e-flex e-con-boxed e-con e-parent\" data-id=\"ef68aa9\" data-element_type=\"container\">\n\t\t\t\t\t<div class=\"e-con-inner\">\n\t\t\t\t\t<\/div>\n\t\t\t\t<\/div>\n\t\t<div class=\"elementor-element elementor-element-c07ad6a e-flex e-con-boxed e-con e-parent\" data-id=\"c07ad6a\" data-element_type=\"container\">\n\t\t\t\t\t<div class=\"e-con-inner\">\n\t\t<div class=\"elementor-element elementor-element-ecd69b5 e-con-full e-flex e-con e-child\" data-id=\"ecd69b5\" data-element_type=\"container\" data-settings=\"{&quot;background_background&quot;:&quot;classic&quot;}\">\n\t\t<div class=\"elementor-element elementor-element-f810920 e-con-full e-flex e-con e-child\" data-id=\"f810920\" data-element_type=\"container\" data-settings=\"{&quot;background_background&quot;:&quot;classic&quot;}\">\n\t\t\t\t<div class=\"elementor-element elementor-element-ccab355 elementor-widget__width-inherit elementor-widget elementor-widget-heading\" data-id=\"ccab355\" data-element_type=\"widget\" id=\"pk\" data-widget_type=\"heading.default\">\n\t\t\t\t\t<h2 class=\"elementor-heading-title elementor-size-default\">Posredovanje pri nakupu nepremi\u010dnin\n<\/h2>\t\t\t\t<\/div>\n\t\t\t\t<div class=\"elementor-element elementor-element-9b47569 elementor-widget elementor-widget-text-editor\" data-id=\"9b47569\" data-element_type=\"widget\" data-widget_type=\"text-editor.default\">\n\t\t\t\t\t\t\t\t\t<p>V skladu z va\u0161imi izra\u017eenimi interesi vam pomagamo najti nepremi\u010dnino va\u0161ih sanj. Ne glede na to, ali i\u0161\u010dete po\u010ditni\u0161ko hi\u0161o, luksuzne apartmaje, ki bi jih \u017eeleli oddajati skozi vse leto, hi\u0161e ali vile ob morju za u\u017eivanje v poletnih mesecih \u2013 za vse va\u0161e \u017eelje in potrebe smo vam na voljo.<\/p><p><a href=\"#pk-d\">Preberite ve\u010d<\/a><\/p>\t\t\t\t\t\t\t\t<\/div>\n\t\t\t\t<div class=\"elementor-element elementor-element-f2d77b8 elementor-widget__width-inherit elementor-widget elementor-widget-heading\" data-id=\"f2d77b8\" data-element_type=\"widget\" id=\"pp\" data-widget_type=\"heading.default\">\n\t\t\t\t\t<h2 class=\"elementor-heading-title elementor-size-default\">Posredovanje pri prodaji nepremi\u010dnin\n<\/h2>\t\t\t\t<\/div>\n\t\t\t\t<div class=\"elementor-element elementor-element-bb2738b elementor-widget elementor-widget-text-editor\" data-id=\"bb2738b\" data-element_type=\"widget\" data-widget_type=\"text-editor.default\">\n\t\t\t\t\t\t\t\t\t<p>\u010ce imate nepremi\u010dnino, ki ni v funkciji in vam predstavlja finan\u010dno breme, zaradi \u010desar pogosto razmi\u0161ljate o morebitnem zaslu\u017eku s prodajo \u2013 kontaktirajte nas, da skupaj najdemo najbolj\u0161o re\u0161itev. Ne glede na to, ali ste se odlo\u010dili prodati dru\u017einsko hi\u0161o, apartma ob obali, zazidljivo zemlji\u0161\u010de ali luksuzno vilo v bli\u017eini morja \u2013 <strong>Solhome<\/strong> je agencija, ki bo zagotovila prodajo va\u0161e nepremi\u010dnine po ceni, ki odra\u017ea njeno resni\u010dno vrednost.<\/p><p><a href=\"#pp-d\">Preberite ve\u010d<\/a><\/p>\t\t\t\t\t\t\t\t<\/div>\n\t\t\t\t<div class=\"elementor-element elementor-element-145a3fb elementor-widget__width-inherit elementor-widget elementor-widget-heading\" data-id=\"145a3fb\" data-element_type=\"widget\" id=\"ap\" data-widget_type=\"heading.default\">\n\t\t\t\t\t<h2 class=\"elementor-heading-title elementor-size-default\">Administrativna in pravna podpora\n<\/h2>\t\t\t\t<\/div>\n\t\t\t\t<div class=\"elementor-element elementor-element-ba4aaea elementor-widget elementor-widget-text-editor\" data-id=\"ba4aaea\" data-element_type=\"widget\" data-widget_type=\"text-editor.default\">\n\t\t\t\t\t\t\t\t\t<p>Ne glede na to, ali ste se odlo\u010dili kupiti nepremi\u010dnino na hrva\u0161ki obali ali prodati svojo nepremi\u010dnino \u2013 najve\u010d stresa povzro\u010dajo zakonski predpisi in administrativni postopki. Da bi vam prihranili \u010das pri prou\u010devanju dokumentacije, ki je potrebna v postopku nakupa ali prodaje \u2013 smo vam na voljo za vsa administrativna in pravna vpra\u0161anja ter morebitne nejasnosti. Ne glede na to, ali potrebujete podporo pred, med ali po nakupu\/prodaji nepremi\u010dnine \u2013 <strong>Solhome<\/strong> pozna odgovore na vsa vpra\u0161anja.<\/p><p><a href=\"#ap-d\">Preberite ve\u010d<\/a><\/p>\t\t\t\t\t\t\t\t<\/div>\n\t\t\t\t<div class=\"elementor-element elementor-element-2bc5bbf elementor-widget__width-inherit elementor-widget elementor-widget-heading\" data-id=\"2bc5bbf\" data-element_type=\"widget\" id=\"ppn\" data-widget_type=\"heading.default\">\n\t\t\t\t\t<h2 class=\"elementor-heading-title elementor-size-default\">Prezentacija in promocija nepremi\u010dnine\n<\/h2>\t\t\t\t<\/div>\n\t\t\t\t<div class=\"elementor-element elementor-element-dd7dabc elementor-widget elementor-widget-text-editor\" data-id=\"dd7dabc\" data-element_type=\"widget\" data-widget_type=\"text-editor.default\">\n\t\t\t\t\t\t\t\t\t<p>\u010ce prodajate nepremi\u010dnino, si ta zaslu\u017ei, da je predstavljena na najbolj\u0161i mo\u017eni na\u010din. Spra\u0161ujete se, kaj to pomeni? Dovolite, da odgovorimo \u2013 profesionalna predstavitev nepremi\u010dnine vklju\u010duje fotografije iz najbolj\u0161ih kotov ter video vsebino, ki poudari vsak detajl, ki bi lahko pritegnil pozornost kupca. Na\u0161 trud, da nepremi\u010dnino predstavimo v najbolj\u0161em svetlu, bo spodbudil kupca, da si prav va\u0161o nepremi\u010dnino \u017eeli bolje ogledati, kljub \u0161tevilnim podobnim ponudbam na trgu.<\/p><p><a href=\"#ppn-d\">Preberite ve\u010d<\/a><\/p>\t\t\t\t\t\t\t\t<\/div>\n\t\t\t\t<div class=\"elementor-element elementor-element-ad2aeb2 elementor-widget__width-inherit elementor-widget elementor-widget-heading\" data-id=\"ad2aeb2\" data-element_type=\"widget\" id=\"du\" data-widget_type=\"heading.default\">\n\t\t\t\t\t<h2 class=\"elementor-heading-title elementor-size-default\">Dodatne storitve po dogovoru\n<\/h2>\t\t\t\t<\/div>\n\t\t\t\t<div class=\"elementor-element elementor-element-acdb973 elementor-widget elementor-widget-text-editor\" data-id=\"acdb973\" data-element_type=\"widget\" data-widget_type=\"text-editor.default\">\n\t\t\t\t\t\t\t\t\t<p>Na\u0161e primarne usluge vezane su uz posredovanje u kupoprodaji nekretnina, a na\u0161a primarna misija je spajanje kupaca s nekretninama iz snova, koje \u0107e zadovoljiti sva njihova o\u010dekivanja. Me\u0111utim, ono \u0161to mi tako\u0111er nudimo je personalizirana podr\u0161ka, s obzirom da je za nas svaki vid suradnje specifi\u010dna pri\u010da kojoj posve\u0107ujemo posebnu pa\u017enju. Tu smo za vas kako biste prodali ili kupili nekretninu, ali i kako bismo vas savjetovali i asistirali pri svim izazovima koji se mogu pojaviti prije, tijekom i nakon kupoprodajnog procesa.<\/p><p><a href=\"#dodatno\">Preberite ve\u010d<\/a><\/p>\t\t\t\t\t\t\t\t<\/div>\n\t\t\t\t<\/div>\n\t\t<div class=\"elementor-element elementor-element-7f6ba8d e-con-full e-flex e-con e-child\" data-id=\"7f6ba8d\" data-element_type=\"container\" data-settings=\"{&quot;background_background&quot;:&quot;classic&quot;}\">\n\t\t\t\t<div class=\"elementor-element elementor-element-bdba83f elementor-widget__width-inherit elementor-widget elementor-widget-heading\" data-id=\"bdba83f\" data-element_type=\"widget\" id=\"pk-d\" data-widget_type=\"heading.default\">\n\t\t\t\t\t<h3 class=\"elementor-heading-title elementor-size-default\">Na\u0161a storitev posredovanja pri nakupu nepremi\u010dnin vklju\u010duje:<\/h3>\t\t\t\t<\/div>\n\t\t\t\t<div class=\"elementor-element elementor-element-ca46e48 elementor-widget elementor-widget-text-editor\" data-id=\"ca46e48\" data-element_type=\"widget\" data-widget_type=\"text-editor.default\">\n\t\t\t\t\t\t\t\t\t<ol><li data-start=\"65\" data-end=\"198\">Za\u010detni sestanek, na katerem nam boste pojasnili svoje \u017eelje in potrebe \u2013 kar nam bo klju\u010dno pri iskanju va\u0161e sanjske nepremi\u010dnine.<\/li><li data-start=\"202\" data-end=\"298\">Informiranje o najbolj privla\u010dnih lokacijah na Hrva\u0161kem in donosnih mo\u017enostih za investiranje.<\/li><li data-start=\"302\" data-end=\"372\">Raziskavo trga in priporo\u010dilo nepremi\u010dnin v skladu z va\u0161imi \u017eeljami.<\/li><li data-start=\"376\" data-end=\"434\">Organizacijo potovanja in terminov za ogled nepremi\u010dnin.<\/li><li data-start=\"438\" data-end=\"619\">In\u0161pekcijo izbrane nepremi\u010dnine \u2013 preverjanje pravilnosti dokumentacije (zemlji\u0161koknji\u017eni izpisek in vsi drugi dokumenti, ki dokazujejo, da je nepremi\u010dnina v celoti legalizirana).<\/li><li data-start=\"623\" data-end=\"723\">Pogajanja o ceni nepremi\u010dnine in oddaja ponudbe \u2013 v sodelovanju in dogovoru z vami kot naro\u010dnikom.<\/li><li data-start=\"727\" data-end=\"810\">Rezervacijo nepremi\u010dnine, kontaktiranje odvetni\u0161ke pisarne in podpis predpogodbe.<\/li><li data-start=\"814\" data-end=\"909\">Po izpolnitvi pogojev iz predpogodbe \u2013 dogovor o podpisu in notarski overitvi kon\u010dne pogodbe.<\/li><li data-start=\"913\" data-end=\"1089\">Prenos lastni\u0161tva in komunalnih storitev na va\u0161e ime, \u010de ste kupec nepremi\u010dnine. Dostavimo vso potrebno dokumentacijo, ki dokazuje, da je postopek prenosa lastni\u0161tva izveden.<\/li><li data-start=\"1094\" data-end=\"1365\">Poprodajna podpora in svetovanje \u2013 po potrebi vas lahko pove\u017eemo s podjetjem za vzdr\u017eevanje nepremi\u010dnin, dav\u010dnim svetovalcem, \u010de nameravate ustanoviti podjetje na Hrva\u0161kem, ali pa z arhitekturnim birojem, ki vam lahko pomaga pri pripravi projekta za prenovo nepremi\u010dnine.<\/li><\/ol>\t\t\t\t\t\t\t\t<\/div>\n\t\t\t\t<div class=\"elementor-element elementor-element-845fe42 elementor-widget elementor-widget-button\" data-id=\"845fe42\" data-element_type=\"widget\" data-widget_type=\"button.default\">\n\t\t\t\t\t\t\t\t\t\t<a class=\"elementor-button elementor-button-link elementor-size-sm\" href=\"\/sl\/kontaktirajte-nas\/\">\n\t\t\t\t\t\t<span class=\"elementor-button-content-wrapper\">\n\t\t\t\t\t\t\t\t\t<span class=\"elementor-button-text\">Zahtevajte posvet<\/span>\n\t\t\t\t\t<\/span>\n\t\t\t\t\t<\/a>\n\t\t\t\t\t\t\t\t<\/div>\n\t\t\t\t<div class=\"elementor-element elementor-element-7ca21a9 elementor-widget__width-inherit elementor-widget elementor-widget-heading\" data-id=\"7ca21a9\" data-element_type=\"widget\" id=\"pp-d\" data-widget_type=\"heading.default\">\n\t\t\t\t\t<h3 class=\"elementor-heading-title elementor-size-default\">Na\u0161a storitev posredovanja pri prodaji nepremi\u010dnin vklju\u010duje:<\/h3>\t\t\t\t<\/div>\n\t\t\t\t<div class=\"elementor-element elementor-element-627ee92 elementor-widget elementor-widget-text-editor\" data-id=\"627ee92\" data-element_type=\"widget\" data-widget_type=\"text-editor.default\">\n\t\t\t\t\t\t\t\t\t<ol><li data-start=\"186\" data-end=\"327\">Za\u010detni sestanek, na katerem vas bomo seznanili s postopkom prodaje nepremi\u010dnine na Hrva\u0161kem, vi pa boste z nami delili svoja pri\u010dakovanja.<\/li><li data-start=\"331\" data-end=\"448\">Podpis pogodbe o sodelovanju \u2013 \u010de smo uskladili stali\u0161\u010da, je podpis pogodbe nujen za nadaljevanje postopka prodaje.<\/li><li data-start=\"452\" data-end=\"604\">Seznanjanje z nepremi\u010dnino \u2013 ogledali si bomo va\u0161o nepremi\u010dnino in vas prosili za \u010dim ve\u010d informacij o njej, da bomo imeli jasnej\u0161i vpogled v ponudbo.<\/li><li data-start=\"608\" data-end=\"906\">Ocena vrednosti nepremi\u010dnine \u2013 korak, v katerem vam podamo strokovno in realno oceno vrednosti va\u0161e lastnine, na podlagi niza kriterijev (lokacija, stanje in starost, razpolo\u017eljiva dokumentacija, povr\u0161ina, gibanje tr\u017enih cen podobnih objektov ter druge dodatne vrednosti in vsebine nepremi\u010dnine).<\/li><li data-start=\"910\" data-end=\"1088\">Organizacija profesionalnega fotografiranja \u2013 nudimo storitev profesionalnega fotografiranja nepremi\u010dnine in video predstavitev, da izpostavimo ves potencial va\u0161e nepremi\u010dnine.<\/li><li data-start=\"1092\" data-end=\"1160\">Organizacija ogledov in komunikacija z zainteresiranimi strankami.<\/li><li data-start=\"1164\" data-end=\"1236\">Preverjanje pravilnosti dokumentacije, potrebne za podpis predpogodbe.<\/li><li data-start=\"1240\" data-end=\"1393\">Pravna in administrativna podpora \u2013 priprava predpogodbe v sodelovanju z odvetni\u0161ko pisarno ter dogovor o pogojih prodaje, ki ustrezajo obema stranema.<\/li><li data-start=\"1397\" data-end=\"1542\">Priprava in podpis kon\u010dne pogodbe ter prenos lastni\u0161tva \u2013 zaklju\u010dni korak, po katerem vam dostavimo potrdila o prenosu lastni\u0161tva na ime kupca.<\/li><li data-start=\"1547\" data-end=\"1646\">Poprodajna podpora in svetovanje \u2013 na voljo smo za vsa va\u0161a vpra\u0161anja tudi po zaklju\u010deni prodaji.<\/li><\/ol>\t\t\t\t\t\t\t\t<\/div>\n\t\t\t\t<div class=\"elementor-element elementor-element-65fb4f2 elementor-widget elementor-widget-button\" data-id=\"65fb4f2\" data-element_type=\"widget\" data-widget_type=\"button.default\">\n\t\t\t\t\t\t\t\t\t\t<a class=\"elementor-button elementor-button-link elementor-size-sm\" href=\"\/sl\/kontaktirajte-nas\/\">\n\t\t\t\t\t\t<span class=\"elementor-button-content-wrapper\">\n\t\t\t\t\t\t\t\t\t<span class=\"elementor-button-text\">Dogovorite brezpla\u010dno oceno<\/span>\n\t\t\t\t\t<\/span>\n\t\t\t\t\t<\/a>\n\t\t\t\t\t\t\t\t<\/div>\n\t\t\t\t<div class=\"elementor-element elementor-element-6fb15e0 elementor-widget__width-inherit elementor-widget elementor-widget-heading\" data-id=\"6fb15e0\" data-element_type=\"widget\" id=\"ap-d\" data-widget_type=\"heading.default\">\n\t\t\t\t\t<h3 class=\"elementor-heading-title elementor-size-default\">Na\u0161a storitev administrativne in pravne podpore vklju\u010duje:<\/h3>\t\t\t\t<\/div>\n\t\t\t\t<div class=\"elementor-element elementor-element-1016073 elementor-widget elementor-widget-text-editor\" data-id=\"1016073\" data-element_type=\"widget\" data-widget_type=\"text-editor.default\">\n\t\t\t\t\t\t\t\t\t<ol><li data-start=\"1753\" data-end=\"1991\">Preverjanje dokumentacije in podpora pri pridobivanju nepopolne dokumentacije \u2013 podamo vam informacije o tem, katera dokumentacija je potrebna za podpis predpogodbe in pogodbe, ter nudimo podporo pri pridobivanju manjkajo\u010dih dokumentov.<\/li><li data-start=\"1995\" data-end=\"2149\">Sodelovanje s pravnimi slu\u017ebami, da pogodbe vsebujejo dogovorjene pogoje kupoprodaje in da je prodaja izvedena zakonito, z jasnim soglasjem obeh strani.<\/li><li data-start=\"2153\" data-end=\"2301\">Administrativna podpora \u2013 v sodelovanju z notarjem in katastrom; poskrbimo, da je vsa dokumentacija pravilno overjena in vpisana v javne registre.<\/li><li data-start=\"2305\" data-end=\"2414\">Sodelujemo kot asistenti pri prenosu lastni\u0161tva, pri \u010demer stranki prejmeta potrdila o opravljenem prenosu.<\/li><li data-start=\"2418\" data-end=\"2520\">Seznanimo vas z dav\u010dnimi pravili in celotnim dav\u010dnim postopkom, ki je pomemben za va\u0161 osebni primer.<\/li><\/ol>\t\t\t\t\t\t\t\t<\/div>\n\t\t\t\t<div class=\"elementor-element elementor-element-e482925 elementor-widget elementor-widget-button\" data-id=\"e482925\" data-element_type=\"widget\" data-widget_type=\"button.default\">\n\t\t\t\t\t\t\t\t\t\t<a class=\"elementor-button elementor-button-link elementor-size-sm\" href=\"\/sl\/kontaktirajte-nas\/\">\n\t\t\t\t\t\t<span class=\"elementor-button-content-wrapper\">\n\t\t\t\t\t\t\t\t\t<span class=\"elementor-button-text\">Uredimo dokumentacijo skupaj<\/span>\n\t\t\t\t\t<\/span>\n\t\t\t\t\t<\/a>\n\t\t\t\t\t\t\t\t<\/div>\n\t\t\t\t<div class=\"elementor-element elementor-element-5f2cce9 elementor-widget__width-inherit elementor-widget elementor-widget-heading\" data-id=\"5f2cce9\" data-element_type=\"widget\" id=\"ppn-d\" data-widget_type=\"heading.default\">\n\t\t\t\t\t<h3 class=\"elementor-heading-title elementor-size-default\">Na\u0161a storitev predstavitve in promocije nepremi\u010dnine vklju\u010duje:<\/h3>\t\t\t\t<\/div>\n\t\t\t\t<div class=\"elementor-element elementor-element-2156ead elementor-widget elementor-widget-text-editor\" data-id=\"2156ead\" data-element_type=\"widget\" data-widget_type=\"text-editor.default\">\n\t\t\t\t\t\t\t\t\t<ol><li data-start=\"2633\" data-end=\"2781\">Pripravo notranjih in zunanjih prostorov za fotografiranje ter dolo\u010ditev najbolj\u0161ih kotov, da fotografije prika\u017eejo klju\u010dne elemente nepremi\u010dnine.<\/li><li data-start=\"2785\" data-end=\"2946\">Fotografiranje interierja, eksterierja in tistih delov nepremi\u010dnine, ki ji dajejo edinstveno prodajno prednost v primerjavi z drugimi podobnimi nepremi\u010dninami.<\/li><li data-start=\"2950\" data-end=\"3085\">Snemanje video vsebin, tudi z uporabo drona, da se posnamejo kadri z ve\u010dje vi\u0161ine in bolj jasno prika\u017ee nepremi\u010dnina in njeno okolje.<\/li><li data-start=\"3089\" data-end=\"3172\">Izbor najbolj\u0161ega posnetega materiala, urejanje in priprava za nadaljnjo uporabo.<\/li><li data-start=\"3176\" data-end=\"3377\">Promocijo nepremi\u010dnine na vnaprej dogovorjenih kanalih \u2013 z uporabo najbolj\u0161ih foto in video vsebin, ki se z ustreznim besedilom objavijo na na\u0161ih spletnih straneh, v oglasih in na dru\u017ebenih omre\u017ejih.<\/li><\/ol>\t\t\t\t\t\t\t\t<\/div>\n\t\t\t\t<div class=\"elementor-element elementor-element-59548a7 elementor-widget elementor-widget-button\" data-id=\"59548a7\" data-element_type=\"widget\" data-widget_type=\"button.default\">\n\t\t\t\t\t\t\t\t\t\t<a class=\"elementor-button elementor-button-link elementor-size-sm\" href=\"\/sl\/kontaktirajte-nas\/\">\n\t\t\t\t\t\t<span class=\"elementor-button-content-wrapper\">\n\t\t\t\t\t\t\t\t\t<span class=\"elementor-button-text\">Zahtevajte predstavitev va\u0161e nepremi\u010dnine<\/span>\n\t\t\t\t\t<\/span>\n\t\t\t\t\t<\/a>\n\t\t\t\t\t\t\t\t<\/div>\n\t\t\t\t<div class=\"elementor-element elementor-element-5985e44 elementor-widget__width-inherit elementor-widget elementor-widget-heading\" data-id=\"5985e44\" data-element_type=\"widget\" id=\"dodatno\" data-widget_type=\"heading.default\">\n\t\t\t\t\t<h3 class=\"elementor-heading-title elementor-size-default\">Poleg osnovnih storitev vam na va\u0161o \u017eeljo nudimo tudi dodatne storitve:<\/h3>\t\t\t\t<\/div>\n\t\t\t\t<div class=\"elementor-element elementor-element-fc0b9fd elementor-widget elementor-widget-text-editor\" data-id=\"fc0b9fd\" data-element_type=\"widget\" data-widget_type=\"text-editor.default\">\n\t\t\t\t\t\t\t\t\t<ol><li data-start=\"3511\" data-end=\"3699\">\u010ce prihajate iz tujine, se vam lahko zaradi jezikovne ovire in nepoznavanja lokalnih predpisov odpiranje ban\u010dnega ra\u010duna zdi zahtevno \u2013 ne skrbite, nudimo pomo\u010d pri tem pomembnem koraku.<\/li><li data-start=\"3703\" data-end=\"3994\">\u010ce se odlo\u010dite ustanoviti podjetje na Hrva\u0161kem, vam nudimo storitev dav\u010dnega svetovanja za nemoten potek postopka in prepre\u010ditev morebitnih dav\u010dnih posledic. Svetovalec vas bo seznanil z dav\u010dno stopnjo, roki in morebitnimi dodatnimi davki, ki jih lahko zahteva dr\u017eava, iz katere prihajate.<\/li><li data-start=\"3998\" data-end=\"4173\">Pove\u017eemo vas z arhitekturnim\/projektnim birojem v primeru potrebe po arhitekturnem ali idejnem na\u010drtovanju, pripravi projekta za novogradnjo ali rekonstrukcijo nepremi\u010dnine.<\/li><li data-start=\"4177\" data-end=\"4312\">\u010ce ste kupili nepremi\u010dnino in potrebujete vzdr\u017eevanje hi\u0161e skozi celo leto, vas pove\u017eemo s podjetji\/osebami, ki ponujajo to storitev.<\/li><li data-start=\"4316\" data-end=\"4537\">\u010ce \u017eelite oddajati svojo nepremi\u010dnino, vas pove\u017eemo z agencijo za najem, ki nudi storitev \u00bbklju\u010d v roke\u00ab \u2013 gre za popolno upravljanje oddaje, \u010di\u0161\u010denja in prijave\/odjave gostov, medtem ko ste vi v drugi dr\u017eavi ali mestu.<\/li><li data-start=\"4541\" data-end=\"4781\">Posebne dodatne storitve na va\u0161o zahtevo \u2013 \u010de prihajate iz tujine in potrebujete dodatno administrativno ali drugo podporo v zvezi z nepremi\u010dninami, kontaktirajte nas in posku\u0161ali bomo najti najbolj\u0161o re\u0161itev v obojestransko zadovoljstvo.<\/li><\/ol>\t\t\t\t\t\t\t\t<\/div>\n\t\t\t\t<div class=\"elementor-element elementor-element-8ef8821 elementor-widget elementor-widget-button\" data-id=\"8ef8821\" data-element_type=\"widget\" data-widget_type=\"button.default\">\n\t\t\t\t\t\t\t\t\t\t<a class=\"elementor-button elementor-button-link elementor-size-sm\" href=\"\/sl\/kontaktirajte-nas\/\">\n\t\t\t\t\t\t<span class=\"elementor-button-content-wrapper\">\n\t\t\t\t\t\t\t\t\t<span class=\"elementor-button-text\">Dogovorimo re\u0161itev po va\u0161i meri<\/span>\n\t\t\t\t\t<\/span>\n\t\t\t\t\t<\/a>\n\t\t\t\t\t\t\t\t<\/div>\n\t\t\t\t<\/div>\n\t\t\t\t<\/div>\n\t\t<div class=\"elementor-element elementor-element-d95227c e-con-full e-flex e-con e-child\" data-id=\"d95227c\" data-element_type=\"container\" data-settings=\"{&quot;background_background&quot;:&quot;classic&quot;,&quot;sticky_parent&quot;:&quot;yes&quot;,&quot;sticky&quot;:&quot;top&quot;,&quot;sticky_on&quot;:[&quot;desktop&quot;,&quot;tablet&quot;],&quot;sticky_offset&quot;:0,&quot;sticky_effects_offset&quot;:0,&quot;sticky_anchor_link_offset&quot;:0}\">\n\t\t\t\t<div class=\"elementor-element elementor-element-8acc8f1 elementor-icon-list--layout-traditional elementor-list-item-link-full_width elementor-widget elementor-widget-icon-list\" data-id=\"8acc8f1\" data-element_type=\"widget\" data-widget_type=\"icon-list.default\">\n\t\t\t\t\t\t\t<ul class=\"elementor-icon-list-items\">\n\t\t\t\t\t\t\t<li class=\"elementor-icon-list-item\">\n\t\t\t\t\t\t\t\t\t\t\t<a href=\"#pk\">\n\n\t\t\t\t\t\t\t\t\t\t\t<span class=\"elementor-icon-list-text\">Posredovanje pri nakupu nepremi\u010dnin<\/span>\n\t\t\t\t\t\t\t\t\t\t\t<\/a>\n\t\t\t\t\t\t\t\t\t<\/li>\n\t\t\t\t\t\t\t\t<li class=\"elementor-icon-list-item\">\n\t\t\t\t\t\t\t\t\t\t\t<a href=\"#pp\">\n\n\t\t\t\t\t\t\t\t\t\t\t<span class=\"elementor-icon-list-text\">Posredovanje pri prodaji nepremi\u010dnin<\/span>\n\t\t\t\t\t\t\t\t\t\t\t<\/a>\n\t\t\t\t\t\t\t\t\t<\/li>\n\t\t\t\t\t\t\t\t<li class=\"elementor-icon-list-item\">\n\t\t\t\t\t\t\t\t\t\t\t<a href=\"#ap\">\n\n\t\t\t\t\t\t\t\t\t\t\t<span class=\"elementor-icon-list-text\">Administrativna in pravna podpora<\/span>\n\t\t\t\t\t\t\t\t\t\t\t<\/a>\n\t\t\t\t\t\t\t\t\t<\/li>\n\t\t\t\t\t\t\t\t<li class=\"elementor-icon-list-item\">\n\t\t\t\t\t\t\t\t\t\t\t<a href=\"#ppn\">\n\n\t\t\t\t\t\t\t\t\t\t\t<span class=\"elementor-icon-list-text\">Prezentacija in promocija nepremi\u010dnine<\/span>\n\t\t\t\t\t\t\t\t\t\t\t<\/a>\n\t\t\t\t\t\t\t\t\t<\/li>\n\t\t\t\t\t\t\t\t<li class=\"elementor-icon-list-item\">\n\t\t\t\t\t\t\t\t\t\t\t<a href=\"#du\">\n\n\t\t\t\t\t\t\t\t\t\t\t<span class=\"elementor-icon-list-text\">Dodatne storitve po dogovoru<\/span>\n\t\t\t\t\t\t\t\t\t\t\t<\/a>\n\t\t\t\t\t\t\t\t\t<\/li>\n\t\t\t\t\t\t<\/ul>\n\t\t\t\t\t\t<\/div>\n\t\t\t\t<\/div>\n\t\t\t\t\t<\/div>\n\t\t\t\t<\/div>\n\t\t\t\t<\/div>\n\t\t","protected":false},"excerpt":{"rendered":"<p>Posredovanje pri nakupu nepremi\u010dnin V skladu z va\u0161imi izra\u017eenimi interesi vam pomagamo najti nepremi\u010dnino va\u0161ih sanj. Ne glede na to, ali i\u0161\u010dete po\u010ditni\u0161ko hi\u0161o, luksuzne apartmaje, ki bi jih \u017eeleli oddajati skozi vse leto, hi\u0161e ali vile ob morju za u\u017eivanje v poletnih mesecih \u2013 za vse va\u0161e \u017eelje in potrebe smo vam na voljo. [&hellip;]<\/p>\n","protected":false},"author":2,"featured_media":0,"parent":0,"menu_order":0,"comment_status":"closed","ping_status":"closed","template":"elementor_header_footer","meta":{"inline_featured_image":false,"footnotes":""},"class_list":["post-5677","page","type-page","status-publish","hentry"],"_links":{"self":[{"href":"https:\/\/solhome.hr\/sl\/wp-json\/wp\/v2\/pages\/5677","targetHints":{"allow":["GET"]}}],"collection":[{"href":"https:\/\/solhome.hr\/sl\/wp-json\/wp\/v2\/pages"}],"about":[{"href":"https:\/\/solhome.hr\/sl\/wp-json\/wp\/v2\/types\/page"}],"author":[{"embeddable":true,"href":"https:\/\/solhome.hr\/sl\/wp-json\/wp\/v2\/users\/2"}],"replies":[{"embeddable":true,"href":"https:\/\/solhome.hr\/sl\/wp-json\/wp\/v2\/comments?post=5677"}],"version-history":[{"count":10,"href":"https:\/\/solhome.hr\/sl\/wp-json\/wp\/v2\/pages\/5677\/revisions"}],"predecessor-version":[{"id":51971,"href":"https:\/\/solhome.hr\/sl\/wp-json\/wp\/v2\/pages\/5677\/revisions\/51971"}],"wp:attachment":[{"href":"https:\/\/solhome.hr\/sl\/wp-json\/wp\/v2\/media?parent=5677"}],"curies":[{"name":"wp","href":"https:\/\/api.w.org\/{rel}","templated":true}]}}