{"id":5647,"date":"2025-08-01T11:06:20","date_gmt":"2025-08-01T11:06:20","guid":{"rendered":"https:\/\/musing-rosalind.135-181-117-101.plesk.page\/?page_id=5647"},"modified":"2025-11-17T16:48:41","modified_gmt":"2025-11-17T16:48:41","slug":"vodniki","status":"publish","type":"page","link":"https:\/\/solhome.hr\/sl\/vodniki\/","title":{"rendered":"Vodniki"},"content":{"rendered":"\t\t<div data-elementor-type=\"wp-page\" data-elementor-id=\"5647\" class=\"elementor elementor-5647 elementor-3261\" data-elementor-post-type=\"page\">\n\t\t\t\t<div class=\"elementor-element elementor-element-761daba e-flex e-con-boxed e-con e-parent\" data-id=\"761daba\" data-element_type=\"container\">\n\t\t\t\t\t<div class=\"e-con-inner\">\n\t\t\t\t\t<\/div>\n\t\t\t\t<\/div>\n\t\t<div class=\"elementor-element elementor-element-82ebc03 e-flex e-con-boxed e-con e-parent\" data-id=\"82ebc03\" data-element_type=\"container\">\n\t\t\t\t\t<div class=\"e-con-inner\">\n\t\t\t\t<div class=\"elementor-element elementor-element-89bfcc6 elementor-widget elementor-widget-text-editor\" data-id=\"89bfcc6\" data-element_type=\"widget\" data-widget_type=\"text-editor.default\">\n\t\t\t\t\t\t\t\t\t<p>Ne glede na to, ali nameravate kupiti, prodati ali najeti nepremi\u010dnino, Hrva\u0161ka ponuja \u0161tevilne prilo\u017enosti, vendar je postopek lahko zmeden zaradi razli\u010dnih pravnih postopkov, davkov in drugih pomembnih dejavnikov. Na\u0161e poslanstvo je poenostaviti vse vidike, povezane z nepremi\u010dninami, in vam zagotoviti vse potrebne informacije, da boste sprejeli informirano odlo\u010ditev in z lahkoto \u0161li skozi vsak korak.<\/p>\t\t\t\t\t\t\t\t<\/div>\n\t\t\t\t\t<\/div>\n\t\t\t\t<\/div>\n\t\t<div class=\"elementor-element elementor-element-4e48d47 e-flex e-con-boxed e-con e-parent\" data-id=\"4e48d47\" data-element_type=\"container\">\n\t\t\t\t\t<div class=\"e-con-inner\">\n\t\t<div class=\"elementor-element elementor-element-3790d3c e-con-full e-flex e-con e-child\" data-id=\"3790d3c\" data-element_type=\"container\" data-settings=\"{&quot;background_background&quot;:&quot;classic&quot;}\">\n\t\t\t\t<div class=\"elementor-element elementor-element-dde1a52 elementor-widget elementor-widget-heading\" data-id=\"dde1a52\" data-element_type=\"widget\" data-widget_type=\"heading.default\">\n\t\t\t\t\t<h4 class=\"elementor-heading-title elementor-size-default\">Nakup nepremi\u010dnine na Hrva\u0161kem<\/h4>\t\t\t\t<\/div>\n\t\t\t\t<div class=\"elementor-element elementor-element-2f458ff elementor-hidden-tablet elementor-hidden-mobile elementor-widget elementor-widget-text-editor\" data-id=\"2f458ff\" data-element_type=\"widget\" data-widget_type=\"text-editor.default\">\n\t\t\t\t\t\t\t\t\t<p data-start=\"7511\" data-end=\"7969\">Da bo celoten postopek nakupa potekal gladko, je pomembno vnaprej pripraviti finan\u010dni na\u010drt in preveriti dokumentacijo nepremi\u010dnine, kot sta zemlji\u0161koknji\u017eni izpisek in gradbeno dovoljenje. Priporo\u010damo najem nepremi\u010dninskega agenta, ki vas bo vodil skozi pogajanja, poskrbel za po\u0161teno in tr\u017eno usklajeno ceno ter pomagal pri vseh administrativnih obveznostih. Na\u0161 vodi\u010d vam bo pomagal hitro kupiti nepremi\u010dnino, po najbolj\u0161i ceni in brez ne\u017eelenih zapletov.<\/p>\t\t\t\t\t\t\t\t<\/div>\n\t\t\t\t<div class=\"elementor-element elementor-element-872f646 elementor-hidden-desktop elementor-widget elementor-widget-text-editor\" data-id=\"872f646\" data-element_type=\"widget\" data-widget_type=\"text-editor.default\">\n\t\t\t\t\t\t\t\t\t<p data-start=\"7971\" data-end=\"8127\">\u010ce ste se kdaj spra\u0161evali, kako kupiti nepremi\u010dnino na Hrva\u0161kem in katere postopke morate upo\u0161tevati \u2013 preberite na\u0161 vodi\u010d za nakup nepremi\u010dnin na Hrva\u0161kem.<\/p>\t\t\t\t\t\t\t\t<\/div>\n\t\t\t\t<div class=\"elementor-element elementor-element-801067f elementor-widget elementor-widget-button\" data-id=\"801067f\" data-element_type=\"widget\" data-widget_type=\"button.default\">\n\t\t\t\t\t\t\t\t\t\t<a class=\"elementor-button elementor-button-link elementor-size-sm\" href=\"\/sl\/vodniki\/nakup-nepremicnin-na-hrvaskem-vodnik-za-nakup\/\">\n\t\t\t\t\t\t<span class=\"elementor-button-content-wrapper\">\n\t\t\t\t\t\t\t\t\t<span class=\"elementor-button-text\">POGLEJ VODNIK<\/span>\n\t\t\t\t\t<\/span>\n\t\t\t\t\t<\/a>\n\t\t\t\t\t\t\t\t<\/div>\n\t\t\t\t<\/div>\n\t\t<div class=\"elementor-element elementor-element-92e482e e-con-full e-flex e-con e-child\" data-id=\"92e482e\" data-element_type=\"container\">\n\t\t<div class=\"elementor-element elementor-element-fe3506d e-con-full e-flex e-con e-child\" data-id=\"fe3506d\" data-element_type=\"container\" data-settings=\"{&quot;background_background&quot;:&quot;classic&quot;}\">\n\t\t\t\t<div class=\"elementor-element elementor-element-4d22cb5 elementor-widget elementor-widget-heading\" data-id=\"4d22cb5\" data-element_type=\"widget\" data-widget_type=\"heading.default\">\n\t\t\t\t\t<h4 class=\"elementor-heading-title elementor-size-default\">Prodaja nepremi\u010dnine na Hrva\u0161kem<\/h4>\t\t\t\t<\/div>\n\t\t\t\t<div class=\"elementor-element elementor-element-c0dfb42 elementor-widget elementor-widget-text-editor\" data-id=\"c0dfb42\" data-element_type=\"widget\" data-widget_type=\"text-editor.default\">\n\t\t\t\t\t\t\t\t\t<p data-start=\"8129\" data-end=\"8283\">\u010ce vas zanima, kako nepremi\u010dnino prodati hitro in brez stresa ob spo\u0161tovanju vseh zakonskih postopkov, preberite vodi\u010d in izvedite vse, kar morate vedeti!<\/p>\t\t\t\t\t\t\t\t<\/div>\n\t\t\t\t<div class=\"elementor-element elementor-element-63eef57 elementor-widget elementor-widget-button\" data-id=\"63eef57\" data-element_type=\"widget\" data-widget_type=\"button.default\">\n\t\t\t\t\t\t\t\t\t\t<a class=\"elementor-button elementor-button-link elementor-size-sm\" href=\"\/sl\/vodniki\/prodaja-nepremicnin-na-hrvaskem-popolni-vodnik\/\">\n\t\t\t\t\t\t<span class=\"elementor-button-content-wrapper\">\n\t\t\t\t\t\t\t\t\t<span class=\"elementor-button-text\">POGLEJ VODNIK<\/span>\n\t\t\t\t\t<\/span>\n\t\t\t\t\t<\/a>\n\t\t\t\t\t\t\t\t<\/div>\n\t\t\t\t<\/div>\n\t\t<div class=\"elementor-element elementor-element-ebecf49 e-con-full e-flex e-con e-child\" data-id=\"ebecf49\" data-element_type=\"container\" data-settings=\"{&quot;background_background&quot;:&quot;classic&quot;}\">\n\t\t\t\t<div class=\"elementor-element elementor-element-1682603 elementor-widget elementor-widget-heading\" data-id=\"1682603\" data-element_type=\"widget\" data-widget_type=\"heading.default\">\n\t\t\t\t\t<h4 class=\"elementor-heading-title elementor-size-default\">Davki na nepremi\u010dnine na Hrva\u0161kem <\/h4>\t\t\t\t<\/div>\n\t\t\t\t<div class=\"elementor-element elementor-element-ebb7d43 elementor-widget elementor-widget-text-editor\" data-id=\"ebb7d43\" data-element_type=\"widget\" data-widget_type=\"text-editor.default\">\n\t\t\t\t\t\t\t\t\t<p data-start=\"8285\" data-end=\"8468\">Katere stro\u0161ke lahko pri\u010dakujete, \u010de na\u010drtujete nakup ali prodajo nepremi\u010dnine na Hrva\u0161kem in katere davke na nepremi\u010dnine pozna Hrva\u0161ka \u2013 preberite na\u0161 celovit vodi\u010d, da izveste ve\u010d.<\/p>\t\t\t\t\t\t\t\t<\/div>\n\t\t\t\t<div class=\"elementor-element elementor-element-defe243 elementor-widget elementor-widget-button\" data-id=\"defe243\" data-element_type=\"widget\" data-widget_type=\"button.default\">\n\t\t\t\t\t\t\t\t\t\t<a class=\"elementor-button elementor-button-link elementor-size-sm\" href=\"\/sl\/vodniki\/davek-na-nepremicnine-na-hrvaskem-popoln-vodnik\/\">\n\t\t\t\t\t\t<span class=\"elementor-button-content-wrapper\">\n\t\t\t\t\t\t\t\t\t<span class=\"elementor-button-text\">POGLEJ VODNIK<\/span>\n\t\t\t\t\t<\/span>\n\t\t\t\t\t<\/a>\n\t\t\t\t\t\t\t\t<\/div>\n\t\t\t\t<\/div>\n\t\t\t\t<\/div>\n\t\t\t\t\t<\/div>\n\t\t\t\t<\/div>\n\t\t\t\t<\/div>\n\t\t","protected":false},"excerpt":{"rendered":"<p>Ne glede na to, ali nameravate kupiti, prodati ali najeti nepremi\u010dnino, Hrva\u0161ka ponuja \u0161tevilne prilo\u017enosti, vendar je postopek lahko zmeden zaradi razli\u010dnih pravnih postopkov, davkov in drugih pomembnih dejavnikov. Na\u0161e poslanstvo je poenostaviti vse vidike, povezane z nepremi\u010dninami, in vam zagotoviti vse potrebne informacije, da boste sprejeli informirano odlo\u010ditev in z lahkoto \u0161li skozi vsak [&hellip;]<\/p>\n","protected":false},"author":2,"featured_media":0,"parent":0,"menu_order":0,"comment_status":"closed","ping_status":"closed","template":"","meta":{"inline_featured_image":false,"footnotes":""},"class_list":["post-5647","page","type-page","status-publish","hentry"],"_links":{"self":[{"href":"https:\/\/solhome.hr\/sl\/wp-json\/wp\/v2\/pages\/5647","targetHints":{"allow":["GET"]}}],"collection":[{"href":"https:\/\/solhome.hr\/sl\/wp-json\/wp\/v2\/pages"}],"about":[{"href":"https:\/\/solhome.hr\/sl\/wp-json\/wp\/v2\/types\/page"}],"author":[{"embeddable":true,"href":"https:\/\/solhome.hr\/sl\/wp-json\/wp\/v2\/users\/2"}],"replies":[{"embeddable":true,"href":"https:\/\/solhome.hr\/sl\/wp-json\/wp\/v2\/comments?post=5647"}],"version-history":[{"count":18,"href":"https:\/\/solhome.hr\/sl\/wp-json\/wp\/v2\/pages\/5647\/revisions"}],"predecessor-version":[{"id":52290,"href":"https:\/\/solhome.hr\/sl\/wp-json\/wp\/v2\/pages\/5647\/revisions\/52290"}],"wp:attachment":[{"href":"https:\/\/solhome.hr\/sl\/wp-json\/wp\/v2\/media?parent=5647"}],"curies":[{"name":"wp","href":"https:\/\/api.w.org\/{rel}","templated":true}]}}