{"id":5645,"date":"2025-08-01T11:06:20","date_gmt":"2025-08-01T11:06:20","guid":{"rendered":"https:\/\/musing-rosalind.135-181-117-101.plesk.page\/?page_id=5645"},"modified":"2025-11-17T16:47:48","modified_gmt":"2025-11-17T16:47:48","slug":"sprievodcovia","status":"publish","type":"page","link":"https:\/\/solhome.hr\/sk\/sprievodcovia\/","title":{"rendered":"Sprievodcovia"},"content":{"rendered":"\t\t<div data-elementor-type=\"wp-page\" data-elementor-id=\"5645\" class=\"elementor elementor-5645 elementor-3261\" data-elementor-post-type=\"page\">\n\t\t\t\t<div class=\"elementor-element elementor-element-761daba e-flex e-con-boxed e-con e-parent\" data-id=\"761daba\" data-element_type=\"container\">\n\t\t\t\t\t<div class=\"e-con-inner\">\n\t\t\t\t\t<\/div>\n\t\t\t\t<\/div>\n\t\t<div class=\"elementor-element elementor-element-82ebc03 e-flex e-con-boxed e-con e-parent\" data-id=\"82ebc03\" data-element_type=\"container\">\n\t\t\t\t\t<div class=\"e-con-inner\">\n\t\t\t\t<div class=\"elementor-element elementor-element-89bfcc6 elementor-widget elementor-widget-text-editor\" data-id=\"89bfcc6\" data-element_type=\"widget\" data-widget_type=\"text-editor.default\">\n\t\t\t\t\t\t\t\t\t<p>\u010ci u\u017e pl\u00e1nujete k\u00fapi\u0165, preda\u0165 alebo prenaja\u0165 nehnute\u013enos\u0165, Chorv\u00e1tsko pon\u00faka mno\u017estvo pr\u00edle\u017eitost\u00ed, no proces m\u00f4\u017ee by\u0165 m\u00e4t\u00faci kv\u00f4li r\u00f4znym pr\u00e1vnym postupom, daniam a \u010fal\u0161\u00edm d\u00f4le\u017eit\u00fdm faktorom. Na\u0161ou misiou je zjednodu\u0161i\u0165 v\u0161etky aspekty spojen\u00e9 s nehnute\u013enos\u0165ami a poskytn\u00fa\u0165 v\u00e1m v\u0161etky potrebn\u00e9 inform\u00e1cie, aby ste mohli urobi\u0165 informovan\u00e9 rozhodnutie a prejs\u0165 ka\u017ed\u00fdm krokom s \u013eahkos\u0165ou.<\/p>\t\t\t\t\t\t\t\t<\/div>\n\t\t\t\t\t<\/div>\n\t\t\t\t<\/div>\n\t\t<div class=\"elementor-element elementor-element-4e48d47 e-flex e-con-boxed e-con e-parent\" data-id=\"4e48d47\" data-element_type=\"container\">\n\t\t\t\t\t<div class=\"e-con-inner\">\n\t\t<div class=\"elementor-element elementor-element-3790d3c e-con-full e-flex e-con e-child\" data-id=\"3790d3c\" data-element_type=\"container\" data-settings=\"{&quot;background_background&quot;:&quot;classic&quot;}\">\n\t\t\t\t<div class=\"elementor-element elementor-element-dde1a52 elementor-widget elementor-widget-heading\" data-id=\"dde1a52\" data-element_type=\"widget\" data-widget_type=\"heading.default\">\n\t\t\t\t\t<h4 class=\"elementor-heading-title elementor-size-default\">K\u00fapa nehnute\u013enosti v Chorv\u00e1tsku <\/h4>\t\t\t\t<\/div>\n\t\t\t\t<div class=\"elementor-element elementor-element-2f458ff elementor-hidden-tablet elementor-hidden-mobile elementor-widget elementor-widget-text-editor\" data-id=\"2f458ff\" data-element_type=\"widget\" data-widget_type=\"text-editor.default\">\n\t\t\t\t\t\t\t\t\t<p data-start=\"6527\" data-end=\"6968\">Aby cel\u00fd proces k\u00fapy prebiehal hladko, je d\u00f4le\u017eit\u00e9 vopred si pripravi\u0165 finan\u010dn\u00fd pl\u00e1n a skontrolova\u0165 dokument\u00e1ciu nehnute\u013enosti, ako je list vlastn\u00edctva a stavebn\u00e9 povolenie. Odpor\u00fa\u010dame naja\u0165 si realitn\u00e9ho makl\u00e9ra, ktor\u00fd v\u00e1s prevedie rokovan\u00edm, zabezpe\u010d\u00ed f\u00e9rov\u00fa cenu v s\u00falade s trhom a pom\u00f4\u017ee v\u00e1m so v\u0161etk\u00fdmi administrat\u00edvnymi povinnos\u0165ami. N\u00e1\u0161 sprievodca v\u00e1m pom\u00f4\u017ee k\u00fapi\u0165 nehnute\u013enos\u0165 r\u00fdchlo, za najlep\u0161iu cenu a bez ne\u017eiaducich komplik\u00e1ci\u00ed.<\/p>\t\t\t\t\t\t\t\t<\/div>\n\t\t\t\t<div class=\"elementor-element elementor-element-872f646 elementor-hidden-desktop elementor-widget elementor-widget-text-editor\" data-id=\"872f646\" data-element_type=\"widget\" data-widget_type=\"text-editor.default\">\n\t\t\t\t\t\t\t\t\t<p data-start=\"6970\" data-end=\"7134\">Ak ste sa niekedy p\u00fdtali, ako k\u00fapi\u0165 nehnute\u013enos\u0165 v Chorv\u00e1tsku a ak\u00e9 postupy je potrebn\u00e9 dodr\u017ea\u0165 \u2013 pre\u010d\u00edtajte si n\u00e1\u0161ho sprievodcu n\u00e1kupom nehnute\u013enost\u00ed v Chorv\u00e1tsku.<\/p>\t\t\t\t\t\t\t\t<\/div>\n\t\t\t\t<div class=\"elementor-element elementor-element-801067f elementor-widget elementor-widget-button\" data-id=\"801067f\" data-element_type=\"widget\" data-widget_type=\"button.default\">\n\t\t\t\t\t\t\t\t\t\t<a class=\"elementor-button elementor-button-link elementor-size-sm\" href=\"\/sk\/sprievodcovia\/kupa-nehnutelnosti-v-chorvatsku-sprievodca-kupou\/\">\n\t\t\t\t\t\t<span class=\"elementor-button-content-wrapper\">\n\t\t\t\t\t\t\t\t\t<span class=\"elementor-button-text\">ZOBRAZI\u0164 SPRIEVODCU<\/span>\n\t\t\t\t\t<\/span>\n\t\t\t\t\t<\/a>\n\t\t\t\t\t\t\t\t<\/div>\n\t\t\t\t<\/div>\n\t\t<div class=\"elementor-element elementor-element-92e482e e-con-full e-flex e-con e-child\" data-id=\"92e482e\" data-element_type=\"container\">\n\t\t<div class=\"elementor-element elementor-element-fe3506d e-con-full e-flex e-con e-child\" data-id=\"fe3506d\" data-element_type=\"container\" data-settings=\"{&quot;background_background&quot;:&quot;classic&quot;}\">\n\t\t\t\t<div class=\"elementor-element elementor-element-4d22cb5 elementor-widget elementor-widget-heading\" data-id=\"4d22cb5\" data-element_type=\"widget\" data-widget_type=\"heading.default\">\n\t\t\t\t\t<h4 class=\"elementor-heading-title elementor-size-default\">Predaj nehnute\u013enosti v Chorv\u00e1tsku<\/h4>\t\t\t\t<\/div>\n\t\t\t\t<div class=\"elementor-element elementor-element-c0dfb42 elementor-widget elementor-widget-text-editor\" data-id=\"c0dfb42\" data-element_type=\"widget\" data-widget_type=\"text-editor.default\">\n\t\t\t\t\t\t\t\t\t<p data-start=\"7136\" data-end=\"7289\">Ak v\u00e1s zauj\u00edma, ako preda\u0165 nehnute\u013enos\u0165 r\u00fdchlo a bez stresu pri dodr\u017ean\u00ed v\u0161etk\u00fdch z\u00e1konn\u00fdch postupov, pre\u010d\u00edtajte si sprievodcu a zistite v\u0161etko potrebn\u00e9!<\/p>\t\t\t\t\t\t\t\t<\/div>\n\t\t\t\t<div class=\"elementor-element elementor-element-63eef57 elementor-widget elementor-widget-button\" data-id=\"63eef57\" data-element_type=\"widget\" data-widget_type=\"button.default\">\n\t\t\t\t\t\t\t\t\t\t<a class=\"elementor-button elementor-button-link elementor-size-sm\" href=\"\/sk\/sprievodcovia\/predaj-nehnutelnosti-v-chorvatsku-kompletny-sprievodca\/\">\n\t\t\t\t\t\t<span class=\"elementor-button-content-wrapper\">\n\t\t\t\t\t\t\t\t\t<span class=\"elementor-button-text\">ZOBRAZI\u0164 SPRIEVODCU<\/span>\n\t\t\t\t\t<\/span>\n\t\t\t\t\t<\/a>\n\t\t\t\t\t\t\t\t<\/div>\n\t\t\t\t<\/div>\n\t\t<div class=\"elementor-element elementor-element-ebecf49 e-con-full e-flex e-con e-child\" data-id=\"ebecf49\" data-element_type=\"container\" data-settings=\"{&quot;background_background&quot;:&quot;classic&quot;}\">\n\t\t\t\t<div class=\"elementor-element elementor-element-1682603 elementor-widget elementor-widget-heading\" data-id=\"1682603\" data-element_type=\"widget\" data-widget_type=\"heading.default\">\n\t\t\t\t\t<h4 class=\"elementor-heading-title elementor-size-default\">Dane z nehnute\u013enost\u00ed v Chorv\u00e1tsku<\/h4>\t\t\t\t<\/div>\n\t\t\t\t<div class=\"elementor-element elementor-element-ebb7d43 elementor-widget elementor-widget-text-editor\" data-id=\"ebb7d43\" data-element_type=\"widget\" data-widget_type=\"text-editor.default\">\n\t\t\t\t\t\t\t\t\t<p data-start=\"7291\" data-end=\"7482\">Ak\u00e9 n\u00e1klady m\u00f4\u017eete o\u010dak\u00e1va\u0165, ak pl\u00e1nujete k\u00fapi\u0165 alebo preda\u0165 nehnute\u013enos\u0165 v Chorv\u00e1tsku a ak\u00e9 dane z nehnute\u013enost\u00ed existuj\u00fa \u2013 pre\u010d\u00edtajte si n\u00e1\u0161 kompletn\u00fd sprievodca, aby ste sa dozvedeli viac.<\/p>\t\t\t\t\t\t\t\t<\/div>\n\t\t\t\t<div class=\"elementor-element elementor-element-defe243 elementor-widget elementor-widget-button\" data-id=\"defe243\" data-element_type=\"widget\" data-widget_type=\"button.default\">\n\t\t\t\t\t\t\t\t\t\t<a class=\"elementor-button elementor-button-link elementor-size-sm\" href=\"\/sk\/sprievodcovia\/dane-z-nehnutelnosti-v-chorvatsku-kompletny-sprievodca\/\">\n\t\t\t\t\t\t<span class=\"elementor-button-content-wrapper\">\n\t\t\t\t\t\t\t\t\t<span class=\"elementor-button-text\">ZOBRAZI\u0164 SPRIEVODCU<\/span>\n\t\t\t\t\t<\/span>\n\t\t\t\t\t<\/a>\n\t\t\t\t\t\t\t\t<\/div>\n\t\t\t\t<\/div>\n\t\t\t\t<\/div>\n\t\t\t\t\t<\/div>\n\t\t\t\t<\/div>\n\t\t\t\t<\/div>\n\t\t","protected":false},"excerpt":{"rendered":"<p>\u010ci u\u017e pl\u00e1nujete k\u00fapi\u0165, preda\u0165 alebo prenaja\u0165 nehnute\u013enos\u0165, Chorv\u00e1tsko pon\u00faka mno\u017estvo pr\u00edle\u017eitost\u00ed, no proces m\u00f4\u017ee by\u0165 m\u00e4t\u00faci kv\u00f4li r\u00f4znym pr\u00e1vnym postupom, daniam a \u010fal\u0161\u00edm d\u00f4le\u017eit\u00fdm faktorom. Na\u0161ou misiou je zjednodu\u0161i\u0165 v\u0161etky aspekty spojen\u00e9 s nehnute\u013enos\u0165ami a poskytn\u00fa\u0165 v\u00e1m v\u0161etky potrebn\u00e9 inform\u00e1cie, aby ste mohli urobi\u0165 informovan\u00e9 rozhodnutie a prejs\u0165 ka\u017ed\u00fdm krokom s \u013eahkos\u0165ou. K\u00fapa nehnute\u013enosti [&hellip;]<\/p>\n","protected":false},"author":2,"featured_media":0,"parent":0,"menu_order":0,"comment_status":"closed","ping_status":"closed","template":"","meta":{"inline_featured_image":false,"footnotes":""},"class_list":["post-5645","page","type-page","status-publish","hentry"],"_links":{"self":[{"href":"https:\/\/solhome.hr\/sk\/wp-json\/wp\/v2\/pages\/5645","targetHints":{"allow":["GET"]}}],"collection":[{"href":"https:\/\/solhome.hr\/sk\/wp-json\/wp\/v2\/pages"}],"about":[{"href":"https:\/\/solhome.hr\/sk\/wp-json\/wp\/v2\/types\/page"}],"author":[{"embeddable":true,"href":"https:\/\/solhome.hr\/sk\/wp-json\/wp\/v2\/users\/2"}],"replies":[{"embeddable":true,"href":"https:\/\/solhome.hr\/sk\/wp-json\/wp\/v2\/comments?post=5645"}],"version-history":[{"count":14,"href":"https:\/\/solhome.hr\/sk\/wp-json\/wp\/v2\/pages\/5645\/revisions"}],"predecessor-version":[{"id":52287,"href":"https:\/\/solhome.hr\/sk\/wp-json\/wp\/v2\/pages\/5645\/revisions\/52287"}],"wp:attachment":[{"href":"https:\/\/solhome.hr\/sk\/wp-json\/wp\/v2\/media?parent=5645"}],"curies":[{"name":"wp","href":"https:\/\/api.w.org\/{rel}","templated":true}]}}