{"id":5673,"date":"2025-09-03T08:42:20","date_gmt":"2025-09-03T08:42:20","guid":{"rendered":"https:\/\/musing-rosalind.135-181-117-101.plesk.page\/?page_id=5673"},"modified":"2025-11-05T15:03:26","modified_gmt":"2025-11-05T15:03:26","slug":"uslugi","status":"publish","type":"page","link":"https:\/\/solhome.hr\/pl\/uslugi\/","title":{"rendered":"US\u0141UGI"},"content":{"rendered":"\t\t<div data-elementor-type=\"wp-page\" data-elementor-id=\"5673\" class=\"elementor elementor-5673 elementor-4125\" data-elementor-post-type=\"page\">\n\t\t\t\t<div class=\"elementor-element elementor-element-ef68aa9 e-flex e-con-boxed e-con e-parent\" data-id=\"ef68aa9\" data-element_type=\"container\">\n\t\t\t\t\t<div class=\"e-con-inner\">\n\t\t\t\t\t<\/div>\n\t\t\t\t<\/div>\n\t\t<div class=\"elementor-element elementor-element-c07ad6a e-flex e-con-boxed e-con e-parent\" data-id=\"c07ad6a\" data-element_type=\"container\">\n\t\t\t\t\t<div class=\"e-con-inner\">\n\t\t<div class=\"elementor-element elementor-element-ecd69b5 e-con-full e-flex e-con e-child\" data-id=\"ecd69b5\" data-element_type=\"container\" data-settings=\"{&quot;background_background&quot;:&quot;classic&quot;}\">\n\t\t<div class=\"elementor-element elementor-element-f810920 e-con-full e-flex e-con e-child\" data-id=\"f810920\" data-element_type=\"container\" data-settings=\"{&quot;background_background&quot;:&quot;classic&quot;}\">\n\t\t\t\t<div class=\"elementor-element elementor-element-ccab355 elementor-widget__width-inherit elementor-widget elementor-widget-heading\" data-id=\"ccab355\" data-element_type=\"widget\" id=\"pk\" data-widget_type=\"heading.default\">\n\t\t\t\t\t<h2 class=\"elementor-heading-title elementor-size-default\">Po\u015brednictwo w zakupie nieruchomo\u015bci\n<\/h2>\t\t\t\t<\/div>\n\t\t\t\t<div class=\"elementor-element elementor-element-9b47569 elementor-widget elementor-widget-text-editor\" data-id=\"9b47569\" data-element_type=\"widget\" data-widget_type=\"text-editor.default\">\n\t\t\t\t\t\t\t\t\t<p>Zgodnie z wyra\u017conymi przez Pa\u0144stwa interesima, pomagamy znale\u017a\u0107 nieruchomo\u015b\u0107 marze\u0144. Niezale\u017cnie od tego, czy szukaj\u0105 Pa\u0144stwo domu wakacyjnego, luksusowych apartament\u00f3w przeznaczonych na wynajem przez ca\u0142y rok, dom\u00f3w lub willi nad morzem, kt\u00f3re b\u0119d\u0105 wykorzystywane do odpoczynku w letnich miesi\u0105cach \u2013 do Pa\u0144stwa dyspozycji pozostajemy we wszystkim, czego Pa\u0144stwo pragn\u0105 i potrzebuj\u0105.<\/p><p><a href=\"#pk-d\">Przeczytaj wi\u0119cej<\/a><\/p>\t\t\t\t\t\t\t\t<\/div>\n\t\t\t\t<div class=\"elementor-element elementor-element-f2d77b8 elementor-widget__width-inherit elementor-widget elementor-widget-heading\" data-id=\"f2d77b8\" data-element_type=\"widget\" id=\"pp\" data-widget_type=\"heading.default\">\n\t\t\t\t\t<h2 class=\"elementor-heading-title elementor-size-default\">Po\u015brednictwo w sprzeda\u017cy nieruchomo\u015bci\n<\/h2>\t\t\t\t<\/div>\n\t\t\t\t<div class=\"elementor-element elementor-element-bb2738b elementor-widget elementor-widget-text-editor\" data-id=\"bb2738b\" data-element_type=\"widget\" data-widget_type=\"text-editor.default\">\n\t\t\t\t\t\t\t\t\t<p>Je\u017celi posiadaj\u0105 Pa\u0144stwo nieruchomo\u015b\u0107, kt\u00f3ra nie jest u\u017cytkowana i stanowi obci\u0105\u017cenie finansowe, przez co cz\u0119sto rozwa\u017caj\u0105 Pa\u0144stwo potencjalny zysk ze sprzeda\u017cy \u2013 prosimy o kontakt, aby\u015bmy wsp\u00f3lnie mogli znale\u017a\u0107 najlepsze rozwi\u0105zanie. Niezale\u017cnie od tego, czy zdecydowali si\u0119 Pa\u0144stwo sprzeda\u0107 dom rodzinny, apartament nad morzem, dzia\u0142k\u0119 budowlan\u0105 lub luksusow\u0105 will\u0119 w pobli\u017cu wybrze\u017ca \u2013 <strong>Solhome<\/strong> to agencja, kt\u00f3ra zapewni sprzeda\u017c nieruchomo\u015bci w cenie odzwierciedlaj\u0105cej jej rzeczywist\u0105 warto\u015b\u0107.<\/p><p><a href=\"#pp-d\">Przeczytaj wi\u0119cej<\/a><\/p>\t\t\t\t\t\t\t\t<\/div>\n\t\t\t\t<div class=\"elementor-element elementor-element-145a3fb elementor-widget__width-inherit elementor-widget elementor-widget-heading\" data-id=\"145a3fb\" data-element_type=\"widget\" id=\"ap\" data-widget_type=\"heading.default\">\n\t\t\t\t\t<h2 class=\"elementor-heading-title elementor-size-default\">Administracyjna i prawna pomoc\n<\/h2>\t\t\t\t<\/div>\n\t\t\t\t<div class=\"elementor-element elementor-element-ba4aaea elementor-widget elementor-widget-text-editor\" data-id=\"ba4aaea\" data-element_type=\"widget\" data-widget_type=\"text-editor.default\">\n\t\t\t\t\t\t\t\t\t<p>Niezale\u017cnie od tego, czy zdecydowali si\u0119 Pa\u0144stwo kupi\u0107 nieruchomo\u015b\u0107 na chorwackim wybrze\u017cu, czy te\u017c sprzeda\u0107 w\u0142asn\u0105 \u2013 najwi\u0119kszy stres zazwyczaj powoduj\u0105 przepisy prawne i procedury administracyjne. Aby oszcz\u0119dzi\u0107 Pa\u0144stwu czas po\u015bwi\u0119cony na analizowanie dokumentacji niezb\u0119dnej w procesie kupna-sprzeda\u017cy \u2013 pozostajemy do dyspozycji we wszystkich kwestiach administracyjnych i prawnych, jak r\u00f3wnie\u017c w przypadku pojawienia si\u0119 jakichkolwiek w\u0105tpliwo\u015bci. Bez wzgl\u0119du na to, czy potrzebuj\u0105 Pa\u0144stwo wsparcia przed, w trakcie czy po transakcji \u2013 <strong>Solhome<\/strong> zna odpowiedzi na wszystkie pytania.<\/p><p><a href=\"#ap-d\">Przeczytaj wi\u0119cej<\/a><\/p>\t\t\t\t\t\t\t\t<\/div>\n\t\t\t\t<div class=\"elementor-element elementor-element-2bc5bbf elementor-widget__width-inherit elementor-widget elementor-widget-heading\" data-id=\"2bc5bbf\" data-element_type=\"widget\" id=\"ppn\" data-widget_type=\"heading.default\">\n\t\t\t\t\t<h2 class=\"elementor-heading-title elementor-size-default\">Prezentacja i promocja nieruchomo\u015bci<\/h2>\t\t\t\t<\/div>\n\t\t\t\t<div class=\"elementor-element elementor-element-dd7dabc elementor-widget elementor-widget-text-editor\" data-id=\"dd7dabc\" data-element_type=\"widget\" data-widget_type=\"text-editor.default\">\n\t\t\t\t\t\t\t\t\t<p>Je\u017celi sprzedaj\u0105 Pa\u0144stwo nieruchomo\u015b\u0107, zas\u0142uguje ona na to, by zosta\u0142a przedstawiona w najlepszy mo\u017cliwy spos\u00f3b. Zastanawiaj\u0105 si\u0119 Pa\u0144stwo, co to dok\u0142adnie oznacza? Pozw\u00f3lcie, \u017ce odpowiemy \u2013 profesjonalna prezentacja nieruchomo\u015bci obejmuje zdj\u0119cia wykonane pod najlepszymi k\u0105tami, a tak\u017ce materia\u0142 wideo, kt\u00f3ry podkre\u015bli ka\u017cdy detal mog\u0105cy zwr\u00f3ci\u0107 uwag\u0119 potencjalnego kupuj\u0105cego. Nasze starania, aby ukaza\u0107 nieruchomo\u015b\u0107 w jak najlepszym \u015bwietle, zach\u0119c\u0105 kupuj\u0105cego do bli\u017cszego zapoznania si\u0119 w\u0142a\u015bnie z Pa\u0144stwa ofert\u0105, mimo szerokiej dost\u0119pno\u015bci podobnych nieruchomo\u015bci na rynku.<\/p><p><a href=\"#ppn-d\">Przeczytaj wi\u0119cej<\/a><\/p>\t\t\t\t\t\t\t\t<\/div>\n\t\t\t\t<div class=\"elementor-element elementor-element-ad2aeb2 elementor-widget__width-inherit elementor-widget elementor-widget-heading\" data-id=\"ad2aeb2\" data-element_type=\"widget\" id=\"du\" data-widget_type=\"heading.default\">\n\t\t\t\t\t<h2 class=\"elementor-heading-title elementor-size-default\">Dodatkowe us\u0142ugi na \u017cyczenie<\/h2>\t\t\t\t<\/div>\n\t\t\t\t<div class=\"elementor-element elementor-element-acdb973 elementor-widget elementor-widget-text-editor\" data-id=\"acdb973\" data-element_type=\"widget\" data-widget_type=\"text-editor.default\">\n\t\t\t\t\t\t\t\t\t<p>Nasze podstawowe us\u0142ugi dotycz\u0105 po\u015brednictwa w kupnie i sprzeda\u017cy nieruchomo\u015bci, a nasz\u0105 g\u0142\u00f3wn\u0105 misj\u0105 jest \u0142\u0105czenie kupuj\u0105cych z nieruchomo\u015bciami marze\u0144, kt\u00f3re spe\u0142ni\u0105 wszystkie ich oczekiwania. Jednak to, co r\u00f3wnie\u017c oferujemy, to spersonalizowane wsparcie, poniewa\u017c dla nas ka\u017cda wsp\u00f3\u0142praca jest wyj\u0105tkow\u0105 histori\u0105, kt\u00f3rej po\u015bwi\u0119camy szczeg\u00f3ln\u0105 uwag\u0119. Jeste\u015bmy do Pa\u0144stwa dyspozycji, aby pom\u00f3c sprzeda\u0107 lub kupi\u0107 nieruchomo\u015b\u0107, ale r\u00f3wnie\u017c, aby doradza\u0107 i asystowa\u0107 we wszystkich wyzwaniach, kt\u00f3re mog\u0105 pojawi\u0107 si\u0119 przed, w trakcie oraz po procesie kupna-sprzeda\u017cy.<\/p><p><a href=\"#dodatno\">Przeczytaj wi\u0119cej<\/a><\/p>\t\t\t\t\t\t\t\t<\/div>\n\t\t\t\t<\/div>\n\t\t<div class=\"elementor-element elementor-element-7f6ba8d e-con-full e-flex e-con e-child\" data-id=\"7f6ba8d\" data-element_type=\"container\" data-settings=\"{&quot;background_background&quot;:&quot;classic&quot;}\">\n\t\t\t\t<div class=\"elementor-element elementor-element-bdba83f elementor-widget__width-inherit elementor-widget elementor-widget-heading\" data-id=\"bdba83f\" data-element_type=\"widget\" id=\"pk-d\" data-widget_type=\"heading.default\">\n\t\t\t\t\t<h3 class=\"elementor-heading-title elementor-size-default\">Nasza us\u0142uga po\u015brednictwa w zakupie nieruchomo\u015bci obejmuje:<\/h3>\t\t\t\t<\/div>\n\t\t\t\t<div class=\"elementor-element elementor-element-ca46e48 elementor-widget elementor-widget-text-editor\" data-id=\"ca46e48\" data-element_type=\"widget\" data-widget_type=\"text-editor.default\">\n\t\t\t\t\t\t\t\t\t<ol><li data-start=\"191\" data-end=\"343\">Spotkanie wst\u0119pne, podczas kt\u00f3rego przedstawi\u0105 nam Pa\u0144stwo swoje \u017cyczenia i potrzeby \u2013 kt\u00f3re b\u0119d\u0105 kluczowe w znalezieniu nieruchomo\u015bci Pa\u0144stwa marze\u0144.<\/li><li data-start=\"347\" data-end=\"451\">Informowanie o najatrakcyjniejszych lokalizacjach w Chorwacji oraz op\u0142acalnych opcjach inwestycyjnych.<\/li><li data-start=\"455\" data-end=\"532\">Analiza rynku i rekomendacje nieruchomo\u015bci zgodnie z Pa\u0144stwa preferencjami.<\/li><li data-start=\"536\" data-end=\"593\">Organizacja podr\u00f3\u017cy i termin\u00f3w ogl\u0105dania nieruchomo\u015bci.<\/li><li data-start=\"597\" data-end=\"801\">Inspekcja wybranej przez Pa\u0144stwa nieruchomo\u015bci \u2013 sprawdzenie poprawno\u015bci dokumentacji (ksi\u0119gi wieczystej oraz wszystkich innych dokument\u00f3w potwierdzaj\u0105cych, \u017ce nieruchomo\u015b\u0107 jest w pe\u0142ni zalegalizowana).<\/li><li data-start=\"805\" data-end=\"913\">Negocjacje ceny nieruchomo\u015bci oraz z\u0142o\u017cenie oferty \u2013 we wsp\u00f3\u0142pracy i uzgodnieniu z Pa\u0144stwem jako klientem.<\/li><li data-start=\"917\" data-end=\"1012\">Rezerwacja nieruchomo\u015bci, kontakt z kancelari\u0105 adwokack\u0105 oraz podpisanie umowy przedwst\u0119pnej.<\/li><li data-start=\"1016\" data-end=\"1133\">Po spe\u0142nieniu warunk\u00f3w wynikaj\u0105cych z umowy przedwst\u0119pnej \u2013 organizujemy podpisanie i po\u015bwiadczenie umowy ko\u0144cowej.<\/li><li data-start=\"1137\" data-end=\"1341\">Przeniesienie w\u0142asno\u015bci oraz medi\u00f3w na Pa\u0144stwa nazwisko, w przypadku zakupu nieruchomo\u015bci. Dostarczenie wszystkich dokument\u00f3w potwierdzaj\u0105cych prawid\u0142owe przeprowadzenie procesu przeniesienia w\u0142asno\u015bci.<\/li><li data-start=\"1346\" data-end=\"1639\">Wsparcie i doradztwo po transakcji \u2013 je\u015bli Pa\u0144stwo zechc\u0105, mo\u017cemy po\u0142\u0105czy\u0107 Was z firm\u0105 zajmuj\u0105c\u0105 si\u0119 utrzymaniem nieruchomo\u015bci, doradc\u0105 podatkowym w przypadku planowanego otwarcia firmy w Chorwacji, a tak\u017ce z biurem architektonicznym, kt\u00f3re mo\u017ce pom\u00f3c w projektowaniu przebudowy nieruchomo\u015bci.<\/li><\/ol>\t\t\t\t\t\t\t\t<\/div>\n\t\t\t\t<div class=\"elementor-element elementor-element-845fe42 elementor-widget elementor-widget-button\" data-id=\"845fe42\" data-element_type=\"widget\" data-widget_type=\"button.default\">\n\t\t\t\t\t\t\t\t\t\t<a class=\"elementor-button elementor-button-link elementor-size-sm\" href=\"\/pl\/kontakt\/\">\n\t\t\t\t\t\t<span class=\"elementor-button-content-wrapper\">\n\t\t\t\t\t\t\t\t\t<span class=\"elementor-button-text\">Z\u0142\u00f3\u017c zapytanie o konsultacj\u0119<\/span>\n\t\t\t\t\t<\/span>\n\t\t\t\t\t<\/a>\n\t\t\t\t\t\t\t\t<\/div>\n\t\t\t\t<div class=\"elementor-element elementor-element-7ca21a9 elementor-widget__width-inherit elementor-widget elementor-widget-heading\" data-id=\"7ca21a9\" data-element_type=\"widget\" id=\"pp-d\" data-widget_type=\"heading.default\">\n\t\t\t\t\t<h3 class=\"elementor-heading-title elementor-size-default\">Nasza us\u0142uga po\u015brednictwa w sprzeda\u017cy nieruchomo\u015bci obejmuje:<\/h3>\t\t\t\t<\/div>\n\t\t\t\t<div class=\"elementor-element elementor-element-627ee92 elementor-widget elementor-widget-text-editor\" data-id=\"627ee92\" data-element_type=\"widget\" data-widget_type=\"text-editor.default\">\n\t\t\t\t\t\t\t\t\t<ol><li data-start=\"1754\" data-end=\"1907\">Spotkanie wst\u0119pne, podczas kt\u00f3rego przedstawimy Pa\u0144stwu proces sprzeda\u017cy nieruchomo\u015bci w Chorwacji, a Pa\u0144stwo podziel\u0105 si\u0119 z nami swoimi oczekiwaniami.<\/li><li data-start=\"1911\" data-end=\"2045\">Podpisanie umowy o wsp\u00f3\u0142pracy \u2013 je\u015bli uzgodnimy wsp\u00f3lne warunki, podpisanie umowy jest konieczne do kontynuowania procesu sprzeda\u017cy.<\/li><li data-start=\"2049\" data-end=\"2200\">Zapoznanie si\u0119 z nieruchomo\u015bci\u0105 \u2013 obejrzymy Pa\u0144stwa nieruchomo\u015b\u0107 i poprosimy o jak najwi\u0119cej informacji na jej temat, aby uzyska\u0107 pe\u0142en obraz oferty.<\/li><li data-start=\"2204\" data-end=\"2496\">Wycena nieruchomo\u015bci \u2013 etap, w kt\u00f3rym przedstawiamy profesjonaln\u0105 i realn\u0105 ocen\u0119 warto\u015bci Pa\u0144stwa maj\u0105tku, na podstawie szeregu kryteri\u00f3w (lokalizacja, stan i wiek, dost\u0119pna dokumentacja, powierzchnia, rynkowe por\u00f3wnanie cen podobnych obiekt\u00f3w oraz wszelkie dodatkowe walory nieruchomo\u015bci).<\/li><li data-start=\"2500\" data-end=\"2680\">Organizacja profesjonalnej fotografii \u2013 zapewniamy us\u0142ug\u0119 profesjonalnego fotografowania nieruchomo\u015bci oraz prezentacji wideo, aby podkre\u015bli\u0107 pe\u0142ny potencja\u0142 oferowanego obiektu.<\/li><li data-start=\"2684\" data-end=\"2752\">Organizacja ogl\u0119dzin oraz komunikacja z zainteresowanymi stronami.<\/li><li data-start=\"2756\" data-end=\"2839\">Sprawdzenie poprawno\u015bci dokumentacji wymaganej do podpisania umowy przedwst\u0119pnej.<\/li><li data-start=\"2843\" data-end=\"3017\">Wsparcie prawne i administracyjne \u2013 przygotowanie umowy przedwst\u0119pnej we wsp\u00f3\u0142pracy z kancelari\u0105 prawn\u0105 oraz uzgodnienie warunk\u00f3w sprzeda\u017cy satysfakcjonuj\u0105cych obie strony.<\/li><li data-start=\"3021\" data-end=\"3202\">Przygotowanie i podpisanie umowy ko\u0144cowej oraz przeniesienie w\u0142asno\u015bci \u2013 etap ko\u0144cowy, po kt\u00f3rym przekazujemy Pa\u0144stwu potwierdzenia przeniesienia w\u0142asno\u015bci na nazwisko kupuj\u0105cego.<\/li><li data-start=\"3207\" data-end=\"3301\">Wsparcie i doradztwo po sprzeda\u017cy \u2013 pozostajemy do dyspozycji tak\u017ce po zako\u0144czeniu transakcji.<\/li><\/ol>\t\t\t\t\t\t\t\t<\/div>\n\t\t\t\t<div class=\"elementor-element elementor-element-65fb4f2 elementor-widget elementor-widget-button\" data-id=\"65fb4f2\" data-element_type=\"widget\" data-widget_type=\"button.default\">\n\t\t\t\t\t\t\t\t\t\t<a class=\"elementor-button elementor-button-link elementor-size-sm\" href=\"\/pl\/kontakt\/\">\n\t\t\t\t\t\t<span class=\"elementor-button-content-wrapper\">\n\t\t\t\t\t\t\t\t\t<span class=\"elementor-button-text\">Um\u00f3w bezp\u0142atn\u0105 wycen\u0119<\/span>\n\t\t\t\t\t<\/span>\n\t\t\t\t\t<\/a>\n\t\t\t\t\t\t\t\t<\/div>\n\t\t\t\t<div class=\"elementor-element elementor-element-6fb15e0 elementor-widget__width-inherit elementor-widget elementor-widget-heading\" data-id=\"6fb15e0\" data-element_type=\"widget\" id=\"ap-d\" data-widget_type=\"heading.default\">\n\t\t\t\t\t<h3 class=\"elementor-heading-title elementor-size-default\">Nasza us\u0142uga wsparcia administracyjnego i prawnego obejmuje:<\/h3>\t\t\t\t<\/div>\n\t\t\t\t<div class=\"elementor-element elementor-element-1016073 elementor-widget elementor-widget-text-editor\" data-id=\"1016073\" data-element_type=\"widget\" data-widget_type=\"text-editor.default\">\n\t\t\t\t\t\t\t\t\t<ol><li data-start=\"3408\" data-end=\"3619\">Sprawdzenie dokumentacji oraz pomoc w uzupe\u0142nieniu brakuj\u0105cych dokument\u00f3w \u2013 informujemy Pa\u0144stwa, jaka dokumentacja jest wymagana do podpisania umowy przedwst\u0119pnej i ko\u0144cowej oraz pomagamy w jej skompletowaniu.<\/li><li data-start=\"3623\" data-end=\"3797\">Wsp\u00f3\u0142praca z dzia\u0142ami prawnymi w celu zapewnienia, \u017ce umowy zawieraj\u0105 uzgodnione warunki kupna-sprzeda\u017cy i transakcja odbywa si\u0119 zgodnie z prawem, za jasn\u0105 zgod\u0105 obu stron.<\/li><li data-start=\"3801\" data-end=\"3977\">Wsparcie administracyjne \u2013 we wsp\u00f3\u0142pracy z notariuszem i kadastrami; dbamy o to, aby ca\u0142a dokumentacja by\u0142a prawid\u0142owo po\u015bwiadczona i zarejestrowana w publicznych rejestrach.<\/li><li data-start=\"3981\" data-end=\"4117\">Uczestniczymy jako asystenci w procesie przeniesienia w\u0142asno\u015bci, podczas kt\u00f3rego obie strony otrzymuj\u0105 potwierdzenia dokonanych zmian.<\/li><li data-start=\"4121\" data-end=\"4236\">Zapoznajemy Pa\u0144stwa z zasadami podatkowymi oraz ca\u0142\u0105 procedur\u0105 podatkow\u0105 istotn\u0105 dla Pa\u0144stwa konkretnego przypadku.<\/li><\/ol>\t\t\t\t\t\t\t\t<\/div>\n\t\t\t\t<div class=\"elementor-element elementor-element-e482925 elementor-widget elementor-widget-button\" data-id=\"e482925\" data-element_type=\"widget\" data-widget_type=\"button.default\">\n\t\t\t\t\t\t\t\t\t\t<a class=\"elementor-button elementor-button-link elementor-size-sm\" href=\"\/pl\/kontakt\/\">\n\t\t\t\t\t\t<span class=\"elementor-button-content-wrapper\">\n\t\t\t\t\t\t\t\t\t<span class=\"elementor-button-text\">Za\u0142atwmy formalno\u015bci razem<\/span>\n\t\t\t\t\t<\/span>\n\t\t\t\t\t<\/a>\n\t\t\t\t\t\t\t\t<\/div>\n\t\t\t\t<div class=\"elementor-element elementor-element-5f2cce9 elementor-widget__width-inherit elementor-widget elementor-widget-heading\" data-id=\"5f2cce9\" data-element_type=\"widget\" id=\"ppn-d\" data-widget_type=\"heading.default\">\n\t\t\t\t\t<h3 class=\"elementor-heading-title elementor-size-default\">Nasza us\u0142uga prezentacji i promocji nieruchomo\u015bci obejmuje:<\/h3>\t\t\t\t<\/div>\n\t\t\t\t<div class=\"elementor-element elementor-element-2156ead elementor-widget elementor-widget-text-editor\" data-id=\"2156ead\" data-element_type=\"widget\" data-widget_type=\"text-editor.default\">\n\t\t\t\t\t\t\t\t\t<ol><li data-start=\"4347\" data-end=\"4506\">Przygotowanie przestrzeni wewn\u0119trznych i zewn\u0119trznych do fotografowania oraz wyb\u00f3r najlepszych uj\u0119\u0107, aby zdj\u0119cia podkre\u015bla\u0142y kluczowe elementy nieruchomo\u015bci.<\/li><li data-start=\"4510\" data-end=\"4634\">Fotografowanie wn\u0119trz, fasad oraz element\u00f3w, kt\u00f3re stanowi\u0105 unikalny atut nieruchomo\u015bci w por\u00f3wnaniu z podobnymi ofertami.<\/li><li data-start=\"4638\" data-end=\"4780\">Nagrywanie materia\u0142\u00f3w wideo, z wykorzystaniem drona, aby uchwyci\u0107 uj\u0119cia z wysoko\u015bci i lepiej zaprezentowa\u0107 nieruchomo\u015b\u0107 oraz jej otoczenie.<\/li><li data-start=\"4784\" data-end=\"4865\">Wyb\u00f3r najlepszych materia\u0142\u00f3w, monta\u017c i przygotowanie do dalszego wykorzystania.<\/li><li data-start=\"4869\" data-end=\"5082\">Promocja nieruchomo\u015bci na uzgodnionych wcze\u015bniej kana\u0142ach \u2013 z wykorzystaniem najwy\u017cszej jako\u015bci zdj\u0119\u0107 i materia\u0142\u00f3w wideo, publikowanych na naszej stronie internetowej, w og\u0142oszeniach i w mediach spo\u0142eczno\u015bciowych.<\/li><\/ol>\t\t\t\t\t\t\t\t<\/div>\n\t\t\t\t<div class=\"elementor-element elementor-element-59548a7 elementor-widget elementor-widget-button\" data-id=\"59548a7\" data-element_type=\"widget\" data-widget_type=\"button.default\">\n\t\t\t\t\t\t\t\t\t\t<a class=\"elementor-button elementor-button-link elementor-size-sm\" href=\"\/pl\/kontakt\/\">\n\t\t\t\t\t\t<span class=\"elementor-button-content-wrapper\">\n\t\t\t\t\t\t\t\t\t<span class=\"elementor-button-text\">Zam\u00f3w prezentacj\u0119 swojej nieruchomo\u015bci<\/span>\n\t\t\t\t\t<\/span>\n\t\t\t\t\t<\/a>\n\t\t\t\t\t\t\t\t<\/div>\n\t\t\t\t<div class=\"elementor-element elementor-element-5985e44 elementor-widget__width-inherit elementor-widget elementor-widget-heading\" data-id=\"5985e44\" data-element_type=\"widget\" id=\"dodatno\" data-widget_type=\"heading.default\">\n\t\t\t\t\t<h3 class=\"elementor-heading-title elementor-size-default\">Opr\u00f3cz us\u0142ug podstawowych oferujemy r\u00f3wnie\u017c us\u0142ugi dodatkowe na \u017cyczenie:<\/h3>\t\t\t\t<\/div>\n\t\t\t\t<div class=\"elementor-element elementor-element-fc0b9fd elementor-widget elementor-widget-text-editor\" data-id=\"fc0b9fd\" data-element_type=\"widget\" data-widget_type=\"text-editor.default\">\n\t\t\t\t\t\t\t\t\t<ol><li data-start=\"5219\" data-end=\"5437\">Je\u015bli pochodz\u0105 Pa\u0144stwo z zagranicy, z powodu bariery j\u0119zykowej oraz nieznajomo\u015bci lokalnych przepis\u00f3w otwarcie konta bankowego mo\u017ce wydawa\u0107 si\u0119 wyzwaniem \u2013 nie martwcie si\u0119, zapewniamy pe\u0142n\u0105 pomoc w tym wa\u017cnym kroku.<\/li><li data-start=\"5441\" data-end=\"5758\">Je\u015bli zdecyduj\u0105 si\u0119 Pa\u0144stwo za\u0142o\u017cy\u0107 firm\u0119 w Chorwacji, oferujemy us\u0142ugi doradcy podatkowego, aby proces przebiega\u0142 bez komplikacji i bez negatywnych konsekwencji podatkowych. Doradca poinformuje Pa\u0144stwa o wysoko\u015bci podatku, terminach oraz ewentualnych dodatkowych zobowi\u0105zaniach podatkowych wobec kraju pochodzenia.<\/li><li data-start=\"5762\" data-end=\"5935\">\u0141\u0105czymy Pa\u0144stwa z biurem architektonicznym\/projektowym, w przypadku potrzeby przygotowania rozwi\u0105za\u0144 architektonicznych lub projekt\u00f3w budowy b\u0105d\u017a przebudowy nieruchomo\u015bci.<\/li><li data-start=\"5939\" data-end=\"6081\">Je\u015bli zakupili Pa\u0144stwo nieruchomo\u015b\u0107 i potrzebuj\u0105 ca\u0142orocznej opieki nad obiektem, \u0142\u0105czymy z firmami\/osobami oferuj\u0105cymi tego rodzaju us\u0142ug\u0119.<\/li><li data-start=\"6085\" data-end=\"6399\">Je\u015bli chc\u0105 Pa\u0144stwo wynaj\u0105\u0107 swoj\u0105 nieruchomo\u015b\u0107, \u0142\u0105czymy z agencj\u0105 oferuj\u0105c\u0105 us\u0142ug\u0119 \u201epod klucz\u201d \u2013 agencja ta przejmuje pe\u0142n\u0105 obs\u0142ug\u0119 wynajmu, dzi\u0119ki czemu nie musz\u0105 Pa\u0144stwo martwi\u0107 si\u0119 o \u017caden etap. Podczas Pa\u0144stwa nieobecno\u015bci \u2013 agencja zajmuje si\u0119 wynajmem, sprz\u0105taniem oraz rejestracj\u0105 i wyrejestrowaniem go\u015bci.<\/li><li data-start=\"6403\" data-end=\"6665\">Specyficzne us\u0142ugi dodatkowe na \u017cyczenie \u2013 je\u015bli pochodz\u0105 Pa\u0144stwo z zagranicy i potrzebuj\u0105 dodatkowego wsparcia administracyjnego lub innych us\u0142ug zwi\u0105zanych z nieruchomo\u015bciami, prosimy o kontakt \u2013 znajdziemy najlepsze rozwi\u0105zanie, satysfakcjonuj\u0105ce obie strony.<\/li><\/ol>\t\t\t\t\t\t\t\t<\/div>\n\t\t\t\t<div class=\"elementor-element elementor-element-8ef8821 elementor-widget elementor-widget-button\" data-id=\"8ef8821\" data-element_type=\"widget\" data-widget_type=\"button.default\">\n\t\t\t\t\t\t\t\t\t\t<a class=\"elementor-button elementor-button-link elementor-size-sm\" href=\"\/pl\/kontakt\/\">\n\t\t\t\t\t\t<span class=\"elementor-button-content-wrapper\">\n\t\t\t\t\t\t\t\t\t<span class=\"elementor-button-text\">Ustalmy rozwi\u0105zanie dopasowane do Pa\u0144stwa potrzeb<\/span>\n\t\t\t\t\t<\/span>\n\t\t\t\t\t<\/a>\n\t\t\t\t\t\t\t\t<\/div>\n\t\t\t\t<\/div>\n\t\t\t\t<\/div>\n\t\t<div class=\"elementor-element elementor-element-d95227c e-con-full e-flex e-con e-child\" data-id=\"d95227c\" data-element_type=\"container\" data-settings=\"{&quot;background_background&quot;:&quot;classic&quot;,&quot;sticky_parent&quot;:&quot;yes&quot;,&quot;sticky&quot;:&quot;top&quot;,&quot;sticky_on&quot;:[&quot;desktop&quot;,&quot;tablet&quot;],&quot;sticky_offset&quot;:0,&quot;sticky_effects_offset&quot;:0,&quot;sticky_anchor_link_offset&quot;:0}\">\n\t\t\t\t<div class=\"elementor-element elementor-element-8acc8f1 elementor-icon-list--layout-traditional elementor-list-item-link-full_width elementor-widget elementor-widget-icon-list\" data-id=\"8acc8f1\" data-element_type=\"widget\" data-widget_type=\"icon-list.default\">\n\t\t\t\t\t\t\t<ul class=\"elementor-icon-list-items\">\n\t\t\t\t\t\t\t<li class=\"elementor-icon-list-item\">\n\t\t\t\t\t\t\t\t\t\t\t<a href=\"#pk\">\n\n\t\t\t\t\t\t\t\t\t\t\t<span class=\"elementor-icon-list-text\">Po\u015brednictwo w zakupie nieruchomo\u015bci<\/span>\n\t\t\t\t\t\t\t\t\t\t\t<\/a>\n\t\t\t\t\t\t\t\t\t<\/li>\n\t\t\t\t\t\t\t\t<li class=\"elementor-icon-list-item\">\n\t\t\t\t\t\t\t\t\t\t\t<a href=\"#pp\">\n\n\t\t\t\t\t\t\t\t\t\t\t<span class=\"elementor-icon-list-text\">Po\u015brednictwo w sprzeda\u017cy nieruchomo\u015bci<\/span>\n\t\t\t\t\t\t\t\t\t\t\t<\/a>\n\t\t\t\t\t\t\t\t\t<\/li>\n\t\t\t\t\t\t\t\t<li class=\"elementor-icon-list-item\">\n\t\t\t\t\t\t\t\t\t\t\t<a href=\"#ap\">\n\n\t\t\t\t\t\t\t\t\t\t\t<span class=\"elementor-icon-list-text\">Administracyjna i prawna pomoc<\/span>\n\t\t\t\t\t\t\t\t\t\t\t<\/a>\n\t\t\t\t\t\t\t\t\t<\/li>\n\t\t\t\t\t\t\t\t<li class=\"elementor-icon-list-item\">\n\t\t\t\t\t\t\t\t\t\t\t<a href=\"#ppn\">\n\n\t\t\t\t\t\t\t\t\t\t\t<span class=\"elementor-icon-list-text\">Prezentacja i promocja nieruchomo\u015bci<\/span>\n\t\t\t\t\t\t\t\t\t\t\t<\/a>\n\t\t\t\t\t\t\t\t\t<\/li>\n\t\t\t\t\t\t\t\t<li class=\"elementor-icon-list-item\">\n\t\t\t\t\t\t\t\t\t\t\t<a href=\"#du\">\n\n\t\t\t\t\t\t\t\t\t\t\t<span class=\"elementor-icon-list-text\">Dodatkowe us\u0142ugi na \u017cyczenie<\/span>\n\t\t\t\t\t\t\t\t\t\t\t<\/a>\n\t\t\t\t\t\t\t\t\t<\/li>\n\t\t\t\t\t\t<\/ul>\n\t\t\t\t\t\t<\/div>\n\t\t\t\t<\/div>\n\t\t\t\t\t<\/div>\n\t\t\t\t<\/div>\n\t\t\t\t<\/div>\n\t\t","protected":false},"excerpt":{"rendered":"<p>Po\u015brednictwo w zakupie nieruchomo\u015bci Zgodnie z wyra\u017conymi przez Pa\u0144stwa interesima, pomagamy znale\u017a\u0107 nieruchomo\u015b\u0107 marze\u0144. Niezale\u017cnie od tego, czy szukaj\u0105 Pa\u0144stwo domu wakacyjnego, luksusowych apartament\u00f3w przeznaczonych na wynajem przez ca\u0142y rok, dom\u00f3w lub willi nad morzem, kt\u00f3re b\u0119d\u0105 wykorzystywane do odpoczynku w letnich miesi\u0105cach \u2013 do Pa\u0144stwa dyspozycji pozostajemy we wszystkim, czego Pa\u0144stwo pragn\u0105 i potrzebuj\u0105. [&hellip;]<\/p>\n","protected":false},"author":2,"featured_media":0,"parent":0,"menu_order":0,"comment_status":"closed","ping_status":"closed","template":"elementor_header_footer","meta":{"inline_featured_image":false,"footnotes":""},"class_list":["post-5673","page","type-page","status-publish","hentry"],"_links":{"self":[{"href":"https:\/\/solhome.hr\/pl\/wp-json\/wp\/v2\/pages\/5673","targetHints":{"allow":["GET"]}}],"collection":[{"href":"https:\/\/solhome.hr\/pl\/wp-json\/wp\/v2\/pages"}],"about":[{"href":"https:\/\/solhome.hr\/pl\/wp-json\/wp\/v2\/types\/page"}],"author":[{"embeddable":true,"href":"https:\/\/solhome.hr\/pl\/wp-json\/wp\/v2\/users\/2"}],"replies":[{"embeddable":true,"href":"https:\/\/solhome.hr\/pl\/wp-json\/wp\/v2\/comments?post=5673"}],"version-history":[{"count":13,"href":"https:\/\/solhome.hr\/pl\/wp-json\/wp\/v2\/pages\/5673\/revisions"}],"predecessor-version":[{"id":51996,"href":"https:\/\/solhome.hr\/pl\/wp-json\/wp\/v2\/pages\/5673\/revisions\/51996"}],"wp:attachment":[{"href":"https:\/\/solhome.hr\/pl\/wp-json\/wp\/v2\/media?parent=5673"}],"curies":[{"name":"wp","href":"https:\/\/api.w.org\/{rel}","templated":true}]}}