{"id":5643,"date":"2025-08-01T11:06:20","date_gmt":"2025-08-01T11:06:20","guid":{"rendered":"https:\/\/musing-rosalind.135-181-117-101.plesk.page\/?page_id=5643"},"modified":"2025-11-17T16:46:55","modified_gmt":"2025-11-17T16:46:55","slug":"przewodniki","status":"publish","type":"page","link":"https:\/\/solhome.hr\/pl\/przewodniki\/","title":{"rendered":"Przewodniki"},"content":{"rendered":"\t\t<div data-elementor-type=\"wp-page\" data-elementor-id=\"5643\" class=\"elementor elementor-5643 elementor-3261\" data-elementor-post-type=\"page\">\n\t\t\t\t<div class=\"elementor-element elementor-element-761daba e-flex e-con-boxed e-con e-parent\" data-id=\"761daba\" data-element_type=\"container\">\n\t\t\t\t\t<div class=\"e-con-inner\">\n\t\t\t\t\t<\/div>\n\t\t\t\t<\/div>\n\t\t<div class=\"elementor-element elementor-element-82ebc03 e-flex e-con-boxed e-con e-parent\" data-id=\"82ebc03\" data-element_type=\"container\">\n\t\t\t\t\t<div class=\"e-con-inner\">\n\t\t\t\t<div class=\"elementor-element elementor-element-89bfcc6 elementor-widget elementor-widget-text-editor\" data-id=\"89bfcc6\" data-element_type=\"widget\" data-widget_type=\"text-editor.default\">\n\t\t\t\t\t\t\t\t\t<p>Niezale\u017cnie od tego, czy planujesz kupi\u0107, sprzeda\u0107, czy wynaj\u0105\u0107 nieruchomo\u015b\u0107, Chorwacja oferuje liczne mo\u017cliwo\u015bci, ale proces ten mo\u017ce by\u0107 myl\u0105cy ze wzgl\u0119du na r\u00f3\u017cne procedury prawne, podatki i inne wa\u017cne czynniki. Nasz\u0105 misj\u0105 jest uproszczenie wszystkich aspekt\u00f3w zwi\u0105zanych z nieruchomo\u015bciami i dostarczenie Ci wszystkich niezb\u0119dnych informacji, aby\u015b m\u00f3g\u0142 podj\u0105\u0107 \u015bwiadom\u0105 decyzj\u0119 i przej\u015b\u0107 przez ka\u017cdy krok z \u0142atwo\u015bci\u0105.<\/p>\t\t\t\t\t\t\t\t<\/div>\n\t\t\t\t\t<\/div>\n\t\t\t\t<\/div>\n\t\t<div class=\"elementor-element elementor-element-4e48d47 e-flex e-con-boxed e-con e-parent\" data-id=\"4e48d47\" data-element_type=\"container\">\n\t\t\t\t\t<div class=\"e-con-inner\">\n\t\t<div class=\"elementor-element elementor-element-3790d3c e-con-full e-flex e-con e-child\" data-id=\"3790d3c\" data-element_type=\"container\" data-settings=\"{&quot;background_background&quot;:&quot;classic&quot;}\">\n\t\t\t\t<div class=\"elementor-element elementor-element-dde1a52 elementor-widget elementor-widget-heading\" data-id=\"dde1a52\" data-element_type=\"widget\" data-widget_type=\"heading.default\">\n\t\t\t\t\t<h4 class=\"elementor-heading-title elementor-size-default\">Zakup nieruchomo\u015bci w Chorwacji<\/h4>\t\t\t\t<\/div>\n\t\t\t\t<div class=\"elementor-element elementor-element-2f458ff elementor-hidden-tablet elementor-hidden-mobile elementor-widget elementor-widget-text-editor\" data-id=\"2f458ff\" data-element_type=\"widget\" data-widget_type=\"text-editor.default\">\n\t\t\t\t\t\t\t\t\t<p data-start=\"5447\" data-end=\"5939\">Aby ca\u0142y proces zakupu przebiega\u0142 sprawnie, wa\u017cne jest wcze\u015bniejsze przygotowanie planu finansowego oraz sprawdzenie dokumentacji nieruchomo\u015bci, takiej jak ksi\u0119ga wieczysta i pozwolenie na budow\u0119. Zalecamy skorzystanie z us\u0142ug agenta nieruchomo\u015bci, kt\u00f3ry poprowadzi Ci\u0119 przez negocjacje, zadba o uczciw\u0105 cen\u0119 zgodn\u0105 z rynkiem i pomo\u017ce w realizacji wszystkich obowi\u0105zk\u00f3w administracyjnych. Nasz przewodnik pomo\u017ce Ci kupi\u0107 nieruchomo\u015b\u0107 szybko, w najlepszej cenie i bez niechcianych komplikacji.<\/p>\t\t\t\t\t\t\t\t<\/div>\n\t\t\t\t<div class=\"elementor-element elementor-element-872f646 elementor-hidden-desktop elementor-widget elementor-widget-text-editor\" data-id=\"872f646\" data-element_type=\"widget\" data-widget_type=\"text-editor.default\">\n\t\t\t\t\t\t\t\t\t<p data-start=\"5941\" data-end=\"6118\">Je\u015bli kiedykolwiek zastanawia\u0142e\u015b si\u0119, jak kupi\u0107 nieruchomo\u015b\u0107 w Chorwacji i jakie procedury nale\u017cy przestrzega\u0107 \u2013 przeczytaj nasz przewodnik po zakupie nieruchomo\u015bci w Chorwacji.<\/p>\t\t\t\t\t\t\t\t<\/div>\n\t\t\t\t<div class=\"elementor-element elementor-element-801067f elementor-widget elementor-widget-button\" data-id=\"801067f\" data-element_type=\"widget\" data-widget_type=\"button.default\">\n\t\t\t\t\t\t\t\t\t\t<a class=\"elementor-button elementor-button-link elementor-size-sm\" href=\"\/pl\/przewodniki\/zakup-nieruchomosci-w-chorwacji-przewodnik-zakupu\/\">\n\t\t\t\t\t\t<span class=\"elementor-button-content-wrapper\">\n\t\t\t\t\t\t\t\t\t<span class=\"elementor-button-text\">ZOBACZ PRZEWODNIK<\/span>\n\t\t\t\t\t<\/span>\n\t\t\t\t\t<\/a>\n\t\t\t\t\t\t\t\t<\/div>\n\t\t\t\t<\/div>\n\t\t<div class=\"elementor-element elementor-element-92e482e e-con-full e-flex e-con e-child\" data-id=\"92e482e\" data-element_type=\"container\">\n\t\t<div class=\"elementor-element elementor-element-fe3506d e-con-full e-flex e-con e-child\" data-id=\"fe3506d\" data-element_type=\"container\" data-settings=\"{&quot;background_background&quot;:&quot;classic&quot;}\">\n\t\t\t\t<div class=\"elementor-element elementor-element-4d22cb5 elementor-widget elementor-widget-heading\" data-id=\"4d22cb5\" data-element_type=\"widget\" data-widget_type=\"heading.default\">\n\t\t\t\t\t<h4 class=\"elementor-heading-title elementor-size-default\">Sprzeda\u017c nieruchomo\u015bci w Chorwacji <\/h4>\t\t\t\t<\/div>\n\t\t\t\t<div class=\"elementor-element elementor-element-c0dfb42 elementor-widget elementor-widget-text-editor\" data-id=\"c0dfb42\" data-element_type=\"widget\" data-widget_type=\"text-editor.default\">\n\t\t\t\t\t\t\t\t\t<p data-start=\"6120\" data-end=\"6284\">Je\u015bli zastanawiasz si\u0119, jak sprzeda\u0107 nieruchomo\u015b\u0107 szybko i bez stresu, przestrzegaj\u0105c wszystkich procedur prawnych, przeczytaj przewodnik i dowiedz si\u0119 wszystkiego!<\/p>\t\t\t\t\t\t\t\t<\/div>\n\t\t\t\t<div class=\"elementor-element elementor-element-63eef57 elementor-widget elementor-widget-button\" data-id=\"63eef57\" data-element_type=\"widget\" data-widget_type=\"button.default\">\n\t\t\t\t\t\t\t\t\t\t<a class=\"elementor-button elementor-button-link elementor-size-sm\" href=\"\/pl\/przewodniki\/sprzedaz-nieruchomosci-w-chorwacji-kompletny-przewodnik\/\">\n\t\t\t\t\t\t<span class=\"elementor-button-content-wrapper\">\n\t\t\t\t\t\t\t\t\t<span class=\"elementor-button-text\">ZOBACZ PRZEWODNIK<\/span>\n\t\t\t\t\t<\/span>\n\t\t\t\t\t<\/a>\n\t\t\t\t\t\t\t\t<\/div>\n\t\t\t\t<\/div>\n\t\t<div class=\"elementor-element elementor-element-ebecf49 e-con-full e-flex e-con e-child\" data-id=\"ebecf49\" data-element_type=\"container\" data-settings=\"{&quot;background_background&quot;:&quot;classic&quot;}\">\n\t\t\t\t<div class=\"elementor-element elementor-element-1682603 elementor-widget elementor-widget-heading\" data-id=\"1682603\" data-element_type=\"widget\" data-widget_type=\"heading.default\">\n\t\t\t\t\t<h4 class=\"elementor-heading-title elementor-size-default\">Podatki od nieruchomo\u015bci w Chorwacji <\/h4>\t\t\t\t<\/div>\n\t\t\t\t<div class=\"elementor-element elementor-element-ebb7d43 elementor-widget elementor-widget-text-editor\" data-id=\"ebb7d43\" data-element_type=\"widget\" data-widget_type=\"text-editor.default\">\n\t\t\t\t\t\t\t\t\t<p data-start=\"6286\" data-end=\"6499\">Jakie koszty mo\u017cesz oczekiwa\u0107, je\u015bli planujesz kupi\u0107 lub sprzeda\u0107 nieruchomo\u015b\u0107 w Chorwacji, oraz jakie podatki od nieruchomo\u015bci obowi\u0105zuj\u0105 w kraju \u2013 przeczytaj nasz kompletny przewodnik, aby dowiedzie\u0107 si\u0119 wi\u0119cej.<\/p>\t\t\t\t\t\t\t\t<\/div>\n\t\t\t\t<div class=\"elementor-element elementor-element-defe243 elementor-widget elementor-widget-button\" data-id=\"defe243\" data-element_type=\"widget\" data-widget_type=\"button.default\">\n\t\t\t\t\t\t\t\t\t\t<a class=\"elementor-button elementor-button-link elementor-size-sm\" href=\"\/pl\/przewodniki\/podatki-od-nieruchomosci-w-chorwacji-kompletny-przewodnik\/\">\n\t\t\t\t\t\t<span class=\"elementor-button-content-wrapper\">\n\t\t\t\t\t\t\t\t\t<span class=\"elementor-button-text\">ZOBACZ PRZEWODNIK<\/span>\n\t\t\t\t\t<\/span>\n\t\t\t\t\t<\/a>\n\t\t\t\t\t\t\t\t<\/div>\n\t\t\t\t<\/div>\n\t\t\t\t<\/div>\n\t\t\t\t\t<\/div>\n\t\t\t\t<\/div>\n\t\t\t\t<\/div>\n\t\t","protected":false},"excerpt":{"rendered":"<p>Niezale\u017cnie od tego, czy planujesz kupi\u0107, sprzeda\u0107, czy wynaj\u0105\u0107 nieruchomo\u015b\u0107, Chorwacja oferuje liczne mo\u017cliwo\u015bci, ale proces ten mo\u017ce by\u0107 myl\u0105cy ze wzgl\u0119du na r\u00f3\u017cne procedury prawne, podatki i inne wa\u017cne czynniki. Nasz\u0105 misj\u0105 jest uproszczenie wszystkich aspekt\u00f3w zwi\u0105zanych z nieruchomo\u015bciami i dostarczenie Ci wszystkich niezb\u0119dnych informacji, aby\u015b m\u00f3g\u0142 podj\u0105\u0107 \u015bwiadom\u0105 decyzj\u0119 i przej\u015b\u0107 przez ka\u017cdy [&hellip;]<\/p>\n","protected":false},"author":2,"featured_media":0,"parent":0,"menu_order":0,"comment_status":"closed","ping_status":"closed","template":"","meta":{"inline_featured_image":false,"footnotes":""},"class_list":["post-5643","page","type-page","status-publish","hentry"],"_links":{"self":[{"href":"https:\/\/solhome.hr\/pl\/wp-json\/wp\/v2\/pages\/5643","targetHints":{"allow":["GET"]}}],"collection":[{"href":"https:\/\/solhome.hr\/pl\/wp-json\/wp\/v2\/pages"}],"about":[{"href":"https:\/\/solhome.hr\/pl\/wp-json\/wp\/v2\/types\/page"}],"author":[{"embeddable":true,"href":"https:\/\/solhome.hr\/pl\/wp-json\/wp\/v2\/users\/2"}],"replies":[{"embeddable":true,"href":"https:\/\/solhome.hr\/pl\/wp-json\/wp\/v2\/comments?post=5643"}],"version-history":[{"count":14,"href":"https:\/\/solhome.hr\/pl\/wp-json\/wp\/v2\/pages\/5643\/revisions"}],"predecessor-version":[{"id":52284,"href":"https:\/\/solhome.hr\/pl\/wp-json\/wp\/v2\/pages\/5643\/revisions\/52284"}],"wp:attachment":[{"href":"https:\/\/solhome.hr\/pl\/wp-json\/wp\/v2\/media?parent=5643"}],"curies":[{"name":"wp","href":"https:\/\/api.w.org\/{rel}","templated":true}]}}