{"id":5671,"date":"2025-09-03T08:42:20","date_gmt":"2025-09-03T08:42:20","guid":{"rendered":"https:\/\/musing-rosalind.135-181-117-101.plesk.page\/?page_id=5671"},"modified":"2025-11-05T14:06:57","modified_gmt":"2025-11-05T14:06:57","slug":"servizi","status":"publish","type":"page","link":"https:\/\/solhome.hr\/it\/servizi\/","title":{"rendered":"SERVIZI"},"content":{"rendered":"\t\t<div data-elementor-type=\"wp-page\" data-elementor-id=\"5671\" class=\"elementor elementor-5671 elementor-4125\" data-elementor-post-type=\"page\">\n\t\t\t\t<div class=\"elementor-element elementor-element-ef68aa9 e-flex e-con-boxed e-con e-parent\" data-id=\"ef68aa9\" data-element_type=\"container\">\n\t\t\t\t\t<div class=\"e-con-inner\">\n\t\t\t\t\t<\/div>\n\t\t\t\t<\/div>\n\t\t<div class=\"elementor-element elementor-element-c07ad6a e-flex e-con-boxed e-con e-parent\" data-id=\"c07ad6a\" data-element_type=\"container\">\n\t\t\t\t\t<div class=\"e-con-inner\">\n\t\t<div class=\"elementor-element elementor-element-ecd69b5 e-con-full e-flex e-con e-child\" data-id=\"ecd69b5\" data-element_type=\"container\" data-settings=\"{&quot;background_background&quot;:&quot;classic&quot;}\">\n\t\t<div class=\"elementor-element elementor-element-f810920 e-con-full e-flex e-con e-child\" data-id=\"f810920\" data-element_type=\"container\" data-settings=\"{&quot;background_background&quot;:&quot;classic&quot;}\">\n\t\t\t\t<div class=\"elementor-element elementor-element-ccab355 elementor-widget__width-inherit elementor-widget elementor-widget-heading\" data-id=\"ccab355\" data-element_type=\"widget\" id=\"pk\" data-widget_type=\"heading.default\">\n\t\t\t\t\t<h2 class=\"elementor-heading-title elementor-size-default\">Mediazione nell\u2019acquisto di immobili\n<\/h2>\t\t\t\t<\/div>\n\t\t\t\t<div class=\"elementor-element elementor-element-9b47569 elementor-widget elementor-widget-text-editor\" data-id=\"9b47569\" data-element_type=\"widget\" data-widget_type=\"text-editor.default\">\n\t\t\t\t\t\t\t\t\t<p>In base ai vostri interessi espressi, vi aiutiamo a trovare l\u2019immobile dei vostri sogni. Che siate alla ricerca di una casa per le vacanze, di appartamenti di lusso da affittare durante tutto l\u2019anno, o di case e ville sul mare da utilizzare per il vostro soggiorno estivo \u2013 siamo a vostra completa disposizione per ogni desiderio ed esigenza.<\/p><p><a href=\"#pk-d\">Leggi di pi\u00f9<\/a><\/p>\t\t\t\t\t\t\t\t<\/div>\n\t\t\t\t<div class=\"elementor-element elementor-element-f2d77b8 elementor-widget__width-inherit elementor-widget elementor-widget-heading\" data-id=\"f2d77b8\" data-element_type=\"widget\" id=\"pp\" data-widget_type=\"heading.default\">\n\t\t\t\t\t<h2 class=\"elementor-heading-title elementor-size-default\">Mediazione nella vendita di immobili<\/h2>\t\t\t\t<\/div>\n\t\t\t\t<div class=\"elementor-element elementor-element-bb2738b elementor-widget elementor-widget-text-editor\" data-id=\"bb2738b\" data-element_type=\"widget\" data-widget_type=\"text-editor.default\">\n\t\t\t\t\t\t\t\t\t<p>Se possedete un immobile che non \u00e8 in uso e rappresenta per voi un onere finanziario, e spesso considerate la possibilit\u00e0 di trarne profitto attraverso la vendita \u2013 contattateci per trovare insieme la soluzione migliore. Che abbiate deciso di vendere una casa di famiglia, un appartamento sulla costa, un terreno edificabile o una villa di lusso vicino al mare \u2013 <strong>Solhome<\/strong> \u00e8 l\u2019agenzia che garantir\u00e0 la vendita del vostro immobile ad un prezzo che ne rispecchia il reale valore.<\/p><p><a href=\"#pp-d\">Leggi di pi\u00f9<\/a><\/p>\t\t\t\t\t\t\t\t<\/div>\n\t\t\t\t<div class=\"elementor-element elementor-element-145a3fb elementor-widget__width-inherit elementor-widget elementor-widget-heading\" data-id=\"145a3fb\" data-element_type=\"widget\" id=\"ap\" data-widget_type=\"heading.default\">\n\t\t\t\t\t<h2 class=\"elementor-heading-title elementor-size-default\">Supporto amministrativo e legale<\/h2>\t\t\t\t<\/div>\n\t\t\t\t<div class=\"elementor-element elementor-element-ba4aaea elementor-widget elementor-widget-text-editor\" data-id=\"ba4aaea\" data-element_type=\"widget\" data-widget_type=\"text-editor.default\">\n\t\t\t\t\t\t\t\t\t<p>Sia che desideriate acquistare un immobile sulla costa croata, sia che vogliate vendere la vostra propriet\u00e0 \u2013 gli aspetti pi\u00f9 stressanti sono spesso le normative legali e le procedure amministrative. Per risparmiarvi tempo nella consultazione della documentazione necessaria nel processo di compravendita \u2013 siamo a vostra disposizione per qualsiasi domanda amministrativa o legale, nonch\u00e9 per eventuali chiarimenti. Indipendentemente dal fatto che vi serva supporto prima, durante o dopo l\u2019acquisto o la vendita \u2013 <strong>Solhome<\/strong> conosce tutte le risposte.<\/p><p><a href=\"#ap-d\">Leggi di pi\u00f9<\/a><\/p>\t\t\t\t\t\t\t\t<\/div>\n\t\t\t\t<div class=\"elementor-element elementor-element-2bc5bbf elementor-widget__width-inherit elementor-widget elementor-widget-heading\" data-id=\"2bc5bbf\" data-element_type=\"widget\" id=\"ppn\" data-widget_type=\"heading.default\">\n\t\t\t\t\t<h2 class=\"elementor-heading-title elementor-size-default\">Presentazione e promozione dell\u2019immobile<\/h2>\t\t\t\t<\/div>\n\t\t\t\t<div class=\"elementor-element elementor-element-dd7dabc elementor-widget elementor-widget-text-editor\" data-id=\"dd7dabc\" data-element_type=\"widget\" data-widget_type=\"text-editor.default\">\n\t\t\t\t\t\t\t\t\t<p>Se state vendendo un immobile, esso merita di essere presentato nel miglior modo possibile. Vi chiedete cosa significhi? Permetteteci di spiegarlo \u2013 una presentazione professionale dell\u2019immobile include fotografie realizzate dalle angolazioni migliori, oltre a contenuti video che evidenziano ogni dettaglio della propriet\u00e0 capace di attirare l\u2019attenzione del potenziale acquirente. Il nostro impegno nel presentare l\u2019immobile nella luce migliore incoragger\u00e0 il cliente a interessarsi proprio alla vostra propriet\u00e0, nonostante l\u2019ampia offerta di immobili simili.<\/p><p><a href=\"#ppn-d\">Leggi di pi\u00f9<\/a><\/p>\t\t\t\t\t\t\t\t<\/div>\n\t\t\t\t<div class=\"elementor-element elementor-element-ad2aeb2 elementor-widget__width-inherit elementor-widget elementor-widget-heading\" data-id=\"ad2aeb2\" data-element_type=\"widget\" id=\"du\" data-widget_type=\"heading.default\">\n\t\t\t\t\t<h2 class=\"elementor-heading-title elementor-size-default\">Servizi aggiuntivi su richiesta<\/h2>\t\t\t\t<\/div>\n\t\t\t\t<div class=\"elementor-element elementor-element-acdb973 elementor-widget elementor-widget-text-editor\" data-id=\"acdb973\" data-element_type=\"widget\" data-widget_type=\"text-editor.default\">\n\t\t\t\t\t\t\t\t\t<p>I nostri servizi principali riguardano la mediazione nella compravendita immobiliare, e la nostra missione \u00e8 collegare gli acquirenti con gli immobili dei loro sogni, soddisfacendo tutte le loro aspettative. Tuttavia, offriamo anche un supporto personalizzato, poich\u00e9 ogni collaborazione per noi rappresenta una storia unica alla quale dedichiamo particolare attenzione. Siamo qui per aiutarvi a vendere o acquistare un immobile, ma anche per consigliarvi e assistervi in tutte le sfide che possono sorgere prima, durante e dopo il processo di compravendita.<\/p><p><a href=\"#dodatno\">Leggi di pi\u00f9<\/a><\/p>\t\t\t\t\t\t\t\t<\/div>\n\t\t\t\t<\/div>\n\t\t<div class=\"elementor-element elementor-element-7f6ba8d e-con-full e-flex e-con e-child\" data-id=\"7f6ba8d\" data-element_type=\"container\" data-settings=\"{&quot;background_background&quot;:&quot;classic&quot;}\">\n\t\t\t\t<div class=\"elementor-element elementor-element-bdba83f elementor-widget__width-inherit elementor-widget elementor-widget-heading\" data-id=\"bdba83f\" data-element_type=\"widget\" id=\"pk-d\" data-widget_type=\"heading.default\">\n\t\t\t\t\t<h3 class=\"elementor-heading-title elementor-size-default\">Il nostro servizio di mediazione nell\u2019acquisto di immobili include:<\/h3>\t\t\t\t<\/div>\n\t\t\t\t<div class=\"elementor-element elementor-element-ca46e48 elementor-widget elementor-widget-text-editor\" data-id=\"ca46e48\" data-element_type=\"widget\" data-widget_type=\"text-editor.default\">\n\t\t\t\t\t\t\t\t\t<ol><li data-start=\"264\" data-end=\"423\">Incontro iniziale durante il quale ci spiegherete i vostri desideri e le vostre necessit\u00e0 \u2013 che saranno fondamentali per trovare l\u2019immobile dei vostri sogni.<\/li><li data-start=\"427\" data-end=\"530\">Informazione sulle localit\u00e0 pi\u00f9 attraenti in Croazia e sulle opzioni di investimento pi\u00f9 vantaggiose.<\/li><li data-start=\"534\" data-end=\"621\">Ricerca di mercato e raccomandazioni di immobili in accordo con le vostre preferenze.<\/li><li data-start=\"625\" data-end=\"704\">Organizzazione del viaggio e degli appuntamenti per la visita degli immobili.<\/li><li data-start=\"708\" data-end=\"911\">Ispezione dell\u2019immobile da voi scelto \u2013 verifica della correttezza della documentazione (certificato di propriet\u00e0 e tutti gli altri documenti che dimostrano che l\u2019immobile \u00e8 completamente legalizzato).<\/li><li data-start=\"915\" data-end=\"1035\">Negoziazione del prezzo dell\u2019immobile e presentazione dell\u2019offerta \u2013 in collaborazione e accordo con voi come clienti.<\/li><li data-start=\"1039\" data-end=\"1133\">Prenotazione dell\u2019immobile, contatto con lo studio legale e firma del contratto preliminare.<\/li><li data-start=\"1137\" data-end=\"1255\">Dopo che avrete soddisfatto le condizioni del preliminare \u2013 concordiamo la firma e l\u2019autentica del contratto finale.<\/li><li data-start=\"1259\" data-end=\"1478\">Trasferimento della propriet\u00e0 e delle utenze a vostro nome, nel caso siate l\u2019acquirente dell\u2019immobile. Consegna di tutta la documentazione necessaria che conferma l\u2019avvenuta procedura di trasferimento della propriet\u00e0.<\/li><li data-start=\"1483\" data-end=\"1790\">Supporto e consulenza post-vendita \u2013 se desiderate, possiamo mettervi in contatto con un\u2019agenzia di manutenzione immobili, un consulente fiscale se intendete aprire una societ\u00e0 in Croazia, oppure con uno studio di architettura che pu\u00f2 aiutarvi nella progettazione della ristrutturazione del vostro immobile.<\/li><\/ol>\t\t\t\t\t\t\t\t<\/div>\n\t\t\t\t<div class=\"elementor-element elementor-element-845fe42 elementor-widget elementor-widget-button\" data-id=\"845fe42\" data-element_type=\"widget\" data-widget_type=\"button.default\">\n\t\t\t\t\t\t\t\t\t\t<a class=\"elementor-button elementor-button-link elementor-size-sm\" href=\"\/it\/contattaci\/\">\n\t\t\t\t\t\t<span class=\"elementor-button-content-wrapper\">\n\t\t\t\t\t\t\t\t\t<span class=\"elementor-button-text\">Richiedi una consulenza<\/span>\n\t\t\t\t\t<\/span>\n\t\t\t\t\t<\/a>\n\t\t\t\t\t\t\t\t<\/div>\n\t\t\t\t<div class=\"elementor-element elementor-element-7ca21a9 elementor-widget__width-inherit elementor-widget elementor-widget-heading\" data-id=\"7ca21a9\" data-element_type=\"widget\" id=\"pp-d\" data-widget_type=\"heading.default\">\n\t\t\t\t\t<h3 class=\"elementor-heading-title elementor-size-default\">Il nostro servizio di mediazione nella vendita di immobili include:<\/h3>\t\t\t\t<\/div>\n\t\t\t\t<div class=\"elementor-element elementor-element-627ee92 elementor-widget elementor-widget-text-editor\" data-id=\"627ee92\" data-element_type=\"widget\" data-widget_type=\"text-editor.default\">\n\t\t\t\t\t\t\t\t\t<ol><li data-start=\"1906\" data-end=\"2064\">Incontro iniziale durante il quale vi presenteremo il processo di vendita di un immobile in Croazia, mentre voi condividerete con noi le vostre aspettative.<\/li><li data-start=\"2068\" data-end=\"2190\">Firma del contratto di collaborazione \u2013 se siamo d\u2019accordo, la firma \u00e8 necessaria per proseguire il processo di vendita.<\/li><li data-start=\"2194\" data-end=\"2360\">Conoscenza dell\u2019immobile \u2013 visiteremo il vostro immobile e vi chiederemo quante pi\u00f9 informazioni possibili, affinch\u00e9 possiamo avere una visione chiara dell\u2019offerta.<\/li><li data-start=\"2364\" data-end=\"2713\">Valutazione del valore dell\u2019immobile \u2013 fase in cui forniamo una valutazione professionale e realistica del valore della vostra propriet\u00e0 sulla base di una serie di criteri (posizione, stato e vetust\u00e0, documentazione disponibile, superficie, andamento del mercato di immobili simili, inclusi eventuali elementi aggiuntivi e vantaggi dell\u2019immobile).<\/li><li data-start=\"2717\" data-end=\"2890\">Organizzazione della fotografia professionale \u2013 forniamo il servizio di fotografia professionale dell\u2019immobile e presentazione video, per evidenziarne tutto il potenziale.<\/li><li data-start=\"2894\" data-end=\"2965\">Organizzazione delle visite e comunicazione con le parti interessate.<\/li><li data-start=\"2969\" data-end=\"3059\">Verifica della correttezza della documentazione necessaria per la firma del preliminare.<\/li><li data-start=\"3063\" data-end=\"3249\">Supporto legale e amministrativo \u2013 preparazione del contratto preliminare in collaborazione con lo studio legale e accordo sulle condizioni di vendita che soddisfano entrambe le parti.<\/li><li data-start=\"3253\" data-end=\"3455\">Preparazione e firma del contratto finale e trasferimento della propriet\u00e0 \u2013 fase conclusiva dopo la quale vi consegniamo le conferme dell\u2019avvenuto trasferimento della propriet\u00e0 a nome dell\u2019acquirente.<\/li><li data-start=\"3460\" data-end=\"3564\">Supporto e consulenza post-vendita \u2013 restiamo a vostra disposizione anche dopo la vendita dell\u2019immobile.<\/li><\/ol>\t\t\t\t\t\t\t\t<\/div>\n\t\t\t\t<div class=\"elementor-element elementor-element-65fb4f2 elementor-widget elementor-widget-button\" data-id=\"65fb4f2\" data-element_type=\"widget\" data-widget_type=\"button.default\">\n\t\t\t\t\t\t\t\t\t\t<a class=\"elementor-button elementor-button-link elementor-size-sm\" href=\"\/it\/contattaci\/\">\n\t\t\t\t\t\t<span class=\"elementor-button-content-wrapper\">\n\t\t\t\t\t\t\t\t\t<span class=\"elementor-button-text\">Richiedi una valutazione gratuita<\/span>\n\t\t\t\t\t<\/span>\n\t\t\t\t\t<\/a>\n\t\t\t\t\t\t\t\t<\/div>\n\t\t\t\t<div class=\"elementor-element elementor-element-6fb15e0 elementor-widget__width-inherit elementor-widget elementor-widget-heading\" data-id=\"6fb15e0\" data-element_type=\"widget\" id=\"ap-d\" data-widget_type=\"heading.default\">\n\t\t\t\t\t<h3 class=\"elementor-heading-title elementor-size-default\">Il nostro servizio di supporto amministrativo e legale include:<\/h3>\t\t\t\t<\/div>\n\t\t\t\t<div class=\"elementor-element elementor-element-1016073 elementor-widget elementor-widget-text-editor\" data-id=\"1016073\" data-element_type=\"widget\" data-widget_type=\"text-editor.default\">\n\t\t\t\t\t\t\t\t\t<ol><li data-start=\"3686\" data-end=\"3929\">Verifica della documentazione e assistenza nell\u2019ottenimento della documentazione incompleta \u2013 vi informiamo su quali documenti sono necessari per la firma del preliminare e del contratto e forniamo supporto per ottenere i documenti mancanti.<\/li><li data-start=\"3933\" data-end=\"4147\">Collaborazione con i servizi legali affinch\u00e9 i contratti necessari contengano le condizioni di compravendita concordate e affinch\u00e9 la vendita sia eseguita in modo legale, con chiaro consenso di entrambe le parti.<\/li><li data-start=\"4151\" data-end=\"4331\">Supporto amministrativo \u2013 in collaborazione con il notaio e il catasto; assicuriamo che tutta la documentazione sia correttamente autenticata e registrata negli archivi pubblici.<\/li><li data-start=\"4335\" data-end=\"4476\">Partecipiamo come assistenti nel trasferimento della propriet\u00e0, durante il quale le parti ricevono le conferme dell\u2019avvenuto trasferimento.<\/li><li data-start=\"4480\" data-end=\"4589\">Vi informiamo sui regolamenti fiscali e sull\u2019intera procedura fiscale rilevante per il vostro caso personale.<\/li><\/ol>\t\t\t\t\t\t\t\t<\/div>\n\t\t\t\t<div class=\"elementor-element elementor-element-e482925 elementor-widget elementor-widget-button\" data-id=\"e482925\" data-element_type=\"widget\" data-widget_type=\"button.default\">\n\t\t\t\t\t\t\t\t\t\t<a class=\"elementor-button elementor-button-link elementor-size-sm\" href=\"\/it\/contattaci\/\">\n\t\t\t\t\t\t<span class=\"elementor-button-content-wrapper\">\n\t\t\t\t\t\t\t\t\t<span class=\"elementor-button-text\">Risolvamo la burocrazia insieme<\/span>\n\t\t\t\t\t<\/span>\n\t\t\t\t\t<\/a>\n\t\t\t\t\t\t\t\t<\/div>\n\t\t\t\t<div class=\"elementor-element elementor-element-5f2cce9 elementor-widget__width-inherit elementor-widget elementor-widget-heading\" data-id=\"5f2cce9\" data-element_type=\"widget\" id=\"ppn-d\" data-widget_type=\"heading.default\">\n\t\t\t\t\t<h3 class=\"elementor-heading-title elementor-size-default\">Il nostro servizio di presentazione e promozione dell\u2019immobile include:<\/h3>\t\t\t\t<\/div>\n\t\t\t\t<div class=\"elementor-element elementor-element-2156ead elementor-widget elementor-widget-text-editor\" data-id=\"2156ead\" data-element_type=\"widget\" data-widget_type=\"text-editor.default\">\n\t\t\t\t\t\t\t\t\t<ol><li data-start=\"4719\" data-end=\"4879\">Preparazione degli spazi interni ed esterni per la fotografia e scelta delle migliori angolazioni affinch\u00e9 le foto mostrino gli elementi chiave dell\u2019immobile.<\/li><li data-start=\"4883\" data-end=\"5030\">Fotografia degli interni, degli esterni e delle parti dell\u2019immobile che rappresentano un vantaggio competitivo rispetto ad altri immobili simili.<\/li><li data-start=\"5034\" data-end=\"5177\">Registrazione di contenuti video, con uso di drone, per catturare inquadrature dall\u2019alto e mostrare chiaramente l\u2019immobile e il suo ambiente.<\/li><li data-start=\"5181\" data-end=\"5274\">Selezione dei migliori materiali registrati, montaggio e preparazione per l\u2019uso successivo.<\/li><li data-start=\"5278\" data-end=\"5501\">Promozione dell\u2019immobile sui canali precedentemente concordati \u2013 utilizzando il miglior materiale foto e video, che viene accompagnato da un testo adeguato e pubblicato sul nostro sito web, negli annunci e sui social media.<\/li><\/ol>\t\t\t\t\t\t\t\t<\/div>\n\t\t\t\t<div class=\"elementor-element elementor-element-59548a7 elementor-widget elementor-widget-button\" data-id=\"59548a7\" data-element_type=\"widget\" data-widget_type=\"button.default\">\n\t\t\t\t\t\t\t\t\t\t<a class=\"elementor-button elementor-button-link elementor-size-sm\" href=\"\/it\/contattaci\/\">\n\t\t\t\t\t\t<span class=\"elementor-button-content-wrapper\">\n\t\t\t\t\t\t\t\t\t<span class=\"elementor-button-text\">Richiedi la presentazione del tuo immobile<\/span>\n\t\t\t\t\t<\/span>\n\t\t\t\t\t<\/a>\n\t\t\t\t\t\t\t\t<\/div>\n\t\t\t\t<div class=\"elementor-element elementor-element-5985e44 elementor-widget__width-inherit elementor-widget elementor-widget-heading\" data-id=\"5985e44\" data-element_type=\"widget\" id=\"dodatno\" data-widget_type=\"heading.default\">\n\t\t\t\t\t<h3 class=\"elementor-heading-title elementor-size-default\">Oltre ai servizi principali, offriamo anche servizi aggiuntivi su richiesta:<\/h3>\t\t\t\t<\/div>\n\t\t\t\t<div class=\"elementor-element elementor-element-fc0b9fd elementor-widget elementor-widget-text-editor\" data-id=\"fc0b9fd\" data-element_type=\"widget\" data-widget_type=\"text-editor.default\">\n\t\t\t\t\t\t\t\t\t<ol><li data-start=\"5645\" data-end=\"5900\">Se provenite da un paese straniero, a causa della barriera linguistica e della mancata conoscenza delle normative locali, l\u2019apertura di un conto bancario pu\u00f2 sembrarvi una sfida \u2013 non preoccupatevi, vi forniamo assistenza in questo importante passaggio.<\/li><li data-start=\"5904\" data-end=\"6256\">Se decidete di aprire una societ\u00e0 in Croazia, vi offriamo i servizi di un consulente fiscale per garantire che il processo si svolga senza difficolt\u00e0 e per evitare conseguenze fiscali indesiderate. Egli vi informer\u00e0 sulla percentuale di tasse da versare, sulle scadenze e su eventuali ulteriori obblighi fiscali legati al vostro paese di provenienza.<\/li><li data-start=\"6260\" data-end=\"6478\">Vi mettiamo in contatto con uno studio di architettura\/progettazione, in caso di necessit\u00e0 di soluzioni architettoniche o progettuali, realizzazione di progetti per nuova costruzione o ristrutturazione dell\u2019immobile.<\/li><li data-start=\"6482\" data-end=\"6653\">Se avete acquistato un immobile e avete bisogno di manutenzione della casa durante tutto l\u2019anno, vi mettiamo in contatto con aziende\/persone che offrono questo servizio.<\/li><li data-start=\"6657\" data-end=\"7104\">Se desiderate affittare il vostro immobile, vi mettiamo in contatto con un\u2019agenzia di locazione che offre il servizio \u201cchiavi in mano\u201d \u2013 si tratta di un\u2019agenzia che assume la gestione completa dell\u2019affitto affinch\u00e9 non dobbiate occuparvi di alcun passaggio. Mentre vi trovate in un altro paese o in un\u2019altra citt\u00e0, lontani dalla costa croata \u2013 l\u2019agenzia si occupa dell\u2019affitto, delle pulizie e della registrazione e deregistrazione degli ospiti.<\/li><li data-start=\"7108\" data-end=\"7389\">Servizi specifici aggiuntivi su richiesta \u2013 se provenite da un paese straniero e avete bisogno di ulteriori servizi amministrativi o altri servizi legati agli immobili, contattateci e cercheremo di trovare la soluzione migliore per la vostra necessit\u00e0, con soddisfazione reciproca.<\/li><\/ol>\t\t\t\t\t\t\t\t<\/div>\n\t\t\t\t<div class=\"elementor-element elementor-element-8ef8821 elementor-widget elementor-widget-button\" data-id=\"8ef8821\" data-element_type=\"widget\" data-widget_type=\"button.default\">\n\t\t\t\t\t\t\t\t\t\t<a class=\"elementor-button elementor-button-link elementor-size-sm\" href=\"\/it\/contattaci\/\">\n\t\t\t\t\t\t<span class=\"elementor-button-content-wrapper\">\n\t\t\t\t\t\t\t\t\t<span class=\"elementor-button-text\">Troviamo insieme la soluzione pi\u00f9 adatta a voi<\/span>\n\t\t\t\t\t<\/span>\n\t\t\t\t\t<\/a>\n\t\t\t\t\t\t\t\t<\/div>\n\t\t\t\t<\/div>\n\t\t\t\t<\/div>\n\t\t<div class=\"elementor-element elementor-element-d95227c e-con-full e-flex e-con e-child\" data-id=\"d95227c\" data-element_type=\"container\" data-settings=\"{&quot;background_background&quot;:&quot;classic&quot;,&quot;sticky_parent&quot;:&quot;yes&quot;,&quot;sticky&quot;:&quot;top&quot;,&quot;sticky_on&quot;:[&quot;desktop&quot;,&quot;tablet&quot;],&quot;sticky_offset&quot;:0,&quot;sticky_effects_offset&quot;:0,&quot;sticky_anchor_link_offset&quot;:0}\">\n\t\t\t\t<div class=\"elementor-element elementor-element-8acc8f1 elementor-icon-list--layout-traditional elementor-list-item-link-full_width elementor-widget elementor-widget-icon-list\" data-id=\"8acc8f1\" data-element_type=\"widget\" data-widget_type=\"icon-list.default\">\n\t\t\t\t\t\t\t<ul class=\"elementor-icon-list-items\">\n\t\t\t\t\t\t\t<li class=\"elementor-icon-list-item\">\n\t\t\t\t\t\t\t\t\t\t\t<a href=\"#pk\">\n\n\t\t\t\t\t\t\t\t\t\t\t<span class=\"elementor-icon-list-text\">Mediazione nell\u2019acquisto di immobili<\/span>\n\t\t\t\t\t\t\t\t\t\t\t<\/a>\n\t\t\t\t\t\t\t\t\t<\/li>\n\t\t\t\t\t\t\t\t<li class=\"elementor-icon-list-item\">\n\t\t\t\t\t\t\t\t\t\t\t<a href=\"#pp\">\n\n\t\t\t\t\t\t\t\t\t\t\t<span class=\"elementor-icon-list-text\">Mediazione nella vendita di immobili<\/span>\n\t\t\t\t\t\t\t\t\t\t\t<\/a>\n\t\t\t\t\t\t\t\t\t<\/li>\n\t\t\t\t\t\t\t\t<li class=\"elementor-icon-list-item\">\n\t\t\t\t\t\t\t\t\t\t\t<a href=\"#ap\">\n\n\t\t\t\t\t\t\t\t\t\t\t<span class=\"elementor-icon-list-text\">Supporto amministrativo e legale<\/span>\n\t\t\t\t\t\t\t\t\t\t\t<\/a>\n\t\t\t\t\t\t\t\t\t<\/li>\n\t\t\t\t\t\t\t\t<li class=\"elementor-icon-list-item\">\n\t\t\t\t\t\t\t\t\t\t\t<a href=\"#ppn\">\n\n\t\t\t\t\t\t\t\t\t\t\t<span class=\"elementor-icon-list-text\">Presentazione e promozione dell\u2019immobile<\/span>\n\t\t\t\t\t\t\t\t\t\t\t<\/a>\n\t\t\t\t\t\t\t\t\t<\/li>\n\t\t\t\t\t\t\t\t<li class=\"elementor-icon-list-item\">\n\t\t\t\t\t\t\t\t\t\t\t<a href=\"#du\">\n\n\t\t\t\t\t\t\t\t\t\t\t<span class=\"elementor-icon-list-text\">Servizi aggiuntivi su richiesta<\/span>\n\t\t\t\t\t\t\t\t\t\t\t<\/a>\n\t\t\t\t\t\t\t\t\t<\/li>\n\t\t\t\t\t\t<\/ul>\n\t\t\t\t\t\t<\/div>\n\t\t\t\t<\/div>\n\t\t\t\t\t<\/div>\n\t\t\t\t<\/div>\n\t\t\t\t<\/div>\n\t\t","protected":false},"excerpt":{"rendered":"<p>Mediazione nell\u2019acquisto di immobili In base ai vostri interessi espressi, vi aiutiamo a trovare l\u2019immobile dei vostri sogni. Che siate alla ricerca di una casa per le vacanze, di appartamenti di lusso da affittare durante tutto l\u2019anno, o di case e ville sul mare da utilizzare per il vostro soggiorno estivo \u2013 siamo a vostra [&hellip;]<\/p>\n","protected":false},"author":2,"featured_media":0,"parent":0,"menu_order":0,"comment_status":"closed","ping_status":"closed","template":"elementor_header_footer","meta":{"inline_featured_image":false,"footnotes":""},"class_list":["post-5671","page","type-page","status-publish","hentry"],"_links":{"self":[{"href":"https:\/\/solhome.hr\/it\/wp-json\/wp\/v2\/pages\/5671","targetHints":{"allow":["GET"]}}],"collection":[{"href":"https:\/\/solhome.hr\/it\/wp-json\/wp\/v2\/pages"}],"about":[{"href":"https:\/\/solhome.hr\/it\/wp-json\/wp\/v2\/types\/page"}],"author":[{"embeddable":true,"href":"https:\/\/solhome.hr\/it\/wp-json\/wp\/v2\/users\/2"}],"replies":[{"embeddable":true,"href":"https:\/\/solhome.hr\/it\/wp-json\/wp\/v2\/comments?post=5671"}],"version-history":[{"count":13,"href":"https:\/\/solhome.hr\/it\/wp-json\/wp\/v2\/pages\/5671\/revisions"}],"predecessor-version":[{"id":51946,"href":"https:\/\/solhome.hr\/it\/wp-json\/wp\/v2\/pages\/5671\/revisions\/51946"}],"wp:attachment":[{"href":"https:\/\/solhome.hr\/it\/wp-json\/wp\/v2\/media?parent=5671"}],"curies":[{"name":"wp","href":"https:\/\/api.w.org\/{rel}","templated":true}]}}