{"id":5641,"date":"2025-08-01T11:06:20","date_gmt":"2025-08-01T11:06:20","guid":{"rendered":"https:\/\/musing-rosalind.135-181-117-101.plesk.page\/?page_id=5641"},"modified":"2025-11-17T16:45:58","modified_gmt":"2025-11-17T16:45:58","slug":"guide","status":"publish","type":"page","link":"https:\/\/solhome.hr\/it\/guide\/","title":{"rendered":"Guide"},"content":{"rendered":"\t\t<div data-elementor-type=\"wp-page\" data-elementor-id=\"5641\" class=\"elementor elementor-5641 elementor-3261\" data-elementor-post-type=\"page\">\n\t\t\t\t<div class=\"elementor-element elementor-element-761daba e-flex e-con-boxed e-con e-parent\" data-id=\"761daba\" data-element_type=\"container\">\n\t\t\t\t\t<div class=\"e-con-inner\">\n\t\t\t\t\t<\/div>\n\t\t\t\t<\/div>\n\t\t<div class=\"elementor-element elementor-element-82ebc03 e-flex e-con-boxed e-con e-parent\" data-id=\"82ebc03\" data-element_type=\"container\">\n\t\t\t\t\t<div class=\"e-con-inner\">\n\t\t\t\t<div class=\"elementor-element elementor-element-89bfcc6 elementor-widget elementor-widget-text-editor\" data-id=\"89bfcc6\" data-element_type=\"widget\" data-widget_type=\"text-editor.default\">\n\t\t\t\t\t\t\t\t\t<p>Che tu stia pianificando di acquistare, vendere o affittare un immobile, la Croazia offre numerose opportunit\u00e0, ma il processo pu\u00f2 creare confusione a causa delle diverse procedure legali, tasse e altri fattori importanti. La nostra missione \u00e8 semplificare tutti gli aspetti legati agli immobili e fornirti tutte le informazioni necessarie per prendere una decisione informata e superare ogni passo con facilit\u00e0.<\/p>\t\t\t\t\t\t\t\t<\/div>\n\t\t\t\t\t<\/div>\n\t\t\t\t<\/div>\n\t\t<div class=\"elementor-element elementor-element-4e48d47 e-flex e-con-boxed e-con e-parent\" data-id=\"4e48d47\" data-element_type=\"container\">\n\t\t\t\t\t<div class=\"e-con-inner\">\n\t\t<div class=\"elementor-element elementor-element-3790d3c e-con-full e-flex e-con e-child\" data-id=\"3790d3c\" data-element_type=\"container\" data-settings=\"{&quot;background_background&quot;:&quot;classic&quot;}\">\n\t\t\t\t<div class=\"elementor-element elementor-element-dde1a52 elementor-widget elementor-widget-heading\" data-id=\"dde1a52\" data-element_type=\"widget\" data-widget_type=\"heading.default\">\n\t\t\t\t\t<h4 class=\"elementor-heading-title elementor-size-default\">Acquisto di immobili in Croazia<\/h4>\t\t\t\t<\/div>\n\t\t\t\t<div class=\"elementor-element elementor-element-2f458ff elementor-hidden-tablet elementor-hidden-mobile elementor-widget elementor-widget-text-editor\" data-id=\"2f458ff\" data-element_type=\"widget\" data-widget_type=\"text-editor.default\">\n\t\t\t\t\t\t\t\t\t<p data-start=\"4367\" data-end=\"4919\">Per garantire che l\u2019intero processo di acquisto proceda senza intoppi, \u00e8 importante preparare in anticipo un piano finanziario e verificare la documentazione dell\u2019immobile, come il certificato catastale e il permesso di costruire. Consigliamo di assumere un agente immobiliare che vi guider\u00e0 nella negoziazione, garantir\u00e0 un prezzo equo e in linea con il mercato e vi aiuter\u00e0 a gestire tutti gli obblighi amministrativi. La nostra guida vi aiuter\u00e0 ad acquistare una propriet\u00e0 rapidamente, al miglior prezzo possibile e senza complicazioni indesiderate.<\/p>\t\t\t\t\t\t\t\t<\/div>\n\t\t\t\t<div class=\"elementor-element elementor-element-872f646 elementor-hidden-desktop elementor-widget elementor-widget-text-editor\" data-id=\"872f646\" data-element_type=\"widget\" data-widget_type=\"text-editor.default\">\n\t\t\t\t\t\t\t\t\t<p data-start=\"4921\" data-end=\"5074\">Se vi siete mai chiesti come acquistare una propriet\u00e0 in Croazia e quali procedure seguire \u2013 leggete la nostra guida all\u2019acquisto immobiliare in Croazia.<\/p>\t\t\t\t\t\t\t\t<\/div>\n\t\t\t\t<div class=\"elementor-element elementor-element-801067f elementor-widget elementor-widget-button\" data-id=\"801067f\" data-element_type=\"widget\" data-widget_type=\"button.default\">\n\t\t\t\t\t\t\t\t\t\t<a class=\"elementor-button elementor-button-link elementor-size-sm\" href=\"\/it\/guide\/acquisto-di-immobili-in-croazia-guida-allacquisto\/\">\n\t\t\t\t\t\t<span class=\"elementor-button-content-wrapper\">\n\t\t\t\t\t\t\t\t\t<span class=\"elementor-button-text\">VISUALIZZA LA GUIDA<\/span>\n\t\t\t\t\t<\/span>\n\t\t\t\t\t<\/a>\n\t\t\t\t\t\t\t\t<\/div>\n\t\t\t\t<\/div>\n\t\t<div class=\"elementor-element elementor-element-92e482e e-con-full e-flex e-con e-child\" data-id=\"92e482e\" data-element_type=\"container\">\n\t\t<div class=\"elementor-element elementor-element-fe3506d e-con-full e-flex e-con e-child\" data-id=\"fe3506d\" data-element_type=\"container\" data-settings=\"{&quot;background_background&quot;:&quot;classic&quot;}\">\n\t\t\t\t<div class=\"elementor-element elementor-element-4d22cb5 elementor-widget elementor-widget-heading\" data-id=\"4d22cb5\" data-element_type=\"widget\" data-widget_type=\"heading.default\">\n\t\t\t\t\t<h4 class=\"elementor-heading-title elementor-size-default\">Vendita di immobili in Croazia<\/h4>\t\t\t\t<\/div>\n\t\t\t\t<div class=\"elementor-element elementor-element-c0dfb42 elementor-widget elementor-widget-text-editor\" data-id=\"c0dfb42\" data-element_type=\"widget\" data-widget_type=\"text-editor.default\">\n\t\t\t\t\t\t\t\t\t<p data-start=\"5076\" data-end=\"5240\">Se vi chiedete come vendere una propriet\u00e0 rapidamente e senza stress rispettando tutte le procedure legali, leggete la guida e scoprite tutto ci\u00f2 che dovete sapere!<\/p>\t\t\t\t\t\t\t\t<\/div>\n\t\t\t\t<div class=\"elementor-element elementor-element-63eef57 elementor-widget elementor-widget-button\" data-id=\"63eef57\" data-element_type=\"widget\" data-widget_type=\"button.default\">\n\t\t\t\t\t\t\t\t\t\t<a class=\"elementor-button elementor-button-link elementor-size-sm\" href=\"\/it\/guide\/vendita-di-immobili-in-croazia-guida-completa\/\">\n\t\t\t\t\t\t<span class=\"elementor-button-content-wrapper\">\n\t\t\t\t\t\t\t\t\t<span class=\"elementor-button-text\">VISUALIZZA LA GUIDA<\/span>\n\t\t\t\t\t<\/span>\n\t\t\t\t\t<\/a>\n\t\t\t\t\t\t\t\t<\/div>\n\t\t\t\t<\/div>\n\t\t<div class=\"elementor-element elementor-element-ebecf49 e-con-full e-flex e-con e-child\" data-id=\"ebecf49\" data-element_type=\"container\" data-settings=\"{&quot;background_background&quot;:&quot;classic&quot;}\">\n\t\t\t\t<div class=\"elementor-element elementor-element-1682603 elementor-widget elementor-widget-heading\" data-id=\"1682603\" data-element_type=\"widget\" data-widget_type=\"heading.default\">\n\t\t\t\t\t<h4 class=\"elementor-heading-title elementor-size-default\">Tasse immobiliari in Croazia<\/h4>\t\t\t\t<\/div>\n\t\t\t\t<div class=\"elementor-element elementor-element-ebb7d43 elementor-widget elementor-widget-text-editor\" data-id=\"ebb7d43\" data-element_type=\"widget\" data-widget_type=\"text-editor.default\">\n\t\t\t\t\t\t\t\t\t<p data-start=\"5242\" data-end=\"5420\">Quali costi potete aspettarvi se intendete acquistare o vendere una propriet\u00e0 in Croazia e quali tasse immobiliari esistono \u2013 leggete la nostra guida completa per saperne di pi\u00f9.<\/p>\t\t\t\t\t\t\t\t<\/div>\n\t\t\t\t<div class=\"elementor-element elementor-element-defe243 elementor-widget elementor-widget-button\" data-id=\"defe243\" data-element_type=\"widget\" data-widget_type=\"button.default\">\n\t\t\t\t\t\t\t\t\t\t<a class=\"elementor-button elementor-button-link elementor-size-sm\" href=\"\/it\/guide\/imposte-immobiliari-in-croazia-una-guida-completa\/\">\n\t\t\t\t\t\t<span class=\"elementor-button-content-wrapper\">\n\t\t\t\t\t\t\t\t\t<span class=\"elementor-button-text\">VISUALIZZA LA GUIDA<\/span>\n\t\t\t\t\t<\/span>\n\t\t\t\t\t<\/a>\n\t\t\t\t\t\t\t\t<\/div>\n\t\t\t\t<\/div>\n\t\t\t\t<\/div>\n\t\t\t\t\t<\/div>\n\t\t\t\t<\/div>\n\t\t\t\t<\/div>\n\t\t","protected":false},"excerpt":{"rendered":"<p>Che tu stia pianificando di acquistare, vendere o affittare un immobile, la Croazia offre numerose opportunit\u00e0, ma il processo pu\u00f2 creare confusione a causa delle diverse procedure legali, tasse e altri fattori importanti. La nostra missione \u00e8 semplificare tutti gli aspetti legati agli immobili e fornirti tutte le informazioni necessarie per prendere una decisione informata [&hellip;]<\/p>\n","protected":false},"author":2,"featured_media":0,"parent":0,"menu_order":0,"comment_status":"closed","ping_status":"closed","template":"","meta":{"inline_featured_image":false,"footnotes":""},"class_list":["post-5641","page","type-page","status-publish","hentry"],"_links":{"self":[{"href":"https:\/\/solhome.hr\/it\/wp-json\/wp\/v2\/pages\/5641","targetHints":{"allow":["GET"]}}],"collection":[{"href":"https:\/\/solhome.hr\/it\/wp-json\/wp\/v2\/pages"}],"about":[{"href":"https:\/\/solhome.hr\/it\/wp-json\/wp\/v2\/types\/page"}],"author":[{"embeddable":true,"href":"https:\/\/solhome.hr\/it\/wp-json\/wp\/v2\/users\/2"}],"replies":[{"embeddable":true,"href":"https:\/\/solhome.hr\/it\/wp-json\/wp\/v2\/comments?post=5641"}],"version-history":[{"count":19,"href":"https:\/\/solhome.hr\/it\/wp-json\/wp\/v2\/pages\/5641\/revisions"}],"predecessor-version":[{"id":52281,"href":"https:\/\/solhome.hr\/it\/wp-json\/wp\/v2\/pages\/5641\/revisions\/52281"}],"wp:attachment":[{"href":"https:\/\/solhome.hr\/it\/wp-json\/wp\/v2\/media?parent=5641"}],"curies":[{"name":"wp","href":"https:\/\/api.w.org\/{rel}","templated":true}]}}