{"id":22511,"date":"2025-09-05T09:58:23","date_gmt":"2025-09-05T09:58:23","guid":{"rendered":"https:\/\/musing-rosalind.135-181-117-101.plesk.page\/guide\/prodaja-nekretnina-u-hrvatskoj-potpuni-vodic\/"},"modified":"2025-10-25T12:46:24","modified_gmt":"2025-10-25T12:46:24","slug":"vendita-di-immobili-in-croazia-guida-completa","status":"publish","type":"page","link":"https:\/\/solhome.hr\/it\/guide\/vendita-di-immobili-in-croazia-guida-completa\/","title":{"rendered":"Vendita di immobili in Croazia \u2013 Guida completa"},"content":{"rendered":"\t\t<div data-elementor-type=\"wp-page\" data-elementor-id=\"22511\" class=\"elementor elementor-22511 elementor-4419\" data-elementor-post-type=\"page\">\n\t\t\t\t<div class=\"elementor-element elementor-element-0664286 e-flex e-con-boxed e-con e-parent\" data-id=\"0664286\" data-element_type=\"container\">\n\t\t\t\t\t<div class=\"e-con-inner\">\n\t\t\t\t\t<\/div>\n\t\t\t\t<\/div>\n\t\t<div class=\"elementor-element elementor-element-f0465f1 e-flex e-con-boxed e-con e-parent\" data-id=\"f0465f1\" data-element_type=\"container\">\n\t\t\t\t\t<div class=\"e-con-inner\">\n\t\t<div class=\"elementor-element elementor-element-48334e7 e-con-full e-flex e-con e-child\" data-id=\"48334e7\" data-element_type=\"container\" data-settings=\"{&quot;background_background&quot;:&quot;classic&quot;}\">\n\t\t\t\t<div class=\"elementor-element elementor-element-dcf7d82 elementor-widget elementor-widget-text-editor\" data-id=\"dcf7d82\" data-element_type=\"widget\" data-widget_type=\"text-editor.default\">\n\t\t\t\t\t\t\t\t\t<p>Avete una propriet\u00e0 in Croazia che rimane inutilizzata e vi costa denaro ogni mese? Avete deciso che venderla potrebbe essere un buon modo per realizzare un profitto e allo stesso tempo liberarvi dallo stress di preoccuparvi dei costi di manutenzione di una propriet\u00e0 che non viene utilizzata? Siamo qui per facilitarvi la vendita del vostro immobile! Di seguito \u00e8 riportato un elenco dei passaggi da compiere se si desidera vendere rapidamente e a un prezzo che rifletta il suo vero valore.<\/p><p><strong>Leggi la nostra guida dettagliata passo dopo passo e scopri come vendere la tua propriet\u00e0 in modo rapido ed efficiente!<\/strong><\/p>\t\t\t\t\t\t\t\t<\/div>\n\t\t\t\t<div class=\"elementor-element elementor-element-0d1b7f3 elementor-widget__width-inherit elementor-widget elementor-widget-heading\" data-id=\"0d1b7f3\" data-element_type=\"widget\" data-widget_type=\"heading.default\">\n\t\t\t\t\t<h2 class=\"elementor-heading-title elementor-size-default\">PROCEDURA PASSO DOPO PASSO PER LA VENDITA DI IMMOBILI IN CROAZIA\n\n<\/h2>\t\t\t\t<\/div>\n\t\t\t\t<div class=\"elementor-element elementor-element-fa6e305 elementor-widget elementor-widget-text-editor\" data-id=\"fa6e305\" data-element_type=\"widget\" data-widget_type=\"text-editor.default\">\n\t\t\t\t\t\t\t\t\t<p>Vendere una propriet\u00e0 pu\u00f2 essere un processo impegnativo e lungo: richiede un investimento significativo in pubblicit\u00e0, sforzi nell&#8217;organizzazione delle visite e la gestione di complesse procedure amministrative e legali. Per risparmiare tempo e ridurre lo stress, contattateci per ricevere assistenza! Ci assumeremo la maggior parte delle responsabilit\u00e0, permettendovi di vendere la vostra propriet\u00e0 rapidamente e senza problemi. Ogni passo nel processo di vendita di un immobile \u00e8 cruciale per garantire una vendita sicura a un prezzo che rifletta accuratamente il suo valore e sia conforme ai requisiti legali. <strong>Questi sono i passaggi da compiere:<\/strong><\/p><p><a href=\"#k1\"><span style=\"font-weight: 400;\">Passo 1: Preparazione dell&#8217;immobile per la vendita <\/span><\/a><br \/><a href=\"#k2\"><span style=\"font-weight: 400;\">Passo 2: Determinazione del valore di mercato dell&#8217;immobile consultando un&#8217;agenzia immobiliare <\/span><\/a><br \/><a href=\"#k3\"><span style=\"font-weight: 400;\">Passo 3: Negoziazione dell&#8217;immobile<\/span><\/a> <br \/><a href=\"#k4\"><span style=\"font-weight: 400;\">Passo 4: Firma del contratto preliminare (predugovor) <\/span><\/a> <br \/><a href=\"#k5\"><span style=\"font-weight: 400;\">Passo 5: Firma del contratto di vendita definitivo<\/span><\/a><br \/><a href=\"#k6\"><span style=\"font-weight: 400;\">Passo 6: Cosa pagano i venditori di immobili: Tasse e costi aggiuntivi in Croazia <\/span><\/a><br \/><a href=\"#k7\"><span style=\"font-weight: 400;\">Passo 7: Trasferimento della propriet\u00e0 all&#8217;acquirente <\/span><\/a><a href=\"#k7\"><br \/><\/a><a href=\"#k8\"><span style=\"font-weight: 400;\">Passo 8: Ricezione del pagamento e finalizzazione della vendita.<\/span><\/a><\/p>\t\t\t\t\t\t\t\t<\/div>\n\t\t\t\t<div class=\"elementor-element elementor-element-8efefc1 elementor-widget__width-inherit elementor-widget elementor-widget-heading\" data-id=\"8efefc1\" data-element_type=\"widget\" id=\"k1\" data-widget_type=\"heading.default\">\n\t\t\t\t\t<h3 class=\"elementor-heading-title elementor-size-default\">PASSO 1: PREPARAZIONE DELL'IMMOBILE PER LA VENDITA\n<\/h3>\t\t\t\t<\/div>\n\t\t\t\t<div class=\"elementor-element elementor-element-d2ead64 elementor-widget elementor-widget-text-editor\" data-id=\"d2ead64\" data-element_type=\"widget\" data-widget_type=\"text-editor.default\">\n\t\t\t\t\t\t\t\t\t<p>La preparazione dell&#8217;immobile per la vendita \u00e8 uno dei passaggi pi\u00f9 importanti, sebbene spesso trascurato. L&#8217;immobile non deve essere in perfette condizioni, ma \u00e8 essenziale che sia pulito e dia l&#8217;impressione che i precedenti proprietari se ne siano presi cura. Per eseguire correttamente questo passaggio, seguite questi passaggi:<\/p><ol><li><strong>Pulite l&#8217;immobile<\/strong> dentro e fuori, e create un&#8217;atmosfera attraente per le visite.<\/li><li>Per dare agli acquirenti un&#8217;idea pi\u00f9 chiara di ci\u00f2 che stanno ottenendo, <strong>rimuovete gli oggetti personali<\/strong>, se possibile.<\/li><li>Verificate che tutto funzioni e, in caso contrario, <strong>effettuate le riparazioni necessarie<\/strong>.<\/li><li>Ingaggiate un buon fotografo per catturare l&#8217;immobile dalle sue angolazioni migliori.<\/li><li>Preparate la <a href=\"https:\/\/gov.hr\/hr\/prodaja-nekretnine\/1288?lang=hr\">documentazione necessaria per la vendita dell&#8217;immobile<\/a> (atto di propriet\u00e0, certificato energetico, permesso di costruzione e altri documenti necessari).<\/li><\/ol>\t\t\t\t\t\t\t\t<\/div>\n\t\t\t\t<div class=\"elementor-element elementor-element-1acb474 elementor-widget elementor-widget-image\" data-id=\"1acb474\" data-element_type=\"widget\" data-widget_type=\"image.default\">\n\t\t\t\t\t\t\t\t\t\t\t\t\t\t\t<img fetchpriority=\"high\" decoding=\"async\" width=\"1000\" height=\"563\" src=\"https:\/\/solhome.hr\/wp-content\/uploads\/2025\/09\/image1.webp\" class=\"attachment-full size-full wp-image-22512\" alt=\"\" srcset=\"https:\/\/solhome.hr\/wp-content\/uploads\/2025\/09\/image1.webp 1000w, https:\/\/solhome.hr\/wp-content\/uploads\/2025\/09\/image1-300x169.webp 300w, https:\/\/solhome.hr\/wp-content\/uploads\/2025\/09\/image1-768x432.webp 768w\" sizes=\"(max-width: 1000px) 100vw, 1000px\" \/>\t\t\t\t\t\t\t\t\t\t\t\t\t\t\t<\/div>\n\t\t\t\t<div class=\"elementor-element elementor-element-a02c53b elementor-widget__width-inherit elementor-widget elementor-widget-heading\" data-id=\"a02c53b\" data-element_type=\"widget\" id=\"k2\" data-widget_type=\"heading.default\">\n\t\t\t\t\t<h3 class=\"elementor-heading-title elementor-size-default\">PASSO 2: DETERMINAZIONE DEL VALORE DI MERCATO DELL'IMMOBILE CONSULTANDO UN'AGENZIA IMMOBILIARE<\/h3>\t\t\t\t<\/div>\n\t\t\t\t<div class=\"elementor-element elementor-element-e845372 elementor-widget elementor-widget-text-editor\" data-id=\"e845372\" data-element_type=\"widget\" data-widget_type=\"text-editor.default\">\n\t\t\t\t\t\t\t\t\t<p>\u00a0La valutazione dell&#8217;immobile \u00e8 essenziale affinch\u00e9 voi, come venditori, conosciate il vero valore della vostra propriet\u00e0, ma anche affinch\u00e9 l&#8217;acquirente paghi un prezzo equo per ci\u00f2 che ottiene. Se questo passaggio viene saltato, pu\u00f2 facilmente accadere di vendere l&#8217;immobile a un prezzo inferiore e quindi perdere valore nella transazione, cosa che sicuramente non vorreste.<\/p><p>Poich\u00e9 la maggior parte delle persone non dispone di informazioni rilevanti sulle tendenze dei prezzi di mercato n\u00e9 sa quali fattori aumentano o diminuiscono il valore di un immobile, la soluzione migliore e pi\u00f9 sicura per questo passaggio \u00e8 ingaggiare <a href=\"https:\/\/solhome.hr\/\">un&#8217;agenzia immobiliare<\/a>.<\/p><p>Cosa fa un&#8217;agenzia immobiliare in questo passaggio:<\/p><ul><li><strong>Conoscenza del vostro immobile e valutazione dell&#8217;immobile<\/strong> \u2013 l&#8217;agenzia tiene conto delle specificit\u00e0 del vostro immobile, della sua posizione, e dell&#8217;offerta e della domanda che influenzano le tendenze dei prezzi.<\/li><li><strong>Fornire consigli e raccomandazioni<\/strong> su come potete aumentare il valore del vostro immobile per ottenere un prezzo pi\u00f9 alto.<\/li><\/ul>\t\t\t\t\t\t\t\t<\/div>\n\t\t\t\t<div class=\"elementor-element elementor-element-80e3789 elementor-widget__width-inherit elementor-widget elementor-widget-heading\" data-id=\"80e3789\" data-element_type=\"widget\" id=\"k3\" data-widget_type=\"heading.default\">\n\t\t\t\t\t<h3 class=\"elementor-heading-title elementor-size-default\">PASSO 3: NEGOZIAZIONE DELL'IMMOBILE<\/h3>\t\t\t\t<\/div>\n\t\t\t\t<div class=\"elementor-element elementor-element-cddd621 elementor-widget elementor-widget-text-editor\" data-id=\"cddd621\" data-element_type=\"widget\" data-widget_type=\"text-editor.default\">\n\t\t\t\t\t\t\t\t\t<p><strong>La negoziazione \u00e8 un passaggio chiave sia per i venditori che per gli acquirenti.<\/strong> Questo passaggio include un accordo tra il venditore e l&#8217;acquirente sul prezzo al quale avverr\u00e0 la transazione. Naturalmente, in questo passaggio ogni parte mira a realizzare un certo interesse: il venditore vuole ottenere il prezzo pi\u00f9 alto possibile, mentre l&#8217;acquirente vuole abbassare il prezzo dell&#8217;immobile.<\/p><p>Affinch\u00e9 il processo si svolga in modo equo e entrambe le parti raggiungano un accordo soddisfacente, sarebbe utile ingaggiare <a href=\"https:\/\/solhome.hr\/\">un&#8217;agenzia immobiliare affidabile<\/a>. Un agente immobiliare \u00e8 estremamente utile nella negoziazione della vendita di immobili perch\u00e9:<\/p><ul><li>Ha esperienza nella negoziazione e pu\u00f2 consigliarvi su come aumentare il valore dell&#8217;immobile.<\/li><li>Gli agenti hanno competenze di vendita e marketing ben sviluppate e sanno quali caratteristiche dell&#8217;immobile evidenziare per attirare un potenziale acquirente.<\/li><li>Un agente immobiliare \u00e8 comunicativo, affidabile e disponibile per qualsiasi domanda dell&#8217;acquirente, che a volte possono essere numerose.<\/li><\/ul>\t\t\t\t\t\t\t\t<\/div>\n\t\t\t\t<div class=\"elementor-element elementor-element-a6fc0bc elementor-widget elementor-widget-image\" data-id=\"a6fc0bc\" data-element_type=\"widget\" data-widget_type=\"image.default\">\n\t\t\t\t\t\t\t\t\t\t\t\t\t\t\t<img decoding=\"async\" width=\"1000\" height=\"667\" src=\"https:\/\/solhome.hr\/wp-content\/uploads\/2025\/09\/image3.webp\" class=\"attachment-full size-full wp-image-22514\" alt=\"\" srcset=\"https:\/\/solhome.hr\/wp-content\/uploads\/2025\/09\/image3.webp 1000w, https:\/\/solhome.hr\/wp-content\/uploads\/2025\/09\/image3-300x200.webp 300w, https:\/\/solhome.hr\/wp-content\/uploads\/2025\/09\/image3-768x512.webp 768w\" sizes=\"(max-width: 1000px) 100vw, 1000px\" \/>\t\t\t\t\t\t\t\t\t\t\t\t\t\t\t<\/div>\n\t\t\t\t<div class=\"elementor-element elementor-element-30eaa03 elementor-widget__width-inherit elementor-widget elementor-widget-heading\" data-id=\"30eaa03\" data-element_type=\"widget\" id=\"k4\" data-widget_type=\"heading.default\">\n\t\t\t\t\t<h3 class=\"elementor-heading-title elementor-size-default\">PASSO 4: FIRMA DEL CONTRATTO PRELIMINARE (PREDUGOVOR)<\/h3>\t\t\t\t<\/div>\n\t\t\t\t<div class=\"elementor-element elementor-element-fc7abd6 elementor-widget elementor-widget-text-editor\" data-id=\"fc7abd6\" data-element_type=\"widget\" data-widget_type=\"text-editor.default\">\n\t\t\t\t\t\t\t\t\t<p>\u00a0Una volta trovato un acquirente e concordato un prezzo, \u00e8 il momento di firmare <strong>il contratto preliminare di compravendita dell&#8217;immobile<\/strong>. La firma di un contratto preliminare \u00e8 giuridicamente vincolante in Croazia, poich\u00e9 \u00e8 un documento che assicura che la transazione avverr\u00e0 e che entrambe le parti sono impegnate nella vendita. <a href=\"https:\/\/gov.hr\/hr\/kupnja-nekretnine\/1282\">Il contratto preliminare<\/a> include:<\/p><ul><li><strong>Dettagli sull&#8217;immobile:<\/strong> Una descrizione dettagliata dell&#8217;immobile, inclusi indirizzo, dimensioni, numero di stanze, terreno e tutto ci\u00f2 che \u00e8 incluso nella vendita dell&#8217;immobile.<\/li><li><strong>Prezzo:<\/strong> Il contratto preliminare contiene informazioni sul prezzo concordato dell&#8217;immobile, il metodo di pagamento e l&#8217;importo della caparra (deposito).<\/li><li><strong>Metodo di pagamento:<\/strong> Informazioni sul fatto che l&#8217;immobile sar\u00e0 acquistato in contanti, tramite un prestito o in qualche altro modo. La data del trasferimento di propriet\u00e0 e la risoluzione dei processi finali.<\/li><li><strong>Conseguenze del mancato rispetto del contratto:<\/strong> \u00c8 prassi comune restituire la caparra nel doppio del suo ammontare se il venditore si ritira dalla vendita.<\/li><\/ul>\t\t\t\t\t\t\t\t<\/div>\n\t\t\t\t<div class=\"elementor-element elementor-element-97c1307 elementor-widget__width-inherit elementor-widget elementor-widget-heading\" data-id=\"97c1307\" data-element_type=\"widget\" id=\"k5\" data-widget_type=\"heading.default\">\n\t\t\t\t\t<h3 class=\"elementor-heading-title elementor-size-default\">PASSO 5: FIRMA DEL CONTRATTO DI VENDITA DEFINITIVO<\/h3>\t\t\t\t<\/div>\n\t\t\t\t<div class=\"elementor-element elementor-element-59eaa09 elementor-widget elementor-widget-text-editor\" data-id=\"59eaa09\" data-element_type=\"widget\" data-widget_type=\"text-editor.default\">\n\t\t\t\t\t\t\t\t\t<p>Dopo la firma del contratto preliminare, l&#8217;acquirente si assicura il finanziamento necessario, prepara la documentazione richiesta e, una volta risolte tutte le questioni amministrative e soddisfatte le condizioni indicate nel contratto preliminare, si arriva alla firma del contratto di acquisto principale.<\/p><p><strong>Il contratto di acquisto dell&#8217;immobile contiene:<\/strong><\/p><ul><li>Dettagli sull&#8217;immobile<\/li><li>Prezzo e termini di pagamento<\/li><li>Data del trasferimento di propriet\u00e0 e della firma del contratto<\/li><li>Una garanzia che la documentazione sia corretta e il processo legalmente condotto<\/li><li>Condizioni speciali se le parti le hanno concordate.<\/li><\/ul>\t\t\t\t\t\t\t\t<\/div>\n\t\t\t\t<div class=\"elementor-element elementor-element-76d8ec5 elementor-widget elementor-widget-image\" data-id=\"76d8ec5\" data-element_type=\"widget\" data-widget_type=\"image.default\">\n\t\t\t\t\t\t\t\t\t\t\t\t\t\t\t<img decoding=\"async\" width=\"1000\" height=\"667\" src=\"https:\/\/solhome.hr\/wp-content\/uploads\/2025\/09\/image2.webp\" class=\"attachment-full size-full wp-image-22515\" alt=\"\" srcset=\"https:\/\/solhome.hr\/wp-content\/uploads\/2025\/09\/image2.webp 1000w, https:\/\/solhome.hr\/wp-content\/uploads\/2025\/09\/image2-300x200.webp 300w, https:\/\/solhome.hr\/wp-content\/uploads\/2025\/09\/image2-768x512.webp 768w\" sizes=\"(max-width: 1000px) 100vw, 1000px\" \/>\t\t\t\t\t\t\t\t\t\t\t\t\t\t\t<\/div>\n\t\t\t\t<div class=\"elementor-element elementor-element-b2e7461 elementor-widget__width-inherit elementor-widget elementor-widget-heading\" data-id=\"b2e7461\" data-element_type=\"widget\" id=\"k6\" data-widget_type=\"heading.default\">\n\t\t\t\t\t<h3 class=\"elementor-heading-title elementor-size-default\">PASSO 6: COSA PAGANO I VENDITORI DI IMMOBILI: TASSE E COSTI AGGIUNTIVI IN CROAZIA\n<\/h3>\t\t\t\t<\/div>\n\t\t\t\t<div class=\"elementor-element elementor-element-d5c625a elementor-widget elementor-widget-text-editor\" data-id=\"d5c625a\" data-element_type=\"widget\" data-widget_type=\"text-editor.default\">\n\t\t\t\t\t\t\t\t\t<p>Se vi stavate chiedendo se la Croazia ha un&#8217;imposta sulla propriet\u00e0 e quali costi aggiuntivi sono coinvolti in una transazione immobiliare \u2013 la risposta \u00e8 s\u00ec, ci sono alcune tasse. Tuttavia, \u00e8 importante distinguere tra i tipi di tasse a seconda di chi \u00e8 responsabile del loro pagamento e quando.<\/p><p><strong>Obblighi finanziari del venditore nella vendita di immobili in Croazia:<\/strong><\/p><ul><li><strong>Imposta sulle plusvalenze dalla vendita di immobili:<\/strong> Questa imposta si paga se si vende un immobile entro due anni dall&#8217;acquisto e non lo si \u00e8 utilizzato come propria residenza. Ammonta al 10% sulla differenza di prezzo (plusvalenza). Tuttavia, se l&#8217;immobile era la vostra prima e unica casa, siete esenti dal pagamento di questa imposta.<\/li><li><strong>Spese legali e notarili:<\/strong> A seconda del vostro accordo con l&#8217;acquirente o con l&#8217;agenzia immobiliare che avete ingaggiato, potreste dover coprire parte o tutti i costi di questi servizi.<\/li><li><strong>Costi di ottenimento dei documenti:<\/strong> Se vi mancano alcuni documenti necessari, dovrete stanziare fondi per ottenerli. Ad esempio, il <a href=\"https:\/\/gov.hr\/hr\/energetski-certifikat\/1258\">certificato energetico<\/a> \u00e8 spesso un documento che i venditori non conoscono e spesso non possiedono.<\/li><li><strong>IVA (PDV):<\/strong> Se state vendendo un immobile tramite <strong>un&#8217;azienda<\/strong>, allora invece dell&#8217;imposta sul trasferimento di propriet\u00e0 immobiliari dovete pagare <strong>l&#8217;IVA al 25%<\/strong>.<\/li><li><strong>Commissione dell&#8217;agenzia:<\/strong> La commissione standard \u00e8 del <strong>3% pi\u00f9 IVA<\/strong> sul prezzo di vendita finale, o un importo diverso a seconda del vostro accordo con l&#8217;agenzia.<\/li><\/ul><p>Per evitare di trascurare eventuali costi potenziali, una decisione intelligente sarebbe consultare <a href=\"https:\/\/solhome.hr\/\">un&#8217;agenzia immobiliare croata<\/a> riguardo al vostro caso specifico. In questo modo, otterrete una visione pi\u00f9 chiara di tutti i costi che potreste sostenere se decidete di vendere la vostra propriet\u00e0.<\/p>\t\t\t\t\t\t\t\t<\/div>\n\t\t\t\t<div class=\"elementor-element elementor-element-b45c7c7 elementor-widget__width-inherit elementor-widget elementor-widget-heading\" data-id=\"b45c7c7\" data-element_type=\"widget\" id=\"k7\" data-widget_type=\"heading.default\">\n\t\t\t\t\t<h3 class=\"elementor-heading-title elementor-size-default\">PASSO 7: TRASFERIMENTO DELLA PROPRIET\u00c0 ALL'ACQUIRENTE<\/h3>\t\t\t\t<\/div>\n\t\t\t\t<div class=\"elementor-element elementor-element-e309a95 elementor-widget elementor-widget-text-editor\" data-id=\"e309a95\" data-element_type=\"widget\" data-widget_type=\"text-editor.default\">\n\t\t\t\t\t\t\t\t\t<p>Dopo la firma del contratto di vendita, i passaggi successivi includono la registrazione delle modifiche nel registro fondiario (catasto), la notifica alle societ\u00e0 di servizi pubblici del cambio di propriet\u00e0 e la consegna delle chiavi e dell&#8217;immobile stesso.<\/p>\t\t\t\t\t\t\t\t<\/div>\n\t\t\t\t<div class=\"elementor-element elementor-element-f02af81 elementor-widget elementor-widget-image\" data-id=\"f02af81\" data-element_type=\"widget\" data-widget_type=\"image.default\">\n\t\t\t\t\t\t\t\t\t\t\t\t\t\t\t<img loading=\"lazy\" decoding=\"async\" width=\"1000\" height=\"751\" src=\"https:\/\/solhome.hr\/wp-content\/uploads\/2025\/09\/image5.webp\" class=\"attachment-full size-full wp-image-22517\" alt=\"\" srcset=\"https:\/\/solhome.hr\/wp-content\/uploads\/2025\/09\/image5.webp 1000w, https:\/\/solhome.hr\/wp-content\/uploads\/2025\/09\/image5-300x225.webp 300w, https:\/\/solhome.hr\/wp-content\/uploads\/2025\/09\/image5-768x577.webp 768w\" sizes=\"(max-width: 1000px) 100vw, 1000px\" \/>\t\t\t\t\t\t\t\t\t\t\t\t\t\t\t<\/div>\n\t\t\t\t<div class=\"elementor-element elementor-element-80dfc1a elementor-widget__width-inherit elementor-widget elementor-widget-heading\" data-id=\"80dfc1a\" data-element_type=\"widget\" id=\"k8\" data-widget_type=\"heading.default\">\n\t\t\t\t\t<h3 class=\"elementor-heading-title elementor-size-default\">PASSO 8: RICEZIONE DEL PAGAMENTO E FINALIZZAZIONE DELLA VENDITA<\/h3>\t\t\t\t<\/div>\n\t\t\t\t<div class=\"elementor-element elementor-element-dd40a77 elementor-widget elementor-widget-text-editor\" data-id=\"dd40a77\" data-element_type=\"widget\" data-widget_type=\"text-editor.default\">\n\t\t\t\t\t\t\t\t\t<p>Il passaggio finale nella finalizzazione della vendita dell&#8217;immobile riguarda<strong> il lato finanziario della transazione<\/strong>. Dopo che l&#8217;acquirente ha effettuato il pagamento completo del prezzo rimanente ed elaborato tutte le conferme di pagamento, cos\u00ec come tutti gli altri obblighi finanziari, la vendita pu\u00f2 essere considerata finalizzata.<\/p>\t\t\t\t\t\t\t\t<\/div>\n\t\t\t\t<div class=\"elementor-element elementor-element-f53a33a elementor-widget__width-inherit elementor-widget elementor-widget-heading\" data-id=\"f53a33a\" data-element_type=\"widget\" data-widget_type=\"heading.default\">\n\t\t\t\t\t<h2 class=\"elementor-heading-title elementor-size-default\">QUAL \u00c8 IL MODO MIGLIORE PER VENDERE VELOCEMENTE LA TUA PROPRIET\u00c0?<\/h2>\t\t\t\t<\/div>\n\t\t\t\t<div class=\"elementor-element elementor-element-1d7e53c elementor-widget elementor-widget-text-editor\" data-id=\"1d7e53c\" data-element_type=\"widget\" data-widget_type=\"text-editor.default\">\n\t\t\t\t\t\t\t\t\t<p><strong>Per vendere rapidamente la tua propriet\u00e0, ci sono diversi passaggi chiave:<\/strong><\/p><ul><li><strong>Preparala al meglio<\/strong> \u2013 sistema sia l&#8217;interno che l&#8217;esterno per farla apparire attraente.<\/li><li><strong>Avere tutta la documentazione necessaria pronta in tempo<\/strong> \u2013 non metterti nella situazione in cui ti manca &#8220;solo un documento&#8221;.<\/li><li>Ingaggia un agente immobiliare che utilizzer\u00e0 la sua esperienza e le sue competenze per aiutarti a vendere l&#8217;immobile rapidamente e a un prezzo equo.<\/li><\/ul>\t\t\t\t\t\t\t\t<\/div>\n\t\t\t\t<div class=\"elementor-element elementor-element-fc1225c elementor-widget elementor-widget-image\" data-id=\"fc1225c\" data-element_type=\"widget\" data-widget_type=\"image.default\">\n\t\t\t\t\t\t\t\t\t\t\t\t\t\t\t<img loading=\"lazy\" decoding=\"async\" width=\"1000\" height=\"667\" src=\"https:\/\/solhome.hr\/wp-content\/uploads\/2025\/09\/image4.webp\" class=\"attachment-full size-full wp-image-22518\" alt=\"\" srcset=\"https:\/\/solhome.hr\/wp-content\/uploads\/2025\/09\/image4.webp 1000w, https:\/\/solhome.hr\/wp-content\/uploads\/2025\/09\/image4-300x200.webp 300w, https:\/\/solhome.hr\/wp-content\/uploads\/2025\/09\/image4-768x512.webp 768w\" sizes=\"(max-width: 1000px) 100vw, 1000px\" \/>\t\t\t\t\t\t\t\t\t\t\t\t\t\t\t<\/div>\n\t\t\t\t<div class=\"elementor-element elementor-element-f02c92e elementor-widget__width-inherit elementor-widget elementor-widget-heading\" data-id=\"f02c92e\" data-element_type=\"widget\" data-widget_type=\"heading.default\">\n\t\t\t\t\t<h2 class=\"elementor-heading-title elementor-size-default\">SOLHOME - IL TUO PARTNER AFFIDABILE PER LA VENDITA DI IMMOBILI AL GIUSTO PREZZO\n<\/h2>\t\t\t\t<\/div>\n\t\t\t\t<div class=\"elementor-element elementor-element-4cf8def elementor-widget elementor-widget-text-editor\" data-id=\"4cf8def\" data-element_type=\"widget\" data-widget_type=\"text-editor.default\">\n\t\t\t\t\t\t\t\t\t<p>Sei pronto a vendere una propriet\u00e0 di cui non hai pi\u00f9 bisogno \u2013 trasformarla in un profitto eliminando i costi di manutenzione costanti? <a href=\"https:\/\/solhome.hr\/\">Solhome<\/a> ti mette in contatto con acquirenti pronti a investire nel tuo immobile, negozia per tuo conto per assicurare un giusto ritorno che rifletta il suo vero valore di mercato e gestisce con precisione tutte le complessit\u00e0 amministrative e legali. <a href=\"https:\/\/solhome.hr\/kontakt\/\">Contattaci<\/a> \u2013 <strong>non vediamo l&#8217;ora di incontrarti!<\/strong><\/p><p>\u00a0<\/p>\t\t\t\t\t\t\t\t<\/div>\n\t\t\t\t<\/div>\n\t\t\t\t\t<\/div>\n\t\t\t\t<\/div>\n\t\t\t\t<\/div>\n\t\t","protected":false},"excerpt":{"rendered":"<p>Avete una propriet\u00e0 in Croazia che rimane inutilizzata e vi costa denaro ogni mese? Avete deciso che venderla potrebbe essere un buon modo per realizzare un profitto e allo stesso tempo liberarvi dallo stress di preoccuparvi dei costi di manutenzione di una propriet\u00e0 che non viene utilizzata? Siamo qui per facilitarvi la vendita del vostro [&hellip;]<\/p>\n","protected":false},"author":2,"featured_media":0,"parent":5641,"menu_order":0,"comment_status":"closed","ping_status":"closed","template":"elementor_header_footer","meta":{"inline_featured_image":false,"footnotes":""},"class_list":["post-22511","page","type-page","status-publish","hentry"],"_links":{"self":[{"href":"https:\/\/solhome.hr\/it\/wp-json\/wp\/v2\/pages\/22511","targetHints":{"allow":["GET"]}}],"collection":[{"href":"https:\/\/solhome.hr\/it\/wp-json\/wp\/v2\/pages"}],"about":[{"href":"https:\/\/solhome.hr\/it\/wp-json\/wp\/v2\/types\/page"}],"author":[{"embeddable":true,"href":"https:\/\/solhome.hr\/it\/wp-json\/wp\/v2\/users\/2"}],"replies":[{"embeddable":true,"href":"https:\/\/solhome.hr\/it\/wp-json\/wp\/v2\/comments?post=22511"}],"version-history":[{"count":10,"href":"https:\/\/solhome.hr\/it\/wp-json\/wp\/v2\/pages\/22511\/revisions"}],"predecessor-version":[{"id":22546,"href":"https:\/\/solhome.hr\/it\/wp-json\/wp\/v2\/pages\/22511\/revisions\/22546"}],"up":[{"embeddable":true,"href":"https:\/\/solhome.hr\/it\/wp-json\/wp\/v2\/pages\/5641"}],"wp:attachment":[{"href":"https:\/\/solhome.hr\/it\/wp-json\/wp\/v2\/media?parent=22511"}],"curies":[{"name":"wp","href":"https:\/\/api.w.org\/{rel}","templated":true}]}}