{"id":5639,"date":"2025-08-01T11:06:20","date_gmt":"2025-08-01T11:06:20","guid":{"rendered":"https:\/\/musing-rosalind.135-181-117-101.plesk.page\/?page_id=5639"},"modified":"2025-11-17T16:45:00","modified_gmt":"2025-11-17T16:45:00","slug":"utmutatok","status":"publish","type":"page","link":"https:\/\/solhome.hr\/hu\/utmutatok\/","title":{"rendered":"\u00datmutat\u00f3k"},"content":{"rendered":"\t\t<div data-elementor-type=\"wp-page\" data-elementor-id=\"5639\" class=\"elementor elementor-5639 elementor-3261\" data-elementor-post-type=\"page\">\n\t\t\t\t<div class=\"elementor-element elementor-element-761daba e-flex e-con-boxed e-con e-parent\" data-id=\"761daba\" data-element_type=\"container\">\n\t\t\t\t\t<div class=\"e-con-inner\">\n\t\t\t\t\t<\/div>\n\t\t\t\t<\/div>\n\t\t<div class=\"elementor-element elementor-element-82ebc03 e-flex e-con-boxed e-con e-parent\" data-id=\"82ebc03\" data-element_type=\"container\">\n\t\t\t\t\t<div class=\"e-con-inner\">\n\t\t\t\t<div class=\"elementor-element elementor-element-89bfcc6 elementor-widget elementor-widget-text-editor\" data-id=\"89bfcc6\" data-element_type=\"widget\" data-widget_type=\"text-editor.default\">\n\t\t\t\t\t\t\t\t\t<p>Ak\u00e1r ingatlant tervez v\u00e1s\u00e1rolni, eladni vagy b\u00e9relni, Horv\u00e1torsz\u00e1g sz\u00e1mos lehet\u0151s\u00e9get k\u00edn\u00e1l, de a folyamat zavaros lehet a k\u00fcl\u00f6nb\u00f6z\u0151 jogi elj\u00e1r\u00e1sok, ad\u00f3k \u00e9s egy\u00e9b fontos t\u00e9nyez\u0151k miatt. K\u00fcldet\u00e9s\u00fcnk, hogy leegyszer\u0171s\u00edts\u00fcnk minden ingatlannal kapcsolatos aspektust, \u00e9s minden sz\u00fcks\u00e9ges inform\u00e1ci\u00f3t megadjunk \u00d6nnek ahhoz, hogy t\u00e1j\u00e9kozott d\u00f6nt\u00e9st hozhasson, \u00e9s minden l\u00e9p\u00e9sen k\u00f6nnyed\u00e9n v\u00e9gigmenjen.<\/p>\t\t\t\t\t\t\t\t<\/div>\n\t\t\t\t\t<\/div>\n\t\t\t\t<\/div>\n\t\t<div class=\"elementor-element elementor-element-4e48d47 e-flex e-con-boxed e-con e-parent\" data-id=\"4e48d47\" data-element_type=\"container\">\n\t\t\t\t\t<div class=\"e-con-inner\">\n\t\t<div class=\"elementor-element elementor-element-3790d3c e-con-full e-flex e-con e-child\" data-id=\"3790d3c\" data-element_type=\"container\" data-settings=\"{&quot;background_background&quot;:&quot;classic&quot;}\">\n\t\t\t\t<div class=\"elementor-element elementor-element-dde1a52 elementor-widget elementor-widget-heading\" data-id=\"dde1a52\" data-element_type=\"widget\" data-widget_type=\"heading.default\">\n\t\t\t\t\t<h4 class=\"elementor-heading-title elementor-size-default\">Ingatlanv\u00e1s\u00e1rl\u00e1s Horv\u00e1torsz\u00e1gban<\/h4>\t\t\t\t<\/div>\n\t\t\t\t<div class=\"elementor-element elementor-element-2f458ff elementor-hidden-tablet elementor-hidden-mobile elementor-widget elementor-widget-text-editor\" data-id=\"2f458ff\" data-element_type=\"widget\" data-widget_type=\"text-editor.default\">\n\t\t\t\t\t\t\t\t\t<p data-start=\"3325\" data-end=\"3808\">Ahhoz, hogy a teljes v\u00e1s\u00e1rl\u00e1si folyamat z\u00f6kken\u0151mentesen menjen, fontos el\u0151re elk\u00e9sz\u00edteni a p\u00e9nz\u00fcgyi tervet \u00e9s ellen\u0151rizni az ingatlan dokumentumait, p\u00e9ld\u00e1ul a tulajdoni lapot \u00e9s az \u00e9p\u00edt\u00e9si enged\u00e9lyt. Javasoljuk egy ingatlank\u00f6zvet\u00edt\u0151 megb\u00edz\u00e1s\u00e1t, aki v\u00e9gigvezeti \u00d6nt a t\u00e1rgyal\u00e1sokon, biztos\u00edtja a tisztess\u00e9ges \u00e9s piaci \u00e1rakat, valamint seg\u00edt minden adminisztrat\u00edv k\u00f6telezetts\u00e9g teljes\u00edt\u00e9s\u00e9ben. \u00datmutat\u00f3nk seg\u00edt gyorsan, a lehet\u0151 legjobb \u00e1ron \u00e9s komplik\u00e1ci\u00f3k n\u00e9lk\u00fcl ingatlant v\u00e1s\u00e1rolni.<\/p>\t\t\t\t\t\t\t\t<\/div>\n\t\t\t\t<div class=\"elementor-element elementor-element-872f646 elementor-hidden-desktop elementor-widget elementor-widget-text-editor\" data-id=\"872f646\" data-element_type=\"widget\" data-widget_type=\"text-editor.default\">\n\t\t\t\t\t\t\t\t\t<p data-start=\"3810\" data-end=\"3985\">Ha valaha is k\u00edv\u00e1ncsi volt arra, hogyan lehet ingatlant v\u00e1s\u00e1rolni Horv\u00e1torsz\u00e1gban \u00e9s milyen elj\u00e1r\u00e1sokat kell k\u00f6vetni \u2013 olvassa el horv\u00e1torsz\u00e1gi ingatlanv\u00e1s\u00e1rl\u00e1si \u00fatmutat\u00f3nkat.<\/p>\t\t\t\t\t\t\t\t<\/div>\n\t\t\t\t<div class=\"elementor-element elementor-element-801067f elementor-widget elementor-widget-button\" data-id=\"801067f\" data-element_type=\"widget\" data-widget_type=\"button.default\">\n\t\t\t\t\t\t\t\t\t\t<a class=\"elementor-button elementor-button-link elementor-size-sm\" href=\"\/hu\/utmutatok\/ingatlanvasarlas-horvatorszagban-vasarlasi-utmutato\/\">\n\t\t\t\t\t\t<span class=\"elementor-button-content-wrapper\">\n\t\t\t\t\t\t\t\t\t<span class=\"elementor-button-text\">\u00daTMUTAT\u00d3 MEGTEKINT\u00c9SE<\/span>\n\t\t\t\t\t<\/span>\n\t\t\t\t\t<\/a>\n\t\t\t\t\t\t\t\t<\/div>\n\t\t\t\t<\/div>\n\t\t<div class=\"elementor-element elementor-element-92e482e e-con-full e-flex e-con e-child\" data-id=\"92e482e\" data-element_type=\"container\">\n\t\t<div class=\"elementor-element elementor-element-fe3506d e-con-full e-flex e-con e-child\" data-id=\"fe3506d\" data-element_type=\"container\" data-settings=\"{&quot;background_background&quot;:&quot;classic&quot;}\">\n\t\t\t\t<div class=\"elementor-element elementor-element-4d22cb5 elementor-widget elementor-widget-heading\" data-id=\"4d22cb5\" data-element_type=\"widget\" data-widget_type=\"heading.default\">\n\t\t\t\t\t<h4 class=\"elementor-heading-title elementor-size-default\">Ingatlanelad\u00e1s Horv\u00e1torsz\u00e1gban<\/h4>\t\t\t\t<\/div>\n\t\t\t\t<div class=\"elementor-element elementor-element-c0dfb42 elementor-widget elementor-widget-text-editor\" data-id=\"c0dfb42\" data-element_type=\"widget\" data-widget_type=\"text-editor.default\">\n\t\t\t\t\t\t\t\t\t<p data-start=\"3987\" data-end=\"4151\">Ha \u00e9rdekli, hogyan adhat el ingatlant gyorsan \u00e9s stressz n\u00e9lk\u00fcl, a jogi el\u0151\u00edr\u00e1sok betart\u00e1sa mellett, olvassa el \u00fatmutat\u00f3nkat, \u00e9s tudjon meg mindent, amit sz\u00fcks\u00e9ges!<\/p>\t\t\t\t\t\t\t\t<\/div>\n\t\t\t\t<div class=\"elementor-element elementor-element-63eef57 elementor-widget elementor-widget-button\" data-id=\"63eef57\" data-element_type=\"widget\" data-widget_type=\"button.default\">\n\t\t\t\t\t\t\t\t\t\t<a class=\"elementor-button elementor-button-link elementor-size-sm\" href=\"\/hu\/utmutatok\/ingatlaneladas-horvatorszagban-teljes-utmutato\/\">\n\t\t\t\t\t\t<span class=\"elementor-button-content-wrapper\">\n\t\t\t\t\t\t\t\t\t<span class=\"elementor-button-text\">\u00daTMUTAT\u00d3 MEGTEKINT\u00c9SE<\/span>\n\t\t\t\t\t<\/span>\n\t\t\t\t\t<\/a>\n\t\t\t\t\t\t\t\t<\/div>\n\t\t\t\t<\/div>\n\t\t<div class=\"elementor-element elementor-element-ebecf49 e-con-full e-flex e-con e-child\" data-id=\"ebecf49\" data-element_type=\"container\" data-settings=\"{&quot;background_background&quot;:&quot;classic&quot;}\">\n\t\t\t\t<div class=\"elementor-element elementor-element-1682603 elementor-widget elementor-widget-heading\" data-id=\"1682603\" data-element_type=\"widget\" data-widget_type=\"heading.default\">\n\t\t\t\t\t<h4 class=\"elementor-heading-title elementor-size-default\">Ingatlanad\u00f3k Horv\u00e1torsz\u00e1gban<\/h4>\t\t\t\t<\/div>\n\t\t\t\t<div class=\"elementor-element elementor-element-ebb7d43 elementor-widget elementor-widget-text-editor\" data-id=\"ebb7d43\" data-element_type=\"widget\" data-widget_type=\"text-editor.default\">\n\t\t\t\t\t\t\t\t\t<p data-start=\"4153\" data-end=\"4337\">Milyen k\u00f6lts\u00e9gekre sz\u00e1m\u00edthat, ha ingatlant szeretne v\u00e1s\u00e1rolni vagy eladni Horv\u00e1torsz\u00e1gban, \u00e9s milyen ingatlanad\u00f3kat alkalmaznak \u2013 olvassa el teljes \u00fatmutat\u00f3nkat, hogy t\u00f6bbet megtudjon.<\/p>\t\t\t\t\t\t\t\t<\/div>\n\t\t\t\t<div class=\"elementor-element elementor-element-defe243 elementor-widget elementor-widget-button\" data-id=\"defe243\" data-element_type=\"widget\" data-widget_type=\"button.default\">\n\t\t\t\t\t\t\t\t\t\t<a class=\"elementor-button elementor-button-link elementor-size-sm\" href=\"\/hu\/utmutatok\/ingatlanadok-horvatorszagban-teljes-utmutato\/\">\n\t\t\t\t\t\t<span class=\"elementor-button-content-wrapper\">\n\t\t\t\t\t\t\t\t\t<span class=\"elementor-button-text\">\u00daTMUTAT\u00d3 MEGTEKINT\u00c9SE<\/span>\n\t\t\t\t\t<\/span>\n\t\t\t\t\t<\/a>\n\t\t\t\t\t\t\t\t<\/div>\n\t\t\t\t<\/div>\n\t\t\t\t<\/div>\n\t\t\t\t\t<\/div>\n\t\t\t\t<\/div>\n\t\t\t\t<\/div>\n\t\t","protected":false},"excerpt":{"rendered":"<p>Ak\u00e1r ingatlant tervez v\u00e1s\u00e1rolni, eladni vagy b\u00e9relni, Horv\u00e1torsz\u00e1g sz\u00e1mos lehet\u0151s\u00e9get k\u00edn\u00e1l, de a folyamat zavaros lehet a k\u00fcl\u00f6nb\u00f6z\u0151 jogi elj\u00e1r\u00e1sok, ad\u00f3k \u00e9s egy\u00e9b fontos t\u00e9nyez\u0151k miatt. K\u00fcldet\u00e9s\u00fcnk, hogy leegyszer\u0171s\u00edts\u00fcnk minden ingatlannal kapcsolatos aspektust, \u00e9s minden sz\u00fcks\u00e9ges inform\u00e1ci\u00f3t megadjunk \u00d6nnek ahhoz, hogy t\u00e1j\u00e9kozott d\u00f6nt\u00e9st hozhasson, \u00e9s minden l\u00e9p\u00e9sen k\u00f6nnyed\u00e9n v\u00e9gigmenjen. Ingatlanv\u00e1s\u00e1rl\u00e1s Horv\u00e1torsz\u00e1gban Ahhoz, hogy a teljes [&hellip;]<\/p>\n","protected":false},"author":2,"featured_media":0,"parent":0,"menu_order":0,"comment_status":"closed","ping_status":"closed","template":"","meta":{"inline_featured_image":false,"footnotes":""},"class_list":["post-5639","page","type-page","status-publish","hentry"],"_links":{"self":[{"href":"https:\/\/solhome.hr\/hu\/wp-json\/wp\/v2\/pages\/5639","targetHints":{"allow":["GET"]}}],"collection":[{"href":"https:\/\/solhome.hr\/hu\/wp-json\/wp\/v2\/pages"}],"about":[{"href":"https:\/\/solhome.hr\/hu\/wp-json\/wp\/v2\/types\/page"}],"author":[{"embeddable":true,"href":"https:\/\/solhome.hr\/hu\/wp-json\/wp\/v2\/users\/2"}],"replies":[{"embeddable":true,"href":"https:\/\/solhome.hr\/hu\/wp-json\/wp\/v2\/comments?post=5639"}],"version-history":[{"count":14,"href":"https:\/\/solhome.hr\/hu\/wp-json\/wp\/v2\/pages\/5639\/revisions"}],"predecessor-version":[{"id":52278,"href":"https:\/\/solhome.hr\/hu\/wp-json\/wp\/v2\/pages\/5639\/revisions\/52278"}],"wp:attachment":[{"href":"https:\/\/solhome.hr\/hu\/wp-json\/wp\/v2\/media?parent=5639"}],"curies":[{"name":"wp","href":"https:\/\/api.w.org\/{rel}","templated":true}]}}