{"id":5637,"date":"2025-08-01T11:06:20","date_gmt":"2025-08-01T11:06:20","guid":{"rendered":"https:\/\/musing-rosalind.135-181-117-101.plesk.page\/?page_id=5637"},"modified":"2025-11-17T16:42:44","modified_gmt":"2025-11-17T16:42:44","slug":"fuehrung","status":"publish","type":"page","link":"https:\/\/solhome.hr\/de\/fuehrung\/","title":{"rendered":"F\u00fchrung"},"content":{"rendered":"\t\t<div data-elementor-type=\"wp-page\" data-elementor-id=\"5637\" class=\"elementor elementor-5637 elementor-3261\" data-elementor-post-type=\"page\">\n\t\t\t\t<div class=\"elementor-element elementor-element-761daba e-flex e-con-boxed e-con e-parent\" data-id=\"761daba\" data-element_type=\"container\">\n\t\t\t\t\t<div class=\"e-con-inner\">\n\t\t\t\t\t<\/div>\n\t\t\t\t<\/div>\n\t\t<div class=\"elementor-element elementor-element-82ebc03 e-flex e-con-boxed e-con e-parent\" data-id=\"82ebc03\" data-element_type=\"container\">\n\t\t\t\t\t<div class=\"e-con-inner\">\n\t\t\t\t<div class=\"elementor-element elementor-element-89bfcc6 elementor-widget elementor-widget-text-editor\" data-id=\"89bfcc6\" data-element_type=\"widget\" data-widget_type=\"text-editor.default\">\n\t\t\t\t\t\t\t\t\t<p>Ob Sie planen, eine Immobilie zu kaufen, zu verkaufen oder zu mieten, Kroatien bietet zahlreiche M\u00f6glichkeiten, aber der Prozess kann aufgrund verschiedener rechtlicher Verfahren, Steuern und anderer wichtiger Faktoren verwirrend sein. Unsere Mission ist es, alle Aspekte rund um Immobilien zu vereinfachen und Ihnen alle notwendigen Informationen zu liefern, damit Sie eine fundierte Entscheidung treffen und jeden Schritt mit Leichtigkeit durchlaufen k\u00f6nnen.<\/p>\t\t\t\t\t\t\t\t<\/div>\n\t\t\t\t\t<\/div>\n\t\t\t\t<\/div>\n\t\t<div class=\"elementor-element elementor-element-4e48d47 e-flex e-con-boxed e-con e-parent\" data-id=\"4e48d47\" data-element_type=\"container\">\n\t\t\t\t\t<div class=\"e-con-inner\">\n\t\t<div class=\"elementor-element elementor-element-3790d3c e-con-full e-flex e-con e-child\" data-id=\"3790d3c\" data-element_type=\"container\" data-settings=\"{&quot;background_background&quot;:&quot;classic&quot;}\">\n\t\t\t\t<div class=\"elementor-element elementor-element-dde1a52 elementor-widget elementor-widget-heading\" data-id=\"dde1a52\" data-element_type=\"widget\" data-widget_type=\"heading.default\">\n\t\t\t\t\t<h4 class=\"elementor-heading-title elementor-size-default\">Immobilienkauf in Kroatien<\/h4>\t\t\t\t<\/div>\n\t\t\t\t<div class=\"elementor-element elementor-element-2f458ff elementor-hidden-tablet elementor-hidden-mobile elementor-widget elementor-widget-text-editor\" data-id=\"2f458ff\" data-element_type=\"widget\" data-widget_type=\"text-editor.default\">\n\t\t\t\t\t\t\t\t\t<p data-start=\"1151\" data-end=\"1690\">Damit der gesamte Kaufprozess reibungslos abl\u00e4uft, ist es wichtig, im Voraus einen Finanzplan zu erstellen und die Immobiliendokumentation zu \u00fcberpr\u00fcfen, wie zum Beispiel den Grundbuchauszug und die Baugenehmigung. Wir empfehlen, einen Immobilienmakler zu engagieren, der Sie durch die Verhandlungen f\u00fchrt, sicherstellt, dass der Preis fair und marktgerecht ist, und Ihnen bei allen administrativen Verpflichtungen hilft. Unser Leitfaden hilft Ihnen, eine Immobilie schnell, zum besten Preis und ohne unerw\u00fcnschte Komplikationen zu kaufen.<\/p>\t\t\t\t\t\t\t\t<\/div>\n\t\t\t\t<div class=\"elementor-element elementor-element-872f646 elementor-hidden-desktop elementor-widget elementor-widget-text-editor\" data-id=\"872f646\" data-element_type=\"widget\" data-widget_type=\"text-editor.default\">\n\t\t\t\t\t\t\t\t\t<p data-start=\"1692\" data-end=\"1897\">Wenn Sie sich jemals gefragt haben, wie man in Kroatien eine Immobilie kauft und welche Verfahren zu befolgen sind \u2013 lesen Sie unseren Leitfaden f\u00fcr den Immobilienkauf in Kroatien und informieren Sie sich.<\/p>\t\t\t\t\t\t\t\t<\/div>\n\t\t\t\t<div class=\"elementor-element elementor-element-801067f elementor-widget elementor-widget-button\" data-id=\"801067f\" data-element_type=\"widget\" data-widget_type=\"button.default\">\n\t\t\t\t\t\t\t\t\t\t<a class=\"elementor-button elementor-button-link elementor-size-sm\" href=\"\/de\/fuehrung\/immobilienkauf-in-kroatien-ein-kaufratgeber\/\">\n\t\t\t\t\t\t<span class=\"elementor-button-content-wrapper\">\n\t\t\t\t\t\t\t\t\t<span class=\"elementor-button-text\">LEITFADEN ANSEHEN<\/span>\n\t\t\t\t\t<\/span>\n\t\t\t\t\t<\/a>\n\t\t\t\t\t\t\t\t<\/div>\n\t\t\t\t<\/div>\n\t\t<div class=\"elementor-element elementor-element-92e482e e-con-full e-flex e-con e-child\" data-id=\"92e482e\" data-element_type=\"container\">\n\t\t<div class=\"elementor-element elementor-element-fe3506d e-con-full e-flex e-con e-child\" data-id=\"fe3506d\" data-element_type=\"container\" data-settings=\"{&quot;background_background&quot;:&quot;classic&quot;}\">\n\t\t\t\t<div class=\"elementor-element elementor-element-4d22cb5 elementor-widget elementor-widget-heading\" data-id=\"4d22cb5\" data-element_type=\"widget\" data-widget_type=\"heading.default\">\n\t\t\t\t\t<h4 class=\"elementor-heading-title elementor-size-default\">Immobilienverkauf in Kroatien <\/h4>\t\t\t\t<\/div>\n\t\t\t\t<div class=\"elementor-element elementor-element-c0dfb42 elementor-widget elementor-widget-text-editor\" data-id=\"c0dfb42\" data-element_type=\"widget\" data-widget_type=\"text-editor.default\">\n\t\t\t\t\t\t\t\t\t<p data-start=\"1899\" data-end=\"2103\">Wenn Sie sich fragen, wie Sie eine Immobilie schnell und stressfrei verkaufen k\u00f6nnen und dabei alle gesetzlichen Verfahren einhalten, lesen Sie den Leitfaden und erfahren Sie alles, was Sie wissen m\u00fcssen!<\/p>\t\t\t\t\t\t\t\t<\/div>\n\t\t\t\t<div class=\"elementor-element elementor-element-63eef57 elementor-widget elementor-widget-button\" data-id=\"63eef57\" data-element_type=\"widget\" data-widget_type=\"button.default\">\n\t\t\t\t\t\t\t\t\t\t<a class=\"elementor-button elementor-button-link elementor-size-sm\" href=\"\/de\/fuehrung\/verkauf-von-immobilien-in-kroatien-ein-vollstaendiger-leitfaden\/\">\n\t\t\t\t\t\t<span class=\"elementor-button-content-wrapper\">\n\t\t\t\t\t\t\t\t\t<span class=\"elementor-button-text\">LEITFADEN ANSEHEN<\/span>\n\t\t\t\t\t<\/span>\n\t\t\t\t\t<\/a>\n\t\t\t\t\t\t\t\t<\/div>\n\t\t\t\t<\/div>\n\t\t<div class=\"elementor-element elementor-element-ebecf49 e-con-full e-flex e-con e-child\" data-id=\"ebecf49\" data-element_type=\"container\" data-settings=\"{&quot;background_background&quot;:&quot;classic&quot;}\">\n\t\t\t\t<div class=\"elementor-element elementor-element-1682603 elementor-widget elementor-widget-heading\" data-id=\"1682603\" data-element_type=\"widget\" data-widget_type=\"heading.default\">\n\t\t\t\t\t<h4 class=\"elementor-heading-title elementor-size-default\">Immobiliensteuern in Kroatien<\/h4>\t\t\t\t<\/div>\n\t\t\t\t<div class=\"elementor-element elementor-element-ebb7d43 elementor-widget elementor-widget-text-editor\" data-id=\"ebb7d43\" data-element_type=\"widget\" data-widget_type=\"text-editor.default\">\n\t\t\t\t\t\t\t\t\t<p data-start=\"2105\" data-end=\"2327\">Welche Kosten k\u00f6nnen Sie erwarten, wenn Sie planen, eine Immobilie in Kroatien zu kaufen oder zu verkaufen, und welche Immobiliensteuern es in Kroatien gibt \u2013 lesen Sie unseren vollst\u00e4ndigen Leitfaden, um mehr zu erfahren.<\/p>\t\t\t\t\t\t\t\t<\/div>\n\t\t\t\t<div class=\"elementor-element elementor-element-defe243 elementor-widget elementor-widget-button\" data-id=\"defe243\" data-element_type=\"widget\" data-widget_type=\"button.default\">\n\t\t\t\t\t\t\t\t\t\t<a class=\"elementor-button elementor-button-link elementor-size-sm\" href=\"\/de\/fuehrung\/immobiliensteuern-in-kroatien-ein-kompletter-leitfaden\/\">\n\t\t\t\t\t\t<span class=\"elementor-button-content-wrapper\">\n\t\t\t\t\t\t\t\t\t<span class=\"elementor-button-text\">LEITFADEN ANSEHEN<\/span>\n\t\t\t\t\t<\/span>\n\t\t\t\t\t<\/a>\n\t\t\t\t\t\t\t\t<\/div>\n\t\t\t\t<\/div>\n\t\t\t\t<\/div>\n\t\t\t\t\t<\/div>\n\t\t\t\t<\/div>\n\t\t\t\t<\/div>\n\t\t","protected":false},"excerpt":{"rendered":"<p>Ob Sie planen, eine Immobilie zu kaufen, zu verkaufen oder zu mieten, Kroatien bietet zahlreiche M\u00f6glichkeiten, aber der Prozess kann aufgrund verschiedener rechtlicher Verfahren, Steuern und anderer wichtiger Faktoren verwirrend sein. Unsere Mission ist es, alle Aspekte rund um Immobilien zu vereinfachen und Ihnen alle notwendigen Informationen zu liefern, damit Sie eine fundierte Entscheidung treffen [&hellip;]<\/p>\n","protected":false},"author":2,"featured_media":0,"parent":0,"menu_order":0,"comment_status":"closed","ping_status":"closed","template":"","meta":{"inline_featured_image":false,"footnotes":""},"class_list":["post-5637","page","type-page","status-publish","hentry"],"_links":{"self":[{"href":"https:\/\/solhome.hr\/de\/wp-json\/wp\/v2\/pages\/5637","targetHints":{"allow":["GET"]}}],"collection":[{"href":"https:\/\/solhome.hr\/de\/wp-json\/wp\/v2\/pages"}],"about":[{"href":"https:\/\/solhome.hr\/de\/wp-json\/wp\/v2\/types\/page"}],"author":[{"embeddable":true,"href":"https:\/\/solhome.hr\/de\/wp-json\/wp\/v2\/users\/2"}],"replies":[{"embeddable":true,"href":"https:\/\/solhome.hr\/de\/wp-json\/wp\/v2\/comments?post=5637"}],"version-history":[{"count":16,"href":"https:\/\/solhome.hr\/de\/wp-json\/wp\/v2\/pages\/5637\/revisions"}],"predecessor-version":[{"id":52272,"href":"https:\/\/solhome.hr\/de\/wp-json\/wp\/v2\/pages\/5637\/revisions\/52272"}],"wp:attachment":[{"href":"https:\/\/solhome.hr\/de\/wp-json\/wp\/v2\/media?parent=5637"}],"curies":[{"name":"wp","href":"https:\/\/api.w.org\/{rel}","templated":true}]}}