{"id":22478,"date":"2025-09-05T09:58:23","date_gmt":"2025-09-05T09:58:23","guid":{"rendered":"https:\/\/musing-rosalind.135-181-117-101.plesk.page\/fuehrung\/prodaja-nekretnina-u-hrvatskoj-potpuni-vodic\/"},"modified":"2025-10-25T11:03:18","modified_gmt":"2025-10-25T11:03:18","slug":"verkauf-von-immobilien-in-kroatien-ein-vollstaendiger-leitfaden","status":"publish","type":"page","link":"https:\/\/solhome.hr\/de\/fuehrung\/verkauf-von-immobilien-in-kroatien-ein-vollstaendiger-leitfaden\/","title":{"rendered":"Verkauf von Immobilien in Kroatien \u2013 Ein vollst\u00e4ndiger Leitfaden"},"content":{"rendered":"\t\t<div data-elementor-type=\"wp-page\" data-elementor-id=\"22478\" class=\"elementor elementor-22478 elementor-4419\" data-elementor-post-type=\"page\">\n\t\t\t\t<div class=\"elementor-element elementor-element-0664286 e-flex e-con-boxed e-con e-parent\" data-id=\"0664286\" data-element_type=\"container\">\n\t\t\t\t\t<div class=\"e-con-inner\">\n\t\t\t\t\t<\/div>\n\t\t\t\t<\/div>\n\t\t<div class=\"elementor-element elementor-element-f0465f1 e-flex e-con-boxed e-con e-parent\" data-id=\"f0465f1\" data-element_type=\"container\">\n\t\t\t\t\t<div class=\"e-con-inner\">\n\t\t<div class=\"elementor-element elementor-element-48334e7 e-con-full e-flex e-con e-child\" data-id=\"48334e7\" data-element_type=\"container\" data-settings=\"{&quot;background_background&quot;:&quot;classic&quot;}\">\n\t\t\t\t<div class=\"elementor-element elementor-element-dcf7d82 elementor-widget elementor-widget-text-editor\" data-id=\"dcf7d82\" data-element_type=\"widget\" data-widget_type=\"text-editor.default\">\n\t\t\t\t\t\t\t\t\t<p>Besitzen Sie eine Immobilie in Kroatien, die ungenutzt herumsteht und Sie jeden Monat Geld kostet? Haben Sie beschlossen, dass der Verkauf eine gute M\u00f6glichkeit sein k\u00f6nnte, einen Gewinn zu erzielen und sich gleichzeitig vom Stress der Sorge um die Instandhaltungskosten einer ungenutzten Immobilie zu befreien? Wir sind hier, um Ihnen den Verkauf Ihrer Immobilie zu erleichtern! Nachfolgend finden Sie eine Liste der Schritte, die Sie unternehmen m\u00fcssen, wenn Sie schnell und zu einem Preis verkaufen m\u00f6chten, der ihren wahren Wert widerspiegelt.<\/p><p><strong>Lesen Sie unsere detaillierte Schritt-f\u00fcr-Schritt-Anleitung und erfahren Sie, wie Sie Ihre Immobilie schnell und effizient verkaufen k\u00f6nnen!<\/strong><\/p>\t\t\t\t\t\t\t\t<\/div>\n\t\t\t\t<div class=\"elementor-element elementor-element-0d1b7f3 elementor-widget__width-inherit elementor-widget elementor-widget-heading\" data-id=\"0d1b7f3\" data-element_type=\"widget\" data-widget_type=\"heading.default\">\n\t\t\t\t\t<h2 class=\"elementor-heading-title elementor-size-default\">SCHRITT-F\u00dcR-SCHRITT-VERFAHREN F\u00dcR DEN VERKAUF VON IMMOBILIEN IN KROATIEN\n\n<\/h2>\t\t\t\t<\/div>\n\t\t\t\t<div class=\"elementor-element elementor-element-fa6e305 elementor-widget elementor-widget-text-editor\" data-id=\"fa6e305\" data-element_type=\"widget\" data-widget_type=\"text-editor.default\">\n\t\t\t\t\t\t\t\t\t<p>Der Verkauf einer Immobilie kann ein herausfordernder und zeitaufw\u00e4ndiger Prozess sein \u2013 er erfordert erhebliche Investitionen in Werbung, Anstrengungen bei der Organisation von Besichtigungen und die Bew\u00e4ltigung komplexer administrativer und rechtlicher Verfahren. Um Zeit zu sparen und Stress zu reduzieren, kontaktieren Sie uns f\u00fcr Hilfe! Wir \u00fcbernehmen die meisten Verantwortlichkeiten, sodass Sie Ihre Immobilie schnell und problemlos verkaufen k\u00f6nnen. Jeder Schritt im Immobilienverkaufsprozess ist entscheidend, um einen sicheren Verkauf zu einem Preis zu gew\u00e4hrleisten, der ihren Wert genau widerspiegelt und den gesetzlichen Anforderungen entspricht.<\/p><p><strong>Dies sind die Schritte, die Sie unternehmen m\u00fcssen:<\/strong><\/p><p><a href=\"#k1\">Schritt 1: Vorbereitung der Immobilie f\u00fcr den Verkauf <\/a> <br \/><a href=\"#k2\">Schritt 2: Bestimmung des Marktwerts der Immobilie durch Beratung mit einer Immobilienagentur <\/a> <br \/><a href=\"#k3\">Schritt 3: Verhandlung \u00fcber die Immobilie <\/a><br \/><a href=\"#k4\">Schritt 4: Unterzeichnung des Vorvertrags <\/a><br \/><a href=\"#k5\">Schritt 5: Unterzeichnung des endg\u00fcltigen Kaufvertrags <\/a><br \/><a href=\"#k6\">Schritt 6: Was Immobilienverk\u00e4ufer zahlen: Steuern und zus\u00e4tzliche Kosten in Kroatien <\/a><br \/><a href=\"#k7\">Schritt 7: Eigentums\u00fcbertragung auf den K\u00e4ufer <\/a><a href=\"#k7\"> <br \/><\/a><a href=\"#k8\">Schritt 8: Zahlungseingang und Abschluss des Verkaufs.<\/a><\/p>\t\t\t\t\t\t\t\t<\/div>\n\t\t\t\t<div class=\"elementor-element elementor-element-8efefc1 elementor-widget__width-inherit elementor-widget elementor-widget-heading\" data-id=\"8efefc1\" data-element_type=\"widget\" id=\"k1\" data-widget_type=\"heading.default\">\n\t\t\t\t\t<h3 class=\"elementor-heading-title elementor-size-default\">SCHRITT 1: VORBEREITUNG DER IMMOBILIE F\u00dcR DEN VERKAUF<\/h3>\t\t\t\t<\/div>\n\t\t\t\t<div class=\"elementor-element elementor-element-d2ead64 elementor-widget elementor-widget-text-editor\" data-id=\"d2ead64\" data-element_type=\"widget\" data-widget_type=\"text-editor.default\">\n\t\t\t\t\t\t\t\t\t<p>Die Vorbereitung der Immobilie f\u00fcr den Verkauf ist einer der wichtigsten Schritte, obwohl er oft vernachl\u00e4ssigt wird. Die Immobilie muss nicht in perfektem Zustand sein, aber es ist wichtig, dass sie sauber ist und den Eindruck vermittelt, dass sich die Vorbesitzer gut um sie gek\u00fcmmert haben. Um diesen Schritt korrekt durchzuf\u00fchren, befolgen Sie diese Schritte:<\/p><ol><li><strong>Reinigen Sie die Immobilie<\/strong> innen und au\u00dfen und schaffen Sie eine attraktive Atmosph\u00e4re f\u00fcr Besichtigungen.<\/li><li>Um K\u00e4ufern eine klarere Vorstellung davon zu geben, was sie bekommen, <strong>entfernen Sie pers\u00f6nliche Gegenst\u00e4nde<\/strong>, wenn m\u00f6glich.<\/li><li>\u00dcberpr\u00fcfen Sie, ob alles funktioniert, und wenn nicht, <strong>f\u00fchren Sie die notwendigen Reparaturen durch<\/strong>.<\/li><li>Beauftragen Sie einen guten Fotografen, um die Immobilie aus den besten Winkeln einzufangen.<\/li><li>Bereiten Sie die notwendigen <a href=\"https:\/\/gov.hr\/hr\/prodaja-nekretnine\/1288?lang=hr\">Unterlagen f\u00fcr den Immobilienverkauf vor<\/a> (Eigentumsnachweis, Energieausweis, Baugenehmigung und andere erforderliche Dokumente).<\/li><\/ol>\t\t\t\t\t\t\t\t<\/div>\n\t\t\t\t<div class=\"elementor-element elementor-element-1acb474 elementor-widget elementor-widget-image\" data-id=\"1acb474\" data-element_type=\"widget\" data-widget_type=\"image.default\">\n\t\t\t\t\t\t\t\t\t\t\t\t\t\t\t<img fetchpriority=\"high\" decoding=\"async\" width=\"1000\" height=\"563\" src=\"https:\/\/solhome.hr\/wp-content\/uploads\/2025\/09\/image1.webp\" class=\"attachment-full size-full wp-image-4427\" alt=\"\" srcset=\"https:\/\/solhome.hr\/wp-content\/uploads\/2025\/09\/image1.webp 1000w, https:\/\/solhome.hr\/wp-content\/uploads\/2025\/09\/image1-300x169.webp 300w, https:\/\/solhome.hr\/wp-content\/uploads\/2025\/09\/image1-768x432.webp 768w\" sizes=\"(max-width: 1000px) 100vw, 1000px\" \/>\t\t\t\t\t\t\t\t\t\t\t\t\t\t\t<\/div>\n\t\t\t\t<div class=\"elementor-element elementor-element-a02c53b elementor-widget__width-inherit elementor-widget elementor-widget-heading\" data-id=\"a02c53b\" data-element_type=\"widget\" id=\"k2\" data-widget_type=\"heading.default\">\n\t\t\t\t\t<h3 class=\"elementor-heading-title elementor-size-default\">SCHRITT 2: BESTIMMUNG DES MARKTWERTS DER IMMOBILIE DURCH BERATUNG MIT EINER IMMOBILIENAGENTUR<\/h3>\t\t\t\t<\/div>\n\t\t\t\t<div class=\"elementor-element elementor-element-e845372 elementor-widget elementor-widget-text-editor\" data-id=\"e845372\" data-element_type=\"widget\" data-widget_type=\"text-editor.default\">\n\t\t\t\t\t\t\t\t\t<p>Die Immobilienbewertung ist wichtig, damit Sie als Verk\u00e4ufer den wahren Wert Ihrer Immobilie kennen, aber auch, damit der K\u00e4ufer einen fairen Preis f\u00fcr das zahlt, was er bekommt. Wenn dieser Schritt \u00fcbersprungen wird, kann es leicht passieren, dass Sie die Immobilie zu einem niedrigeren Preis verkaufen und somit an Wert bei der Transaktion verlieren \u2013 was Sie definitiv nicht m\u00f6chten.<\/p><p>Da die meisten Menschen keine relevanten Informationen \u00fcber Markttrends haben oder wissen, welche Faktoren den Wert einer Immobilie erh\u00f6hen oder senken, ist die beste und sicherste L\u00f6sung f\u00fcr diesen Schritt, <a href=\"https:\/\/solhome.hr\/\">eine Immobilienagentur zu beauftragen<\/a>.<\/p><p>Was eine Immobilienagentur in diesem Schritt tut:<\/p><ul><li><strong>Kennenlernen Ihrer Immobilie und Immobilienbewertung<\/strong> \u2013 die Agentur ber\u00fccksichtigt die Besonderheiten Ihrer Immobilie, ihren Standort sowie Angebot und Nachfrage, die die Preistrends beeinflussen.<\/li><li><strong>Bereitstellung von Ratschl\u00e4gen und Empfehlungen<\/strong>, wie Sie den Wert Ihrer Immobilie steigern k\u00f6nnen, um einen h\u00f6heren Preis zu erzielen.<\/li><\/ul>\t\t\t\t\t\t\t\t<\/div>\n\t\t\t\t<div class=\"elementor-element elementor-element-80e3789 elementor-widget__width-inherit elementor-widget elementor-widget-heading\" data-id=\"80e3789\" data-element_type=\"widget\" id=\"k3\" data-widget_type=\"heading.default\">\n\t\t\t\t\t<h3 class=\"elementor-heading-title elementor-size-default\">SCHRITT 3: VERHANDLUNG \u00dcBER DIE IMMOBILIE<\/h3>\t\t\t\t<\/div>\n\t\t\t\t<div class=\"elementor-element elementor-element-cddd621 elementor-widget elementor-widget-text-editor\" data-id=\"cddd621\" data-element_type=\"widget\" data-widget_type=\"text-editor.default\">\n\t\t\t\t\t\t\t\t\t<p><strong>Die Verhandlung ist ein entscheidender Schritt f\u00fcr Verk\u00e4ufer und K\u00e4ufer.<\/strong> Dieser Schritt beinhaltet eine Einigung zwischen Verk\u00e4ufer und K\u00e4ufer \u00fcber den Preis, zu dem die Transaktion stattfinden wird. Nat\u00fcrlich strebt in diesem Schritt jede Seite danach, ein bestimmtes Interesse zu verwirklichen \u2013 der Verk\u00e4ufer m\u00f6chte einen m\u00f6glichst hohen Preis erzielen, w\u00e4hrend der K\u00e4ufer den Immobilienpreis senken m\u00f6chte.<\/p><p>Damit der Prozess fair verl\u00e4uft und beide Seiten zu einer zufriedenstellenden Einigung kommen, w\u00e4re es n\u00fctzlich, eine <a href=\"https:\/\/solhome.hr\/\">zuverl\u00e4ssige Immobilienagentur<\/a> zu beauftragen. Ein Immobilienmakler ist bei der Verhandlung \u00fcber den Immobilienverkauf \u00e4u\u00dferst hilfreich, weil:<\/p><ul><li>Er Erfahrung in Verhandlungen hat und Sie beraten kann, wie Sie den Wert der Immobilie steigern k\u00f6nnen.<\/li><li>Makler \u00fcber gut entwickelte Verkaufs- und Marketingf\u00e4higkeiten verf\u00fcgen und wissen, welche Eigenschaften der Immobilie hervorgehoben werden m\u00fcssen, um einen potenziellen K\u00e4ufer anzuziehen.<\/li><li>Ein Immobilienmakler kommunikativ, zuverl\u00e4ssig und f\u00fcr alle Fragen des K\u00e4ufers verf\u00fcgbar ist, von denen es manchmal eine Vielzahl gibt.<\/li><\/ul>\t\t\t\t\t\t\t\t<\/div>\n\t\t\t\t<div class=\"elementor-element elementor-element-a6fc0bc elementor-widget elementor-widget-image\" data-id=\"a6fc0bc\" data-element_type=\"widget\" data-widget_type=\"image.default\">\n\t\t\t\t\t\t\t\t\t\t\t\t\t\t\t<img decoding=\"async\" width=\"1000\" height=\"667\" src=\"https:\/\/solhome.hr\/wp-content\/uploads\/2025\/09\/image3.webp\" class=\"attachment-full size-full wp-image-4430\" alt=\"\" srcset=\"https:\/\/solhome.hr\/wp-content\/uploads\/2025\/09\/image3.webp 1000w, https:\/\/solhome.hr\/wp-content\/uploads\/2025\/09\/image3-300x200.webp 300w, https:\/\/solhome.hr\/wp-content\/uploads\/2025\/09\/image3-768x512.webp 768w\" sizes=\"(max-width: 1000px) 100vw, 1000px\" \/>\t\t\t\t\t\t\t\t\t\t\t\t\t\t\t<\/div>\n\t\t\t\t<div class=\"elementor-element elementor-element-30eaa03 elementor-widget__width-inherit elementor-widget elementor-widget-heading\" data-id=\"30eaa03\" data-element_type=\"widget\" id=\"k4\" data-widget_type=\"heading.default\">\n\t\t\t\t\t<h3 class=\"elementor-heading-title elementor-size-default\">SCHRITT 4: UNTERZEICHNUNG DES VORVERTRAGS<\/h3>\t\t\t\t<\/div>\n\t\t\t\t<div class=\"elementor-element elementor-element-fc7abd6 elementor-widget elementor-widget-text-editor\" data-id=\"fc7abd6\" data-element_type=\"widget\" data-widget_type=\"text-editor.default\">\n\t\t\t\t\t\t\t\t\t<p>Sobald Sie einen K\u00e4ufer gefunden und einen Preis vereinbart haben, ist es Zeit, <strong>den Vorvertrag \u00fcber den Kauf der Immobilie<\/strong> zu unterzeichnen. Die Unterzeichnung eines Vorvertrags ist in Kroatien rechtsverbindlich, da es sich um ein Dokument handelt, das sicherstellt, dass die Transaktion stattfindet und beide Parteien sich zum Verkauf verpflichtet haben. <a href=\"https:\/\/gov.hr\/hr\/kupnja-nekretnine\/1282\">Der Vorvertrag<\/a> enth\u00e4lt:<\/p><ul><li><strong>Details zur Immobilie:<\/strong> Eine detaillierte Beschreibung der Immobilie, einschlie\u00dflich Adresse, Gr\u00f6\u00dfe, Zimmeranzahl, Grundst\u00fcck und allem, was im Immobilienverkauf enthalten ist.<\/li><li><strong>Preis:<\/strong> Der Vorvertrag enth\u00e4lt Informationen \u00fcber den vereinbarten Preis der Immobilie, die Zahlungsweise und die H\u00f6he der Anzahlung.<\/li><li><strong>Zahlungsweise:<\/strong> Informationen dar\u00fcber, ob die Immobilie mit Bargeld, \u00fcber einen Kredit oder auf andere Weise gekauft wird. Das Datum der Eigentums\u00fcbertragung und die Kl\u00e4rung der Abschlussprozesse.<\/li><li><strong>Folgen bei Nichteinhaltung des Vertrags:<\/strong> Es ist \u00fcbliche Praxis, die Anzahlung in doppelter H\u00f6he zur\u00fcckzuerstatten, wenn der Verk\u00e4ufer vom Verkauf zur\u00fccktritt.<\/li><\/ul>\t\t\t\t\t\t\t\t<\/div>\n\t\t\t\t<div class=\"elementor-element elementor-element-97c1307 elementor-widget__width-inherit elementor-widget elementor-widget-heading\" data-id=\"97c1307\" data-element_type=\"widget\" id=\"k5\" data-widget_type=\"heading.default\">\n\t\t\t\t\t<h3 class=\"elementor-heading-title elementor-size-default\">SCHRITT 5: UNTERZEICHNUNG DES ENDG\u00dcLTIGEN KAUFVERTRAGS<\/h3>\t\t\t\t<\/div>\n\t\t\t\t<div class=\"elementor-element elementor-element-59eaa09 elementor-widget elementor-widget-text-editor\" data-id=\"59eaa09\" data-element_type=\"widget\" data-widget_type=\"text-editor.default\">\n\t\t\t\t\t\t\t\t\t<p>Nachdem der Vorvertrag unterzeichnet ist, sichert der K\u00e4ufer die notwendige Finanzierung, bereitet die erforderlichen Unterlagen vor, und nachdem alle administrativen Fragen gekl\u00e4rt und die im Vorvertrag genannten Bedingungen erf\u00fcllt sind, kommt es zur Unterzeichnung des Hauptkaufvertrags.<\/p><p><strong>Der Immobilienkaufvertrag enth\u00e4lt:<\/strong><\/p><ul><li>Details zur Immobilie<\/li><li>Preis und Zahlungsbedingungen<\/li><li>Datum der Eigentums\u00fcbertragung und Vertragsunterzeichnung<\/li><li>Eine Garantie, dass die Dokumentation korrekt ist und der Prozess rechtm\u00e4\u00dfig durchgef\u00fchrt wird<\/li><li>Besondere Bedingungen, falls die Parteien diese vereinbart haben.<\/li><\/ul>\t\t\t\t\t\t\t\t<\/div>\n\t\t\t\t<div class=\"elementor-element elementor-element-76d8ec5 elementor-widget elementor-widget-image\" data-id=\"76d8ec5\" data-element_type=\"widget\" data-widget_type=\"image.default\">\n\t\t\t\t\t\t\t\t\t\t\t\t\t\t\t<img decoding=\"async\" width=\"1000\" height=\"667\" src=\"https:\/\/solhome.hr\/wp-content\/uploads\/2025\/09\/image2.webp\" class=\"attachment-full size-full wp-image-4433\" alt=\"\" srcset=\"https:\/\/solhome.hr\/wp-content\/uploads\/2025\/09\/image2.webp 1000w, https:\/\/solhome.hr\/wp-content\/uploads\/2025\/09\/image2-300x200.webp 300w, https:\/\/solhome.hr\/wp-content\/uploads\/2025\/09\/image2-768x512.webp 768w\" sizes=\"(max-width: 1000px) 100vw, 1000px\" \/>\t\t\t\t\t\t\t\t\t\t\t\t\t\t\t<\/div>\n\t\t\t\t<div class=\"elementor-element elementor-element-b2e7461 elementor-widget__width-inherit elementor-widget elementor-widget-heading\" data-id=\"b2e7461\" data-element_type=\"widget\" id=\"k6\" data-widget_type=\"heading.default\">\n\t\t\t\t\t<h3 class=\"elementor-heading-title elementor-size-default\">SCHRITT 6: WAS IMMOBILIENVERK\u00c4UFER ZAHLEN: STEUERN UND ZUS\u00c4TZLICHE KOSTEN IN KROATIEN\n<\/h3>\t\t\t\t<\/div>\n\t\t\t\t<div class=\"elementor-element elementor-element-d5c625a elementor-widget elementor-widget-text-editor\" data-id=\"d5c625a\" data-element_type=\"widget\" data-widget_type=\"text-editor.default\">\n\t\t\t\t\t\t\t\t\t<p>Falls Sie sich gefragt haben, ob es in Kroatien eine Immobiliensteuer gibt und welche zus\u00e4tzlichen Kosten bei einer Immobilientransaktion anfallen \u2013 die Antwort lautet ja, es gibt bestimmte Steuern. Es ist jedoch wichtig, zwischen den Steuerarten zu unterscheiden, je nachdem, wer f\u00fcr ihre Zahlung verantwortlich ist und wann.<\/p><p><strong>Finanzielle Verpflichtungen des Verk\u00e4ufers beim Immobilienverkauf in Kroatien:<\/strong><\/p><ul><li><strong>Spekulationssteuer (Kapitalertragsteuer) beim Immobilienverkauf:<\/strong>\u00a0Diese Steuer wird f\u00e4llig, wenn Sie eine Immobilie innerhalb von zwei Jahren nach dem Kauf verkaufen und sie nicht als Ihren Wohnsitz genutzt haben. Sie betr\u00e4gt 10% auf die Preisdifferenz (Kapitalgewinn). Wenn die Immobilie jedoch Ihr erstes und einziges Zuhause war, sind Sie von dieser Steuer befreit.<\/li><li><strong>Rechts- und Notargeb\u00fchren:<\/strong> Abh\u00e4ngig von Ihrer Vereinbarung mit dem K\u00e4ufer oder der von Ihnen beauftragten Immobilienagentur m\u00fcssen Sie m\u00f6glicherweise einen Teil oder die gesamten Kosten dieser Dienstleistungen tragen.<\/li><li><strong>Kosten f\u00fcr die Beschaffung von Dokumenten:<\/strong> Wenn Ihnen einige notwendige Dokumente fehlen, m\u00fcssen Sie Mittel f\u00fcr deren Beschaffung aufwenden. Zum Beispiel ist der <a href=\"https:\/\/gov.hr\/hr\/energetski-certifikat\/1258\">Energieausweis<\/a> oft ein Dokument, mit dem Verk\u00e4ufer nicht vertraut sind und das sie oft nicht haben.<\/li><li><strong>Mehrwertsteuer (PDV):<\/strong> Wenn Sie eine Immobilie \u00fcber <strong>ein Unternehmen<\/strong> verkaufen, m\u00fcssen Sie anstelle der Grunderwerbsteuer <strong>25% Mehrwertsteuer<\/strong> zahlen.<\/li><li><strong>Agenturprovision:<\/strong> Die Standardprovision betr\u00e4gt <strong>3% zuz\u00fcglich Mehrwertsteue<\/strong>r des endg\u00fcltigen Verkaufspreises oder ein anderer Betrag je nach Ihrer Vereinbarung mit der Agentur.<\/li><\/ul><p>Um zu vermeiden, dass potenzielle Kosten \u00fcbersehen werden, w\u00e4re es eine kluge Entscheidung, <a href=\"https:\/\/solhome.hr\/\">eine kroatische Immobilienagentur<\/a> zu Ihrem spezifischen Fall zu konsultieren. Auf diese Weise erhalten Sie einen klareren Einblick in alle Kosten, di<\/p>\t\t\t\t\t\t\t\t<\/div>\n\t\t\t\t<div class=\"elementor-element elementor-element-b45c7c7 elementor-widget__width-inherit elementor-widget elementor-widget-heading\" data-id=\"b45c7c7\" data-element_type=\"widget\" id=\"k7\" data-widget_type=\"heading.default\">\n\t\t\t\t\t<h3 class=\"elementor-heading-title elementor-size-default\">SCHRITT 7: EIGENTUMS\u00dcBERTRAGUNG AUF DEN K\u00c4UFER<\/h3>\t\t\t\t<\/div>\n\t\t\t\t<div class=\"elementor-element elementor-element-e309a95 elementor-widget elementor-widget-text-editor\" data-id=\"e309a95\" data-element_type=\"widget\" data-widget_type=\"text-editor.default\">\n\t\t\t\t\t\t\t\t\t<p>Nachdem der Kaufvertrag unterzeichnet ist, umfassen die n\u00e4chsten Schritte die Registrierung der \u00c4nderungen im Grundbuch, die Benachrichtigung der Versorgungsunternehmen \u00fcber den Eigent\u00fcmerwechsel sowie die \u00dcbergabe der Schl\u00fcssel und der Immobilie selbst.<\/p><p>\u00a0<\/p>\t\t\t\t\t\t\t\t<\/div>\n\t\t\t\t<div class=\"elementor-element elementor-element-f02af81 elementor-widget elementor-widget-image\" data-id=\"f02af81\" data-element_type=\"widget\" data-widget_type=\"image.default\">\n\t\t\t\t\t\t\t\t\t\t\t\t\t\t\t<img loading=\"lazy\" decoding=\"async\" width=\"1000\" height=\"751\" src=\"https:\/\/solhome.hr\/wp-content\/uploads\/2025\/09\/image5.webp\" class=\"attachment-full size-full wp-image-4439\" alt=\"\" srcset=\"https:\/\/solhome.hr\/wp-content\/uploads\/2025\/09\/image5.webp 1000w, https:\/\/solhome.hr\/wp-content\/uploads\/2025\/09\/image5-300x225.webp 300w, https:\/\/solhome.hr\/wp-content\/uploads\/2025\/09\/image5-768x577.webp 768w\" sizes=\"(max-width: 1000px) 100vw, 1000px\" \/>\t\t\t\t\t\t\t\t\t\t\t\t\t\t\t<\/div>\n\t\t\t\t<div class=\"elementor-element elementor-element-80dfc1a elementor-widget__width-inherit elementor-widget elementor-widget-heading\" data-id=\"80dfc1a\" data-element_type=\"widget\" id=\"k8\" data-widget_type=\"heading.default\">\n\t\t\t\t\t<h3 class=\"elementor-heading-title elementor-size-default\">8: ZAHLUNGSEINGANG UND ABSCHLUSS DES VERKAUFS<\/h3>\t\t\t\t<\/div>\n\t\t\t\t<div class=\"elementor-element elementor-element-dd40a77 elementor-widget elementor-widget-text-editor\" data-id=\"dd40a77\" data-element_type=\"widget\" data-widget_type=\"text-editor.default\">\n\t\t\t\t\t\t\t\t\t<p>Der letzte Schritt beim Abschluss des Immobilienverkaufs bezieht sich auf <strong>die finanzielle Seite der Transaktion<\/strong>. Nachdem der K\u00e4ufer die vollst\u00e4ndige Zahlung des Restpreises geleistet und alle Zahlungsbest\u00e4tigungen sowie alle anderen finanziellen Verpflichtungen bearbeitet hat, kann der Verkauf als abgeschlossen betrachtet werden.<\/p>\t\t\t\t\t\t\t\t<\/div>\n\t\t\t\t<div class=\"elementor-element elementor-element-f53a33a elementor-widget__width-inherit elementor-widget elementor-widget-heading\" data-id=\"f53a33a\" data-element_type=\"widget\" data-widget_type=\"heading.default\">\n\t\t\t\t\t<h2 class=\"elementor-heading-title elementor-size-default\">WAS IST DER BESTE WEG, UM IHRE IMMOBILIE SCHNELL ZU VERKAUFEN?<\/h2>\t\t\t\t<\/div>\n\t\t\t\t<div class=\"elementor-element elementor-element-1d7e53c elementor-widget elementor-widget-text-editor\" data-id=\"1d7e53c\" data-element_type=\"widget\" data-widget_type=\"text-editor.default\">\n\t\t\t\t\t\t\t\t\t<p><strong>Um Ihre Immobilie schnell zu verkaufen, gibt es mehrere wichtige Schritte:<\/strong><\/p><ul><li><strong>Bereiten Sie sie so gut wie m\u00f6glich vor <\/strong>\u2013 richten Sie sowohl den Innen- als auch den Au\u00dfenbereich her, damit er attraktiv aussieht.<\/li><li><strong>Halten Sie alle notwendigen Unterlagen rechtzeitig bereit<\/strong> \u2013 bringen Sie sich nicht in die Situation, dass Ihnen &#8222;nur noch ein Dokument&#8220; fehlt.<\/li><li>Beauftragen Sie einen Immobilienmakler, der seine Erfahrung und F\u00e4higkeiten einsetzt, um Ihnen zu helfen, die Immobilie schnell und zu einem fairen Preis zu verkaufen.<\/li><\/ul>\t\t\t\t\t\t\t\t<\/div>\n\t\t\t\t<div class=\"elementor-element elementor-element-fc1225c elementor-widget elementor-widget-image\" data-id=\"fc1225c\" data-element_type=\"widget\" data-widget_type=\"image.default\">\n\t\t\t\t\t\t\t\t\t\t\t\t\t\t\t<img loading=\"lazy\" decoding=\"async\" width=\"1000\" height=\"667\" src=\"https:\/\/solhome.hr\/wp-content\/uploads\/2025\/09\/image4.webp\" class=\"attachment-full size-full wp-image-4442\" alt=\"\" srcset=\"https:\/\/solhome.hr\/wp-content\/uploads\/2025\/09\/image4.webp 1000w, https:\/\/solhome.hr\/wp-content\/uploads\/2025\/09\/image4-300x200.webp 300w, https:\/\/solhome.hr\/wp-content\/uploads\/2025\/09\/image4-768x512.webp 768w\" sizes=\"(max-width: 1000px) 100vw, 1000px\" \/>\t\t\t\t\t\t\t\t\t\t\t\t\t\t\t<\/div>\n\t\t\t\t<div class=\"elementor-element elementor-element-f02c92e elementor-widget__width-inherit elementor-widget elementor-widget-heading\" data-id=\"f02c92e\" data-element_type=\"widget\" data-widget_type=\"heading.default\">\n\t\t\t\t\t<h2 class=\"elementor-heading-title elementor-size-default\">SOLHOME - IHR ZUVERL\u00c4SSIGER PARTNER F\u00dcR DEN VERKAUF VON IMMOBILIEN ZUM RICHTIGEN PREIS\n<\/h2>\t\t\t\t<\/div>\n\t\t\t\t<div class=\"elementor-element elementor-element-4cf8def elementor-widget elementor-widget-text-editor\" data-id=\"4cf8def\" data-element_type=\"widget\" data-widget_type=\"text-editor.default\">\n\t\t\t\t\t\t\t\t\t<p>Sind Sie bereit, eine Immobilie zu verkaufen, die Sie nicht mehr ben\u00f6tigen \u2013 sie in einen Gewinn umzuwandeln und gleichzeitig die st\u00e4ndigen Instandhaltungskosten zu eliminieren? <a href=\"https:\/\/solhome.hr\/\">Solhome<\/a> verbindet Sie mit K\u00e4ufern, die bereit sind, in Ihre Immobilie zu investieren, verhandelt in Ihrem Namen, um eine faire Rendite zu sichern, die ihren wahren Marktwert widerspiegelt, und k\u00fcmmert sich pr\u00e4zise um alle administrativen und rechtlichen Komplexit\u00e4ten. <a href=\"https:\/\/solhome.hr\/kontakt\/\">Kontaktieren Sie uns<\/a> \u2013<strong> wir freuen uns darauf, Sie kennenzulernen!<\/strong><\/p><p>\u00a0<\/p>\t\t\t\t\t\t\t\t<\/div>\n\t\t\t\t<\/div>\n\t\t\t\t\t<\/div>\n\t\t\t\t<\/div>\n\t\t\t\t<\/div>\n\t\t","protected":false},"excerpt":{"rendered":"<p>Besitzen Sie eine Immobilie in Kroatien, die ungenutzt herumsteht und Sie jeden Monat Geld kostet? Haben Sie beschlossen, dass der Verkauf eine gute M\u00f6glichkeit sein k\u00f6nnte, einen Gewinn zu erzielen und sich gleichzeitig vom Stress der Sorge um die Instandhaltungskosten einer ungenutzten Immobilie zu befreien? Wir sind hier, um Ihnen den Verkauf Ihrer Immobilie zu [&hellip;]<\/p>\n","protected":false},"author":2,"featured_media":0,"parent":5637,"menu_order":0,"comment_status":"closed","ping_status":"closed","template":"elementor_header_footer","meta":{"inline_featured_image":false,"footnotes":""},"class_list":["post-22478","page","type-page","status-publish","hentry"],"_links":{"self":[{"href":"https:\/\/solhome.hr\/de\/wp-json\/wp\/v2\/pages\/22478","targetHints":{"allow":["GET"]}}],"collection":[{"href":"https:\/\/solhome.hr\/de\/wp-json\/wp\/v2\/pages"}],"about":[{"href":"https:\/\/solhome.hr\/de\/wp-json\/wp\/v2\/types\/page"}],"author":[{"embeddable":true,"href":"https:\/\/solhome.hr\/de\/wp-json\/wp\/v2\/users\/2"}],"replies":[{"embeddable":true,"href":"https:\/\/solhome.hr\/de\/wp-json\/wp\/v2\/comments?post=22478"}],"version-history":[{"count":10,"href":"https:\/\/solhome.hr\/de\/wp-json\/wp\/v2\/pages\/22478\/revisions"}],"predecessor-version":[{"id":22489,"href":"https:\/\/solhome.hr\/de\/wp-json\/wp\/v2\/pages\/22478\/revisions\/22489"}],"up":[{"embeddable":true,"href":"https:\/\/solhome.hr\/de\/wp-json\/wp\/v2\/pages\/5637"}],"wp:attachment":[{"href":"https:\/\/solhome.hr\/de\/wp-json\/wp\/v2\/media?parent=22478"}],"curies":[{"name":"wp","href":"https:\/\/api.w.org\/{rel}","templated":true}]}}