{"id":5635,"date":"2025-08-01T11:06:20","date_gmt":"2025-08-01T11:06:20","guid":{"rendered":"https:\/\/musing-rosalind.135-181-117-101.plesk.page\/?page_id=5635"},"modified":"2025-11-17T16:43:48","modified_gmt":"2025-11-17T16:43:48","slug":"pruvodci","status":"publish","type":"page","link":"https:\/\/solhome.hr\/cs\/pruvodci\/","title":{"rendered":"Pr\u016fvodci"},"content":{"rendered":"\t\t<div data-elementor-type=\"wp-page\" data-elementor-id=\"5635\" class=\"elementor elementor-5635 elementor-3261\" data-elementor-post-type=\"page\">\n\t\t\t\t<div class=\"elementor-element elementor-element-761daba e-flex e-con-boxed e-con e-parent\" data-id=\"761daba\" data-element_type=\"container\">\n\t\t\t\t\t<div class=\"e-con-inner\">\n\t\t\t\t\t<\/div>\n\t\t\t\t<\/div>\n\t\t<div class=\"elementor-element elementor-element-82ebc03 e-flex e-con-boxed e-con e-parent\" data-id=\"82ebc03\" data-element_type=\"container\">\n\t\t\t\t\t<div class=\"e-con-inner\">\n\t\t\t\t<div class=\"elementor-element elementor-element-89bfcc6 elementor-widget elementor-widget-text-editor\" data-id=\"89bfcc6\" data-element_type=\"widget\" data-widget_type=\"text-editor.default\">\n\t\t\t\t\t\t\t\t\t<p>A\u0165 u\u017e pl\u00e1nujete nemovitost koupit, prodat nebo pronajmout, Chorvatsko nab\u00edz\u00ed mnoho p\u0159\u00edle\u017eitost\u00ed, ale proces m\u016f\u017ee b\u00fdt matouc\u00ed kv\u016fli r\u016fzn\u00fdm pr\u00e1vn\u00edm postup\u016fm, dan\u00edm a dal\u0161\u00edm d\u016fle\u017eit\u00fdm faktor\u016fm. Na\u0161\u00edm posl\u00e1n\u00edm je zjednodu\u0161it v\u0161echny aspekty spojen\u00e9 s nemovitostmi a poskytnout v\u00e1m v\u0161echny pot\u0159ebn\u00e9 informace, abyste mohli u\u010dinit informovan\u00e9 rozhodnut\u00ed a proj\u00edt ka\u017ed\u00fdm krokem s lehkost\u00ed.<\/p>\t\t\t\t\t\t\t\t<\/div>\n\t\t\t\t\t<\/div>\n\t\t\t\t<\/div>\n\t\t<div class=\"elementor-element elementor-element-4e48d47 e-flex e-con-boxed e-con e-parent\" data-id=\"4e48d47\" data-element_type=\"container\">\n\t\t\t\t\t<div class=\"e-con-inner\">\n\t\t<div class=\"elementor-element elementor-element-3790d3c e-con-full e-flex e-con e-child\" data-id=\"3790d3c\" data-element_type=\"container\" data-settings=\"{&quot;background_background&quot;:&quot;classic&quot;}\">\n\t\t\t\t<div class=\"elementor-element elementor-element-dde1a52 elementor-widget elementor-widget-heading\" data-id=\"dde1a52\" data-element_type=\"widget\" data-widget_type=\"heading.default\">\n\t\t\t\t\t<h4 class=\"elementor-heading-title elementor-size-default\">Koup\u011b nemovitosti v Chorvatsku <\/h4>\t\t\t\t<\/div>\n\t\t\t\t<div class=\"elementor-element elementor-element-2f458ff elementor-hidden-tablet elementor-hidden-mobile elementor-widget elementor-widget-text-editor\" data-id=\"2f458ff\" data-element_type=\"widget\" data-widget_type=\"text-editor.default\">\n\t\t\t\t\t\t\t\t\t<p data-start=\"2352\" data-end=\"2792\">Aby cel\u00fd proces koup\u011b prob\u00edhal hladce, je d\u016fle\u017eit\u00e9 p\u0159edem si p\u0159ipravit finan\u010dn\u00ed pl\u00e1n a zkontrolovat dokumentaci nemovitosti, jako je v\u00fdpis z katastru nemovitost\u00ed a stavebn\u00ed povolen\u00ed. Doporu\u010dujeme najmout realitn\u00edho makl\u00e9\u0159e, kter\u00fd v\u00e1s provede jedn\u00e1n\u00edm, zajist\u00ed f\u00e9rovou cenu v souladu s trhem a pom\u016f\u017ee v\u00e1m se v\u0161emi administrativn\u00edmi povinnostmi. N\u00e1\u0161 pr\u016fvodce v\u00e1m pom\u016f\u017ee koupit nemovitost rychle, za nejlep\u0161\u00ed cenu a bez ne\u017e\u00e1douc\u00edch komplikac\u00ed.<\/p>\t\t\t\t\t\t\t\t<\/div>\n\t\t\t\t<div class=\"elementor-element elementor-element-872f646 elementor-hidden-desktop elementor-widget elementor-widget-text-editor\" data-id=\"872f646\" data-element_type=\"widget\" data-widget_type=\"text-editor.default\">\n\t\t\t\t\t\t\t\t\t<p data-start=\"2794\" data-end=\"2947\">Pokud jste se n\u011bkdy ptali, jak koupit nemovitost v Chorvatsku a jak\u00e9 postupy mus\u00edte dodr\u017eet \u2013 p\u0159e\u010dt\u011bte si na\u0161eho pr\u016fvodce koup\u00ed nemovitost\u00ed v Chorvatsku.<\/p>\t\t\t\t\t\t\t\t<\/div>\n\t\t\t\t<div class=\"elementor-element elementor-element-801067f elementor-widget elementor-widget-button\" data-id=\"801067f\" data-element_type=\"widget\" data-widget_type=\"button.default\">\n\t\t\t\t\t\t\t\t\t\t<a class=\"elementor-button elementor-button-link elementor-size-sm\" href=\"\/cs\/pruvodci\/nakup-nemovitosti-v-chorvatsku-pruvodce-nakupem\/\">\n\t\t\t\t\t\t<span class=\"elementor-button-content-wrapper\">\n\t\t\t\t\t\t\t\t\t<span class=\"elementor-button-text\">ZOBRAZIT PR\u016eVODCE<\/span>\n\t\t\t\t\t<\/span>\n\t\t\t\t\t<\/a>\n\t\t\t\t\t\t\t\t<\/div>\n\t\t\t\t<\/div>\n\t\t<div class=\"elementor-element elementor-element-92e482e e-con-full e-flex e-con e-child\" data-id=\"92e482e\" data-element_type=\"container\">\n\t\t<div class=\"elementor-element elementor-element-fe3506d e-con-full e-flex e-con e-child\" data-id=\"fe3506d\" data-element_type=\"container\" data-settings=\"{&quot;background_background&quot;:&quot;classic&quot;}\">\n\t\t\t\t<div class=\"elementor-element elementor-element-4d22cb5 elementor-widget elementor-widget-heading\" data-id=\"4d22cb5\" data-element_type=\"widget\" data-widget_type=\"heading.default\">\n\t\t\t\t\t<h4 class=\"elementor-heading-title elementor-size-default\">Prodej nemovitosti v Chorvatsku <\/h4>\t\t\t\t<\/div>\n\t\t\t\t<div class=\"elementor-element elementor-element-c0dfb42 elementor-widget elementor-widget-text-editor\" data-id=\"c0dfb42\" data-element_type=\"widget\" data-widget_type=\"text-editor.default\">\n\t\t\t\t\t\t\t\t\t<p data-start=\"2949\" data-end=\"3098\">Pokud v\u00e1s zaj\u00edm\u00e1, jak prodat nemovitost rychle a bez stresu p\u0159i dodr\u017een\u00ed v\u0161ech pr\u00e1vn\u00edch postup\u016f, p\u0159e\u010dt\u011bte si pr\u016fvodce a zjist\u011bte v\u0161e, co pot\u0159ebujete!<\/p>\t\t\t\t\t\t\t\t<\/div>\n\t\t\t\t<div class=\"elementor-element elementor-element-63eef57 elementor-widget elementor-widget-button\" data-id=\"63eef57\" data-element_type=\"widget\" data-widget_type=\"button.default\">\n\t\t\t\t\t\t\t\t\t\t<a class=\"elementor-button elementor-button-link elementor-size-sm\" href=\"\/cs\/pruvodci\/prodej-nemovitosti-v-chorvatsku-kompletni-pruvodce\/\">\n\t\t\t\t\t\t<span class=\"elementor-button-content-wrapper\">\n\t\t\t\t\t\t\t\t\t<span class=\"elementor-button-text\">ZOBRAZIT PR\u016eVODCE<\/span>\n\t\t\t\t\t<\/span>\n\t\t\t\t\t<\/a>\n\t\t\t\t\t\t\t\t<\/div>\n\t\t\t\t<\/div>\n\t\t<div class=\"elementor-element elementor-element-ebecf49 e-con-full e-flex e-con e-child\" data-id=\"ebecf49\" data-element_type=\"container\" data-settings=\"{&quot;background_background&quot;:&quot;classic&quot;}\">\n\t\t\t\t<div class=\"elementor-element elementor-element-1682603 elementor-widget elementor-widget-heading\" data-id=\"1682603\" data-element_type=\"widget\" data-widget_type=\"heading.default\">\n\t\t\t\t\t<h4 class=\"elementor-heading-title elementor-size-default\">Dan\u011b z nemovitost\u00ed v Chorvatsku<\/h4>\t\t\t\t<\/div>\n\t\t\t\t<div class=\"elementor-element elementor-element-ebb7d43 elementor-widget elementor-widget-text-editor\" data-id=\"ebb7d43\" data-element_type=\"widget\" data-widget_type=\"text-editor.default\">\n\t\t\t\t\t\t\t\t\t<p data-start=\"3100\" data-end=\"3297\">Jak\u00e9 n\u00e1klady m\u016f\u017eete o\u010dek\u00e1vat, pokud pl\u00e1nujete koupit nebo prodat nemovitost v Chorvatsku a jak\u00e9 dan\u011b z nemovitost\u00ed v Chorvatsku existuj\u00ed \u2013 p\u0159e\u010dt\u011bte si na\u0161eho kompletn\u00edho pr\u016fvodce a dozv\u00edte se v\u00edce.<\/p>\t\t\t\t\t\t\t\t<\/div>\n\t\t\t\t<div class=\"elementor-element elementor-element-defe243 elementor-widget elementor-widget-button\" data-id=\"defe243\" data-element_type=\"widget\" data-widget_type=\"button.default\">\n\t\t\t\t\t\t\t\t\t\t<a class=\"elementor-button elementor-button-link elementor-size-sm\" href=\"\/cs\/pruvodci\/dane-z-nemovitosti-v-chorvatsku-kompletni-pruvodce\/\">\n\t\t\t\t\t\t<span class=\"elementor-button-content-wrapper\">\n\t\t\t\t\t\t\t\t\t<span class=\"elementor-button-text\">ZOBRAZIT PR\u016eVODCE<\/span>\n\t\t\t\t\t<\/span>\n\t\t\t\t\t<\/a>\n\t\t\t\t\t\t\t\t<\/div>\n\t\t\t\t<\/div>\n\t\t\t\t<\/div>\n\t\t\t\t\t<\/div>\n\t\t\t\t<\/div>\n\t\t\t\t<\/div>\n\t\t","protected":false},"excerpt":{"rendered":"<p>A\u0165 u\u017e pl\u00e1nujete nemovitost koupit, prodat nebo pronajmout, Chorvatsko nab\u00edz\u00ed mnoho p\u0159\u00edle\u017eitost\u00ed, ale proces m\u016f\u017ee b\u00fdt matouc\u00ed kv\u016fli r\u016fzn\u00fdm pr\u00e1vn\u00edm postup\u016fm, dan\u00edm a dal\u0161\u00edm d\u016fle\u017eit\u00fdm faktor\u016fm. Na\u0161\u00edm posl\u00e1n\u00edm je zjednodu\u0161it v\u0161echny aspekty spojen\u00e9 s nemovitostmi a poskytnout v\u00e1m v\u0161echny pot\u0159ebn\u00e9 informace, abyste mohli u\u010dinit informovan\u00e9 rozhodnut\u00ed a proj\u00edt ka\u017ed\u00fdm krokem s lehkost\u00ed. Koup\u011b nemovitosti v [&hellip;]<\/p>\n","protected":false},"author":2,"featured_media":0,"parent":0,"menu_order":0,"comment_status":"closed","ping_status":"closed","template":"","meta":{"inline_featured_image":false,"footnotes":""},"class_list":["post-5635","page","type-page","status-publish","hentry"],"_links":{"self":[{"href":"https:\/\/solhome.hr\/cs\/wp-json\/wp\/v2\/pages\/5635","targetHints":{"allow":["GET"]}}],"collection":[{"href":"https:\/\/solhome.hr\/cs\/wp-json\/wp\/v2\/pages"}],"about":[{"href":"https:\/\/solhome.hr\/cs\/wp-json\/wp\/v2\/types\/page"}],"author":[{"embeddable":true,"href":"https:\/\/solhome.hr\/cs\/wp-json\/wp\/v2\/users\/2"}],"replies":[{"embeddable":true,"href":"https:\/\/solhome.hr\/cs\/wp-json\/wp\/v2\/comments?post=5635"}],"version-history":[{"count":29,"href":"https:\/\/solhome.hr\/cs\/wp-json\/wp\/v2\/pages\/5635\/revisions"}],"predecessor-version":[{"id":52275,"href":"https:\/\/solhome.hr\/cs\/wp-json\/wp\/v2\/pages\/5635\/revisions\/52275"}],"wp:attachment":[{"href":"https:\/\/solhome.hr\/cs\/wp-json\/wp\/v2\/media?parent=5635"}],"curies":[{"name":"wp","href":"https:\/\/api.w.org\/{rel}","templated":true}]}}