{"id":4878,"date":"2025-07-28T19:13:36","date_gmt":"2025-07-28T19:13:36","guid":{"rendered":"https:\/\/musing-rosalind.135-181-117-101.plesk.page\/?page_id=4878"},"modified":"2025-11-19T14:37:05","modified_gmt":"2025-11-19T14:37:05","slug":"kontaktujte-nas","status":"publish","type":"page","link":"https:\/\/solhome.hr\/cs\/kontaktujte-nas\/","title":{"rendered":"Kontaktujte n\u00e1s"},"content":{"rendered":"\t\t<div data-elementor-type=\"wp-page\" data-elementor-id=\"4878\" class=\"elementor elementor-4878 elementor-2774\" data-elementor-post-type=\"page\">\n\t\t\t\t<div class=\"elementor-element elementor-element-dbd4d46 e-flex e-con-boxed e-con e-parent\" data-id=\"dbd4d46\" data-element_type=\"container\" data-settings=\"{&quot;background_background&quot;:&quot;classic&quot;}\">\n\t\t\t\t\t<div class=\"e-con-inner\">\n\t\t\t\t\t<\/div>\n\t\t\t\t<\/div>\n\t\t<div class=\"elementor-element elementor-element-4f39e80 e-flex e-con-boxed e-con e-parent\" data-id=\"4f39e80\" data-element_type=\"container\">\n\t\t\t\t\t<div class=\"e-con-inner\">\n\t\t\t\t<div class=\"elementor-element elementor-element-e81033b elementor-widget elementor-widget-heading\" data-id=\"e81033b\" data-element_type=\"widget\" data-widget_type=\"heading.default\">\n\t\t\t\t\t<h1 class=\"elementor-heading-title elementor-size-default\">Kontaktujte n\u00e1s<\/h1>\t\t\t\t<\/div>\n\t\t\t\t\t<\/div>\n\t\t\t\t<\/div>\n\t\t<div class=\"elementor-element elementor-element-adb0063 e-flex e-con-boxed e-con e-parent\" data-id=\"adb0063\" data-element_type=\"container\">\n\t\t\t\t\t<div class=\"e-con-inner\">\n\t\t<div class=\"elementor-element elementor-element-4110077 e-con-full e-flex e-con e-child\" data-id=\"4110077\" data-element_type=\"container\" data-settings=\"{&quot;background_background&quot;:&quot;classic&quot;}\">\n\t\t\t\t<div class=\"elementor-element elementor-element-02883e3 elementor-position-left elementor-vertical-align-middle elementor-widget elementor-widget-image-box\" data-id=\"02883e3\" data-element_type=\"widget\" data-widget_type=\"image-box.default\">\n\t\t\t\t\t<div class=\"elementor-image-box-wrapper\"><figure class=\"elementor-image-box-img\"><img decoding=\"async\" width=\"235\" height=\"246\" src=\"https:\/\/solhome.hr\/wp-content\/uploads\/2025\/07\/SolHome-transparent.webp\" class=\"attachment-full size-full wp-image-2754\" alt=\"\" \/><\/figure><div class=\"elementor-image-box-content\"><p class=\"elementor-image-box-description\">+385 97 718 58 72<br>\n+49 163 635 49 30<br>\ninfo@solhome.hr<\/p><\/div><\/div>\t\t\t\t<\/div>\n\t\t\t\t<div class=\"elementor-element elementor-element-390cf2a elementor-widget elementor-widget-text-editor\" data-id=\"390cf2a\" data-element_type=\"widget\" data-widget_type=\"text-editor.default\">\n\t\t\t\t\t\t\t\t\t<p>Sol Home m\u00e1 ve sv\u00e9m portfoliu pe\u010dliv\u011b vybran\u00e9 nemovitosti pod\u00e9l chorvatsk\u00e9ho pob\u0159e\u017e\u00ed a ostrov\u016f, aby sv\u00fdm klient\u016fm nab\u00eddl pouze to nejlep\u0161\u00ed z nejlep\u0161\u00edho a pouze nemovitosti s v\u00fdhledem na mo\u0159e, luxusn\u00ed vily, exkluzivn\u00ed apartm\u00e1ny, pozemky ve v\u00fdjime\u010dn\u00fdch lokac\u00edch u mo\u0159e a panoramata, stejn\u011b jako p\u0159\u00edle\u017eitosti pro investice, a\u0165 u\u017e se jedn\u00e1 o investice do bydlen\u00ed nebo investice do hotel\u016f a turistick\u00fdch projekt\u016f.<br \/>Jako specializovan\u00fd zprost\u0159edkovatel pro prodej \u0161pi\u010dkov\u00fdch rekrea\u010dn\u00edch nemovitost\u00ed je agentura pevn\u011b zam\u011b\u0159ena na poskytov\u00e1n\u00ed \u0161pi\u010dkov\u00fdch slu\u017eeb c\u00edlen\u00e9 klientele, kter\u00e1 m\u00e1 vyt\u0159\u00edben\u00fd vkus a um\u00ed rozpoznat kvalitu, a\u0165 u\u017e se jedn\u00e1 o kvalitu slu\u017eby nebo kvalitu samotn\u00e9 nemovitosti.<br \/>Aplikace vysok\u00fdch obchodn\u00edch standard\u016f a profesionalita a spolehlivost v\u0161ech \u010dlen\u016f t\u00fdmu Sol Home jsou z\u00e1rukou veden\u00ed prodejn\u00edho procesu na nejvy\u0161\u0161\u00ed \u00farovni kvality a poradenstv\u00ed, kter\u00e9 Sol Home poskytuje sv\u00fdm klient\u016fm ve v\u0161ech f\u00e1z\u00edch trhu.<\/p>\t\t\t\t\t\t\t\t<\/div>\n\t\t\t\t<div class=\"elementor-element elementor-element-57b868d elementor-widget elementor-widget-heading\" data-id=\"57b868d\" data-element_type=\"widget\" data-widget_type=\"heading.default\">\n\t\t\t\t\t<h2 class=\"elementor-heading-title elementor-size-default\">OZVEME SE V\u00c1M CO NEJD\u0158\u00cdVE\n<\/h2>\t\t\t\t<\/div>\n\t\t\t\t<div class=\"elementor-element elementor-element-5e5b615 elementor-widget elementor-widget-text-editor\" data-id=\"5e5b615\" data-element_type=\"widget\" data-widget_type=\"text-editor.default\">\n\t\t\t\t\t\t\t\t\t<p>Pros\u00edme, vypl\u0148te tento formul\u00e1\u0159 a \u010dlen na\u0161eho t\u00fdmu se v\u00e1m ozve co nejd\u0159\u00edve. Pros\u00edme, uve\u010fte co nejv\u00edce podrobnost\u00ed, aby v\u00e1m n\u00e1\u0161 t\u00fdm mohl pomoci tak pln\u011b, jak jen m\u016f\u017eeme &#8211; okam\u017eit\u011b!<\/p>\t\t\t\t\t\t\t\t<\/div>\n\t\t\t\t<div class=\"elementor-element elementor-element-b35ac7f elementor-button-align-stretch elementor-widget elementor-widget-form\" data-id=\"b35ac7f\" data-element_type=\"widget\" data-settings=\"{&quot;step_next_label&quot;:&quot;Next&quot;,&quot;step_previous_label&quot;:&quot;Previous&quot;,&quot;button_width&quot;:&quot;100&quot;,&quot;step_type&quot;:&quot;number_text&quot;,&quot;step_icon_shape&quot;:&quot;circle&quot;}\" data-widget_type=\"form.default\">\n\t\t\t\t\t\t\t<form class=\"elementor-form\" method=\"post\" name=\"Kontakt\" aria-label=\"Kontakt\">\n\t\t\t<input type=\"hidden\" name=\"post_id\" value=\"4878\"\/>\n\t\t\t<input type=\"hidden\" name=\"form_id\" value=\"b35ac7f\"\/>\n\t\t\t<input type=\"hidden\" name=\"referer_title\" value=\"\" \/>\n\n\t\t\t\n\t\t\t<div class=\"elementor-form-fields-wrapper elementor-labels-\">\n\t\t\t\t\t\t\t\t<div class=\"elementor-field-type-text elementor-field-group elementor-column elementor-field-group-name elementor-col-50\">\n\t\t\t\t\t\t\t\t\t\t\t\t<label for=\"form-field-name\" class=\"elementor-field-label elementor-screen-only\">\n\t\t\t\t\t\t\t\tIme\t\t\t\t\t\t\t<\/label>\n\t\t\t\t\t\t\t\t\t\t\t\t\t\t<input size=\"1\" type=\"text\" name=\"form_fields[name]\" id=\"form-field-name\" class=\"elementor-field elementor-size-sm  elementor-field-textual\" placeholder=\"Jm\u00e9no\">\n\t\t\t\t\t\t\t\t\t\t\t<\/div>\n\t\t\t\t\t\t\t\t<div class=\"elementor-field-type-text elementor-field-group elementor-column elementor-field-group-field_411c6e7 elementor-col-50 elementor-field-required\">\n\t\t\t\t\t\t\t\t\t\t\t\t<label for=\"form-field-field_411c6e7\" class=\"elementor-field-label elementor-screen-only\">\n\t\t\t\t\t\t\t\tPrezime\t\t\t\t\t\t\t<\/label>\n\t\t\t\t\t\t\t\t\t\t\t\t\t\t<input size=\"1\" type=\"text\" name=\"form_fields[field_411c6e7]\" id=\"form-field-field_411c6e7\" class=\"elementor-field elementor-size-sm  elementor-field-textual\" placeholder=\"P\u0159\u00edjmen\u00ed\" required=\"required\">\n\t\t\t\t\t\t\t\t\t\t\t<\/div>\n\t\t\t\t\t\t\t\t<div class=\"elementor-field-type-email elementor-field-group elementor-column elementor-field-group-email elementor-col-100 elementor-field-required\">\n\t\t\t\t\t\t\t\t\t\t\t\t<label for=\"form-field-email\" class=\"elementor-field-label elementor-screen-only\">\n\t\t\t\t\t\t\t\tEmail\t\t\t\t\t\t\t<\/label>\n\t\t\t\t\t\t\t\t\t\t\t\t\t\t<input size=\"1\" type=\"email\" name=\"form_fields[email]\" id=\"form-field-email\" class=\"elementor-field elementor-size-sm  elementor-field-textual\" placeholder=\"E-mail\" required=\"required\">\n\t\t\t\t\t\t\t\t\t\t\t<\/div>\n\t\t\t\t\t\t\t\t<div class=\"elementor-field-type-select elementor-field-group elementor-column elementor-field-group-field_1212c17 elementor-col-100 elementor-field-required\">\n\t\t\t\t\t\t\t\t\t\t\t\t<label for=\"form-field-field_1212c17\" class=\"elementor-field-label elementor-screen-only\">\n\t\t\t\t\t\t\t\tZanima me\t\t\t\t\t\t\t<\/label>\n\t\t\t\t\t\t\t\t<div class=\"elementor-field elementor-select-wrapper remove-before \">\n\t\t\t<div class=\"select-caret-down-wrapper\">\n\t\t\t\t<svg aria-hidden=\"true\" class=\"e-font-icon-svg e-eicon-caret-down\" viewBox=\"0 0 571.4 571.4\" xmlns=\"http:\/\/www.w3.org\/2000\/svg\"><path d=\"M571 393Q571 407 561 418L311 668Q300 679 286 679T261 668L11 418Q0 407 0 393T11 368 36 357H536Q550 357 561 368T571 393Z\"><\/path><\/svg>\t\t\t<\/div>\n\t\t\t<select name=\"form_fields[field_1212c17]\" id=\"form-field-field_1212c17\" class=\"elementor-field-textual elementor-size-sm\" required=\"required\">\n\t\t\t\t\t\t\t\t\t<option value=\"M\u00e1m z\u00e1jem o\">M\u00e1m z\u00e1jem o<\/option>\n\t\t\t\t\t\t\t\t\t<option value=\"D\u016fm\/Vila\">D\u016fm\/Vila<\/option>\n\t\t\t\t\t\t\t\t\t<option value=\"Apartm\u00e1n\/Byt\">Apartm\u00e1n\/Byt<\/option>\n\t\t\t\t\t\t\t\t\t<option value=\"Penthouse\">Penthouse<\/option>\n\t\t\t\t\t\t\t\t\t<option value=\"Pozemek\">Pozemek<\/option>\n\t\t\t\t\t\t\t\t\t<option value=\"Hotel\">Hotel<\/option>\n\t\t\t\t\t\t\t<\/select>\n\t\t<\/div>\n\t\t\t\t\t\t<\/div>\n\t\t\t\t\t\t\t\t<div class=\"elementor-field-type-textarea elementor-field-group elementor-column elementor-field-group-message elementor-col-100 elementor-field-required\">\n\t\t\t\t\t\t\t\t\t\t\t\t<label for=\"form-field-message\" class=\"elementor-field-label elementor-screen-only\">\n\t\t\t\t\t\t\t\tPoruka\t\t\t\t\t\t\t<\/label>\n\t\t\t\t\t\t<textarea class=\"elementor-field-textual elementor-field  elementor-size-sm\" name=\"form_fields[message]\" id=\"form-field-message\" rows=\"4\" placeholder=\"Zpr\u00e1va\" required=\"required\"><\/textarea>\t\t\t\t<\/div>\n\t\t\t\t\t\t\t\t<div class=\"elementor-field-type-hidden elementor-field-group elementor-column elementor-field-group-servicetype elementor-col-100\">\n\t\t\t\t\t\t\t\t\t\t\t\t\t<input size=\"1\" type=\"hidden\" name=\"form_fields[servicetype]\" id=\"form-field-servicetype\" class=\"elementor-field elementor-size-sm  elementor-field-textual\">\n\t\t\t\t\t\t\t\t\t\t\t<\/div>\n\t\t\t\t\t\t\t\t<div class=\"elementor-field-group elementor-column elementor-field-type-submit elementor-col-100 e-form__buttons\">\n\t\t\t\t\t<button class=\"elementor-button elementor-size-sm\" type=\"submit\">\n\t\t\t\t\t\t<span class=\"elementor-button-content-wrapper\">\n\t\t\t\t\t\t\t\t\t\t\t\t\t\t\t\t\t\t\t\t\t\t<span class=\"elementor-button-text\">Poslat<\/span>\n\t\t\t\t\t\t\t\t\t\t\t\t\t<\/span>\n\t\t\t\t\t<\/button>\n\t\t\t\t<\/div>\n\t\t\t<\/div>\n\t\t<\/form>\n\t\t\t\t\t\t<\/div>\n\t\t\t\t<\/div>\n\t\t<div class=\"elementor-element elementor-element-2fdc1ac e-con-full e-flex e-con e-child\" data-id=\"2fdc1ac\" data-element_type=\"container\" data-settings=\"{&quot;background_background&quot;:&quot;classic&quot;}\">\n\t\t\t\t<div class=\"elementor-element elementor-element-e218f50 elementor-widget elementor-widget-heading\" data-id=\"e218f50\" data-element_type=\"widget\" data-widget_type=\"heading.default\">\n\t\t\t\t\t<h4 class=\"elementor-heading-title elementor-size-default\">Posledn\u00ed novinky<\/h4>\t\t\t\t<\/div>\n\t\t\t\t<div class=\"elementor-element elementor-element-d5d0d66 elementor-grid-1 elementor-grid-tablet-1 elementor-grid-mobile-1 elementor-widget elementor-widget-loop-grid\" data-id=\"d5d0d66\" data-element_type=\"widget\" data-settings=\"{&quot;template_id&quot;:7742,&quot;columns&quot;:1,&quot;columns_tablet&quot;:1,&quot;_skin&quot;:&quot;post&quot;,&quot;columns_mobile&quot;:&quot;1&quot;,&quot;edit_handle_selector&quot;:&quot;[data-elementor-type=\\&quot;loop-item\\&quot;]&quot;,&quot;row_gap&quot;:{&quot;unit&quot;:&quot;px&quot;,&quot;size&quot;:&quot;&quot;,&quot;sizes&quot;:[]},&quot;row_gap_tablet&quot;:{&quot;unit&quot;:&quot;px&quot;,&quot;size&quot;:&quot;&quot;,&quot;sizes&quot;:[]},&quot;row_gap_mobile&quot;:{&quot;unit&quot;:&quot;px&quot;,&quot;size&quot;:&quot;&quot;,&quot;sizes&quot;:[]}}\" data-widget_type=\"loop-grid.post\">\n\t\t\t\t\t\t\t<div class=\"elementor-loop-container elementor-grid\" role=\"list\">\n\t\t<style id=\"loop-dynamic-7742\">.e-loop-item-21853 .elementor-element.elementor-element-ecb4177:not(.elementor-motion-effects-element-type-background), .e-loop-item-21853 .elementor-element.elementor-element-ecb4177 > .elementor-motion-effects-container > .elementor-motion-effects-layer{background-image:url(\"https:\/\/solhome.hr\/wp-content\/uploads\/2025\/10\/Naslovna-21.webp\");}<\/style><style id=\"loop-7742\">.elementor-7742 .elementor-element.elementor-element-a6b0f93{--display:flex;--flex-direction:column;--container-widget-width:100%;--container-widget-height:initial;--container-widget-flex-grow:0;--container-widget-align-self:initial;--flex-wrap-mobile:wrap;--gap:0px 0px;--row-gap:0px;--column-gap:0px;--border-radius:5px 5px 5px 5px;box-shadow:0px 0px 10px 0px rgba(0, 0, 0, 0.1);--margin-top:0px;--margin-bottom:0px;--margin-left:0px;--margin-right:0px;--padding-top:0px;--padding-bottom:0px;--padding-left:0px;--padding-right:0px;}.elementor-7742 .elementor-element.elementor-element-a6b0f93:not(.elementor-motion-effects-element-type-background), .elementor-7742 .elementor-element.elementor-element-a6b0f93 > .elementor-motion-effects-container > .elementor-motion-effects-layer{background-color:var( --e-global-color-089dfa3 );}.elementor-7742 .elementor-element.elementor-element-ecb4177{--display:flex;--min-height:240px;--flex-direction:column;--container-widget-width:100%;--container-widget-height:initial;--container-widget-flex-grow:0;--container-widget-align-self:initial;--flex-wrap-mobile:wrap;--border-radius:5px 5px 0px 0px;}.elementor-7742 .elementor-element.elementor-element-ecb4177:not(.elementor-motion-effects-element-type-background), .elementor-7742 .elementor-element.elementor-element-ecb4177 > .elementor-motion-effects-container > .elementor-motion-effects-layer{background-repeat:no-repeat;background-size:cover;}.elementor-7742 .elementor-element.elementor-element-d450e13{--display:flex;--flex-direction:column;--container-widget-width:100%;--container-widget-height:initial;--container-widget-flex-grow:0;--container-widget-align-self:initial;--flex-wrap-mobile:wrap;--justify-content:space-between;--border-radius:0px 0px 5px 5px;--padding-top:20px;--padding-bottom:20px;--padding-left:20px;--padding-right:20px;}.elementor-7742 .elementor-element.elementor-element-d450e13:not(.elementor-motion-effects-element-type-background), .elementor-7742 .elementor-element.elementor-element-d450e13 > .elementor-motion-effects-container > .elementor-motion-effects-layer{background-color:var( --e-global-color-089dfa3 );}.elementor-7742 .elementor-element.elementor-element-5990e06{--display:flex;--margin-top:0px;--margin-bottom:20px;--margin-left:0px;--margin-right:0px;--padding-top:0px;--padding-bottom:0px;--padding-left:0px;--padding-right:0px;}.elementor-7742 .elementor-element.elementor-element-13b0e1e{margin:-10px 0px calc(var(--kit-widget-spacing, 0px) + -20px) 0px;padding:0px 0px 0px 0px;}.elementor-7742 .elementor-element.elementor-element-13b0e1e .jet-listing-dynamic-field .jet-listing-dynamic-field__inline-wrap{width:auto;}.elementor-7742 .elementor-element.elementor-element-13b0e1e .jet-listing-dynamic-field .jet-listing-dynamic-field__content{width:auto;}.elementor-7742 .elementor-element.elementor-element-13b0e1e .jet-listing-dynamic-field{justify-content:flex-start;}.elementor-7742 .elementor-element.elementor-element-13b0e1e .jet-listing-dynamic-field__content{text-align:left;}.elementor-7742 .elementor-element.elementor-element-872ee65{margin:0px 0px calc(var(--kit-widget-spacing, 0px) + 0px) 0px;padding:0px 0px 0px 0px;}.elementor-7742 .elementor-element.elementor-element-872ee65 .jet-listing-dynamic-field .jet-listing-dynamic-field__inline-wrap{width:auto;}.elementor-7742 .elementor-element.elementor-element-872ee65 .jet-listing-dynamic-field .jet-listing-dynamic-field__content{width:auto;}.elementor-7742 .elementor-element.elementor-element-872ee65 .jet-listing-dynamic-field{justify-content:flex-start;}.elementor-7742 .elementor-element.elementor-element-872ee65 .jet-listing-dynamic-field__content{text-align:left;}.elementor-7742 .elementor-element.elementor-element-5e23f44 .elementor-button{background-color:#61CE7000;font-size:13px;fill:var( --e-global-color-primary );color:var( --e-global-color-primary );padding:0px 0px 0px 0px;}.elementor-7742 .elementor-element.elementor-element-5e23f44{margin:-20px 0px calc(var(--kit-widget-spacing, 0px) + 0px) 0px;padding:0px 0px 0px 0px;}@media(min-width:768px){.elementor-7742 .elementor-element.elementor-element-ecb4177{--width:100%;}.elementor-7742 .elementor-element.elementor-element-d450e13{--width:100%;}}@media(max-width:767px){.elementor-7742 .elementor-element.elementor-element-a6b0f93{--border-radius:0px 0px 0px 0px;}.elementor-7742 .elementor-element.elementor-element-ecb4177{--border-radius:0px 0px 0px 0px;}.elementor-7742 .elementor-element.elementor-element-5e23f44 .elementor-button{font-size:16px;}}<\/style>\t\t<div data-elementor-type=\"loop-item\" data-elementor-id=\"7742\" class=\"elementor elementor-7742 elementor-2910 e-loop-item e-loop-item-21853 post-21853 post type-post status-publish format-standard has-post-thumbnail hentry category-uncategorized-cs\" data-elementor-post-type=\"elementor_library\" data-custom-edit-handle=\"1\">\n\t\t\t<div class=\"elementor-element elementor-element-a6b0f93 e-flex e-con-boxed e-con e-parent\" data-id=\"a6b0f93\" data-element_type=\"container\" data-settings=\"{&quot;background_background&quot;:&quot;classic&quot;}\">\n\t\t\t\t\t<div class=\"e-con-inner\">\n\t\t<div class=\"elementor-element elementor-element-ecb4177 e-con-full e-flex e-con e-child\" data-id=\"ecb4177\" data-element_type=\"container\" data-settings=\"{&quot;background_background&quot;:&quot;classic&quot;}\">\n\t\t\t\t<\/div>\n\t\t<div class=\"elementor-element elementor-element-d450e13 e-con-full e-flex e-con e-child\" data-id=\"d450e13\" data-element_type=\"container\" data-settings=\"{&quot;background_background&quot;:&quot;classic&quot;}\">\n\t\t<div class=\"elementor-element elementor-element-5990e06 e-con-full e-flex e-con e-child\" data-id=\"5990e06\" data-element_type=\"container\">\n\t\t\t\t<div class=\"elementor-element elementor-element-13b0e1e elementor-widget elementor-widget-jet-listing-dynamic-field\" data-id=\"13b0e1e\" data-element_type=\"widget\" data-widget_type=\"jet-listing-dynamic-field.default\">\n\t\t\t\t\t<div class=\"jet-listing jet-listing-dynamic-field display-inline\"><div class=\"jet-listing-dynamic-field__inline-wrap\"><h3 class=\"jet-listing-dynamic-field__content\">Pro\u010d si vybrat nemovitosti v zadarsk\u00e9...<\/h3><\/div><\/div>\t\t\t\t<\/div>\n\t\t\t\t<div class=\"elementor-element elementor-element-872ee65 elementor-widget elementor-widget-jet-listing-dynamic-field\" data-id=\"872ee65\" data-element_type=\"widget\" data-widget_type=\"jet-listing-dynamic-field.default\">\n\t\t\t\t\t<div class=\"jet-listing jet-listing-dynamic-field display-inline\"><div class=\"jet-listing-dynamic-field__inline-wrap\"><div class=\"jet-listing-dynamic-field__content\">V roce 2020 dos\u00e1hla Zadarsk\u00e1 \u017eupa nejvy\u0161\u0161\u00ed po\u010det prodej\u016f nemovitost\u00ed na Jadranu. \u0160ibensko-kninsk\u00e1, Splitsko-dalmatinsk\u00e1 ...<\/div><\/div><\/div>\t\t\t\t<\/div>\n\t\t\t\t<\/div>\n\t\t\t\t<div class=\"elementor-element elementor-element-5e23f44 elementor-widget elementor-widget-button\" data-id=\"5e23f44\" data-element_type=\"widget\" data-widget_type=\"button.default\">\n\t\t\t\t\t\t\t\t\t\t<a class=\"elementor-button elementor-button-link elementor-size-sm\" href=\"https:\/\/solhome.hr\/cs\/proc-si-vybrat-nemovitosti-v-zadarske-zupe\/\">\n\t\t\t\t\t\t<span class=\"elementor-button-content-wrapper\">\n\t\t\t\t\t\t\t\t\t<span class=\"elementor-button-text\">Podrobnosti<\/span>\n\t\t\t\t\t<\/span>\n\t\t\t\t\t<\/a>\n\t\t\t\t\t\t\t\t<\/div>\n\t\t\t\t<\/div>\n\t\t\t\t\t<\/div>\n\t\t\t\t<\/div>\n\t\t\t\t<\/div>\n\t\t<style id=\"loop-dynamic-7742\">.e-loop-item-21817 .elementor-element.elementor-element-ecb4177:not(.elementor-motion-effects-element-type-background), .e-loop-item-21817 .elementor-element.elementor-element-ecb4177 > .elementor-motion-effects-container > .elementor-motion-effects-layer{background-image:url(\"https:\/\/solhome.hr\/wp-content\/uploads\/2025\/10\/Naslovna-20.webp\");}<\/style>\t\t<div data-elementor-type=\"loop-item\" data-elementor-id=\"7742\" class=\"elementor elementor-7742 elementor-2910 e-loop-item e-loop-item-21817 post-21817 post type-post status-publish format-standard has-post-thumbnail hentry category-uncategorized-cs\" data-elementor-post-type=\"elementor_library\" data-custom-edit-handle=\"1\">\n\t\t\t<div class=\"elementor-element elementor-element-a6b0f93 e-flex e-con-boxed e-con e-parent\" data-id=\"a6b0f93\" data-element_type=\"container\" data-settings=\"{&quot;background_background&quot;:&quot;classic&quot;}\">\n\t\t\t\t\t<div class=\"e-con-inner\">\n\t\t<div class=\"elementor-element elementor-element-ecb4177 e-con-full e-flex e-con e-child\" data-id=\"ecb4177\" data-element_type=\"container\" data-settings=\"{&quot;background_background&quot;:&quot;classic&quot;}\">\n\t\t\t\t<\/div>\n\t\t<div class=\"elementor-element elementor-element-d450e13 e-con-full e-flex e-con e-child\" data-id=\"d450e13\" data-element_type=\"container\" data-settings=\"{&quot;background_background&quot;:&quot;classic&quot;}\">\n\t\t<div class=\"elementor-element elementor-element-5990e06 e-con-full e-flex e-con e-child\" data-id=\"5990e06\" data-element_type=\"container\">\n\t\t\t\t<div class=\"elementor-element elementor-element-13b0e1e elementor-widget elementor-widget-jet-listing-dynamic-field\" data-id=\"13b0e1e\" data-element_type=\"widget\" data-widget_type=\"jet-listing-dynamic-field.default\">\n\t\t\t\t\t<div class=\"jet-listing jet-listing-dynamic-field display-inline\"><div class=\"jet-listing-dynamic-field__inline-wrap\"><h3 class=\"jet-listing-dynamic-field__content\">Jak usnadnit koupi nemovitosti?<\/h3><\/div><\/div>\t\t\t\t<\/div>\n\t\t\t\t<div class=\"elementor-element elementor-element-872ee65 elementor-widget elementor-widget-jet-listing-dynamic-field\" data-id=\"872ee65\" data-element_type=\"widget\" data-widget_type=\"jet-listing-dynamic-field.default\">\n\t\t\t\t\t<div class=\"jet-listing jet-listing-dynamic-field display-inline\"><div class=\"jet-listing-dynamic-field__inline-wrap\"><div class=\"jet-listing-dynamic-field__content\">Kupujete nemovitost, dlouho hled\u00e1te a nem\u016f\u017eete nic naj\u00edt? Je \u010das definovat n\u011bkter\u00e9 pokyny, kter\u00e9 v\u00e1m usnadn\u00ed vyhled\u00e1v\u00e1n\u00ed...<\/div><\/div><\/div>\t\t\t\t<\/div>\n\t\t\t\t<\/div>\n\t\t\t\t<div class=\"elementor-element elementor-element-5e23f44 elementor-widget elementor-widget-button\" data-id=\"5e23f44\" data-element_type=\"widget\" data-widget_type=\"button.default\">\n\t\t\t\t\t\t\t\t\t\t<a class=\"elementor-button elementor-button-link elementor-size-sm\" href=\"https:\/\/solhome.hr\/cs\/jak-usnadnit-koupi-nemovitosti\/\">\n\t\t\t\t\t\t<span class=\"elementor-button-content-wrapper\">\n\t\t\t\t\t\t\t\t\t<span class=\"elementor-button-text\">Podrobnosti<\/span>\n\t\t\t\t\t<\/span>\n\t\t\t\t\t<\/a>\n\t\t\t\t\t\t\t\t<\/div>\n\t\t\t\t<\/div>\n\t\t\t\t\t<\/div>\n\t\t\t\t<\/div>\n\t\t\t\t<\/div>\n\t\t\t\t<\/div>\n\t\t\n\t\t\t\t\t\t<\/div>\n\t\t\t\t<\/div>\n\t\t\t\t\t<\/div>\n\t\t\t\t<\/div>\n\t\t<div class=\"elementor-element elementor-element-eaddacb elementor-hidden-desktop elementor-hidden-tablet elementor-hidden-mobile e-flex e-con-boxed e-con e-parent\" data-id=\"eaddacb\" data-element_type=\"container\">\n\t\t\t\t\t<div class=\"e-con-inner\">\n\t\t\t\t<div class=\"elementor-element elementor-element-cc87029 elementor-widget elementor-widget-google_maps\" data-id=\"cc87029\" data-element_type=\"widget\" data-widget_type=\"google_maps.default\">\n\t\t\t\t\t\t\t<div class=\"elementor-custom-embed\">\n\t\t\t<iframe loading=\"lazy\"\n\t\t\t\t\tsrc=\"https:\/\/maps.google.com\/maps?q=Put%20Bokanjca%2052&#038;t=m&#038;z=10&#038;output=embed&#038;iwloc=near\"\n\t\t\t\t\ttitle=\"Put Bokanjca 52\"\n\t\t\t\t\taria-label=\"Put Bokanjca 52\"\n\t\t\t><\/iframe>\n\t\t<\/div>\n\t\t\t\t\t\t<\/div>\n\t\t\t\t\t<\/div>\n\t\t\t\t<\/div>\n\t\t\t\t<\/div>\n\t\t","protected":false},"excerpt":{"rendered":"<p>Kontaktujte n\u00e1s +385 97 718 58 72 +49 163 635 49 30 info@solhome.hr Sol Home m\u00e1 ve sv\u00e9m portfoliu pe\u010dliv\u011b vybran\u00e9 nemovitosti pod\u00e9l chorvatsk\u00e9ho pob\u0159e\u017e\u00ed a ostrov\u016f, aby sv\u00fdm klient\u016fm nab\u00eddl pouze to nejlep\u0161\u00ed z nejlep\u0161\u00edho a pouze nemovitosti s v\u00fdhledem na mo\u0159e, luxusn\u00ed vily, exkluzivn\u00ed apartm\u00e1ny, pozemky ve v\u00fdjime\u010dn\u00fdch lokac\u00edch u mo\u0159e a panoramata, [&hellip;]<\/p>\n","protected":false},"author":2,"featured_media":0,"parent":0,"menu_order":0,"comment_status":"closed","ping_status":"closed","template":"elementor_header_footer","meta":{"inline_featured_image":false,"footnotes":""},"class_list":["post-4878","page","type-page","status-publish","hentry"],"_links":{"self":[{"href":"https:\/\/solhome.hr\/cs\/wp-json\/wp\/v2\/pages\/4878","targetHints":{"allow":["GET"]}}],"collection":[{"href":"https:\/\/solhome.hr\/cs\/wp-json\/wp\/v2\/pages"}],"about":[{"href":"https:\/\/solhome.hr\/cs\/wp-json\/wp\/v2\/types\/page"}],"author":[{"embeddable":true,"href":"https:\/\/solhome.hr\/cs\/wp-json\/wp\/v2\/users\/2"}],"replies":[{"embeddable":true,"href":"https:\/\/solhome.hr\/cs\/wp-json\/wp\/v2\/comments?post=4878"}],"version-history":[{"count":23,"href":"https:\/\/solhome.hr\/cs\/wp-json\/wp\/v2\/pages\/4878\/revisions"}],"predecessor-version":[{"id":52804,"href":"https:\/\/solhome.hr\/cs\/wp-json\/wp\/v2\/pages\/4878\/revisions\/52804"}],"wp:attachment":[{"href":"https:\/\/solhome.hr\/cs\/wp-json\/wp\/v2\/media?parent=4878"}],"curies":[{"name":"wp","href":"https:\/\/api.w.org\/{rel}","templated":true}]}}