{"id":4809,"date":"2025-07-28T17:41:54","date_gmt":"2025-07-28T17:41:54","guid":{"rendered":"https:\/\/musing-rosalind.135-181-117-101.plesk.page\/?page_id=4809"},"modified":"2025-11-26T20:16:18","modified_gmt":"2025-11-26T20:16:18","slug":"o-nas-cz","status":"publish","type":"page","link":"https:\/\/solhome.hr\/cs\/o-nas-cz\/","title":{"rendered":"O n\u00e1s (CZ)"},"content":{"rendered":"\t\t<div data-elementor-type=\"wp-page\" data-elementor-id=\"4809\" class=\"elementor elementor-4809 elementor-2713\" data-elementor-post-type=\"page\">\n\t\t\t\t<div class=\"elementor-element elementor-element-4ee0227 e-flex e-con-boxed e-con e-parent\" data-id=\"4ee0227\" data-element_type=\"container\">\n\t\t\t\t\t<div class=\"e-con-inner\">\n\t\t\t\t<div class=\"elementor-element elementor-element-764e1dc elementor-widget elementor-widget-heading\" data-id=\"764e1dc\" data-element_type=\"widget\" data-widget_type=\"heading.default\">\n\t\t\t\t\t<h1 class=\"elementor-heading-title elementor-size-default\">O n\u00e1s<\/h1>\t\t\t\t<\/div>\n\t\t\t\t\t<\/div>\n\t\t\t\t<\/div>\n\t\t<div class=\"elementor-element elementor-element-a12d7ac e-flex e-con-boxed e-con e-parent\" data-id=\"a12d7ac\" data-element_type=\"container\">\n\t\t\t\t\t<div class=\"e-con-inner\">\n\t\t<div class=\"elementor-element elementor-element-a41127e e-con-full e-flex e-con e-child\" data-id=\"a41127e\" data-element_type=\"container\" data-settings=\"{&quot;background_background&quot;:&quot;classic&quot;}\">\n\t\t<div class=\"elementor-element elementor-element-dc2dd83 e-con-full e-flex e-con e-child\" data-id=\"dc2dd83\" data-element_type=\"container\">\n\t\t\t\t<div class=\"elementor-element elementor-element-abcd665 elementor-blockquote--skin-quotation elementor-blockquote--button-color-official elementor-widget elementor-widget-blockquote\" data-id=\"abcd665\" data-element_type=\"widget\" data-widget_type=\"blockquote.default\">\n\t\t\t\t\t\t\t<blockquote class=\"elementor-blockquote\">\n\t\t\t<p class=\"elementor-blockquote__content\">\n\t\t\t\t\"\u00dasp\u011bch nen\u00ed to, co m\u00e1te, ale to, co jste\"\n\n\t\t\t<\/p>\n\t\t\t\t\t\t\t<div class=\"e-q-footer\">\n\t\t\t\t\t\t\t\t\t\t\t<cite class=\"elementor-blockquote__author\">- Bo Bennett<\/cite>\n\t\t\t\t\t\t\t\t\t\t\t\t\t\t<\/div>\n\t\t\t\t\t<\/blockquote>\n\t\t\t\t\t\t<\/div>\n\t\t\t\t<div class=\"elementor-element elementor-element-e6e3e28 elementor-widget elementor-widget-text-editor\" data-id=\"e6e3e28\" data-element_type=\"widget\" data-widget_type=\"text-editor.default\">\n\t\t\t\t\t\t\t\t\t<p>&#8230;je my\u0161lenka, kter\u00e1 n\u00e1s povzbuzuje b\u00fdt ka\u017ed\u00fd den je\u0161t\u011b lep\u0161\u00ed. Sna\u017e\u00edme se neust\u00e1le zlep\u0161ovat na\u0161e dovednosti a roz\u0161i\u0159ovat na\u0161e znalosti, abychom koleg\u016fm a klient\u016fm poskytovali jedine\u010dn\u00fd servis v reakci na jejich pot\u0159eby. Na\u0161e inovace v pr\u00e1ci stejn\u011b jako individu\u00e1ln\u00ed p\u0159\u00edstup ke v\u0161em pracovn\u00edm \u00fakol\u016fm je sou\u010d\u00e1st\u00ed na\u0161\u00ed obchodn\u00ed mise. Jedn\u00e1me v souladu s na\u0161imi ambici\u00f3zn\u00edmi c\u00edli, abychom se na trhu nab\u00eddky a popt\u00e1vky vyznamenali. P\u0159\u00edb\u011bh jsme za\u010dali p\u0159ed necel\u00fdm desetilet\u00edm prac\u00ed na zahrani\u010dn\u00edm trhu nemovitost\u00ed.<\/p><p>Na\u0161e l\u00e1ska ke St\u0159edomo\u0159\u00ed n\u00e1s p\u0159im\u011bla vyu\u017e\u00edt zku\u0161enost\u00ed z\u00edskan\u00fdch na pob\u0159e\u017e\u00ed Jadranu, kter\u00e9 se sna\u017e\u00edme p\u0159ibl\u00ed\u017eit zahrani\u010dn\u00edm klient\u016fm. Najdete zde v\u0161e, co pot\u0159ebujete pro ka\u017edodenn\u00ed \u017eivot a je\u0161t\u011b v\u00edce. Na\u0161e rozs\u00e1hl\u00e9 znalosti o nemovitostech, kter\u00e9 inzerujeme, v\u00e1m pomohou vybrat si v\u00e1\u0161 domov a ujistit se, \u017ee jste neud\u011blali chybu.<\/p><p>Pokud jste nena\u0161li to, co hled\u00e1te, obra\u0165te se na n\u00e1s s d\u016fv\u011brou. Jsme schopni v\u00e1m pomoci naj\u00edt va\u0161i pr\u00e1zdninovou o\u00e1zu, proto\u017ee to je to, co um\u00edme nejl\u00e9pe.<\/p>\t\t\t\t\t\t\t\t<\/div>\n\t\t\t\t<div class=\"elementor-element elementor-element-1f9e693 elementor-widget elementor-widget-heading\" data-id=\"1f9e693\" data-element_type=\"widget\" data-widget_type=\"heading.default\">\n\t\t\t\t\t<h2 class=\"elementor-heading-title elementor-size-default\">Seznamte se s na\u0161imi majiteli<\/h2>\t\t\t\t<\/div>\n\t\t<div class=\"elementor-element elementor-element-910e8de e-con-full e-flex e-con e-child\" data-id=\"910e8de\" data-element_type=\"container\">\n\t\t\t\t<div class=\"elementor-element elementor-element-6288534 elementor-widget__width-initial elementor-position-top elementor-widget elementor-widget-image-box\" data-id=\"6288534\" data-element_type=\"widget\" data-widget_type=\"image-box.default\">\n\t\t\t\t\t<div class=\"elementor-image-box-wrapper\"><figure class=\"elementor-image-box-img\"><img decoding=\"async\" src=\"https:\/\/solhome.hr\/wp-content\/uploads\/elementor\/thumbs\/tiho-r9fqci5p0w83quot1osrq3zxqco8dr0kfcncb9g9n4.webp\" title=\"tiho\" alt=\"tiho\" loading=\"lazy\" \/><\/figure><div class=\"elementor-image-box-content\"><h3 class=\"elementor-image-box-title\">Tiho Kne\u017eevi\u0107<\/h3><p class=\"elementor-image-box-description\">Ka\u017ed\u00fd nov\u00fd den p\u0159ij\u00edm\u00e1 jako v\u00fdzvu k zdokonalov\u00e1n\u00ed organiza\u010dn\u00edch a komunika\u010dn\u00edch dovednost\u00ed. Pr\u00e1ci s nemovitostmi vn\u00edm\u00e1 jako sv\u00e9 posl\u00e1n\u00ed, co\u017e dokazuje ka\u017edodenn\u00ed \u010dinnost\u00ed ve spole\u010dnosti Sol Home, kde pe\u010dliv\u011b pl\u00e1nuje a n\u00e1sledn\u011b realizuje v\u0161echny aktivity kupn\u011b-prodejn\u00edho procesu pro prod\u00e1vaj\u00edc\u00ed i kupuj\u00edc\u00ed.<\/p><\/div><\/div>\t\t\t\t<\/div>\n\t\t\t\t<div class=\"elementor-element elementor-element-66555bc elementor-widget__width-initial elementor-position-top elementor-widget elementor-widget-image-box\" data-id=\"66555bc\" data-element_type=\"widget\" data-widget_type=\"image-box.default\">\n\t\t\t\t\t<div class=\"elementor-image-box-wrapper\"><figure class=\"elementor-image-box-img\"><img decoding=\"async\" src=\"https:\/\/solhome.hr\/wp-content\/uploads\/2025\/07\/Solhome-Faviicon1.svg\" title=\"Solhome Faviicon1\" alt=\"Solhome Faviicon1\" loading=\"lazy\" \/><\/figure><div class=\"elementor-image-box-content\"><h3 class=\"elementor-image-box-title\">Tin Kne\u017eevi\u0107<\/h3><p class=\"elementor-image-box-description\">Po pr\u00e1ci v realitn\u00ed kancel\u00e1\u0159i v zahrani\u010d\u00ed se z \u010dist\u00e9 zv\u011bdavosti rozhodl prozkoumat trh s nemovitostmi v zadarsk\u00e9m regionu. Brzy se p\u0159ipojuje se sv\u00fdm obchodn\u00edm partnerem a spole\u010dn\u011b zakl\u00e1daj\u00ed Sol Home. Sv\u00e9 pracovn\u00ed nasazen\u00ed nejl\u00e9pe prokazuje v ne\u010dekan\u00fdch situac\u00edch, kdy rozhodn\u011b \u0159e\u0161\u00ed v\u0161echny probl\u00e9my kl\u00ed\u010dov\u00fdch z\u00e1kazn\u00edk\u016f a klient\u016f.<\/p><\/div><\/div>\t\t\t\t<\/div>\n\t\t\t\t<\/div>\n\t\t\t\t<\/div>\n\t\t\t\t<\/div>\n\t\t\t\t\t<\/div>\n\t\t\t\t<\/div>\n\t\t<div class=\"elementor-element elementor-element-47235da e-flex e-con-boxed e-con e-parent\" data-id=\"47235da\" data-element_type=\"container\" data-settings=\"{&quot;background_background&quot;:&quot;classic&quot;}\">\n\t\t\t\t\t<div class=\"e-con-inner\">\n\t\t<div class=\"elementor-element elementor-element-288a30e e-con-full e-flex e-con e-child\" data-id=\"288a30e\" data-element_type=\"container\">\n\t\t\t\t<div class=\"elementor-element elementor-element-1618f6f elementor-widget elementor-widget-heading\" data-id=\"1618f6f\" data-element_type=\"widget\" data-widget_type=\"heading.default\">\n\t\t\t\t\t<h2 class=\"elementor-heading-title elementor-size-default\">NA\u0160E DOPORU\u010cEN\u00cd<\/h2>\t\t\t\t<\/div>\n\t\t\t\t<\/div>\n\t\t\t\t<div class=\"elementor-element elementor-element-b3ce0c1 elementor-widget elementor-widget-jet-listing-grid\" data-id=\"b3ce0c1\" data-element_type=\"widget\" data-settings=\"{&quot;columns&quot;:&quot;5&quot;,&quot;columns_mobile&quot;:&quot;1&quot;}\" data-widget_type=\"jet-listing-grid.default\">\n\t\t\t\t\t<div class=\"jet-listing-grid jet-listing-grid--lazy-load jet-listing jet-listing-grid-loading\" data-lazy-load=\"{&quot;offset&quot;:&quot;0px&quot;,&quot;post_id&quot;:4809,&quot;queried_id&quot;:&quot;4809|WP_Post&quot;}\"><div class=\"jet-listing-grid__loader\"><div class=\"jet-listing-grid__loader-spinner\"><\/div><\/div><\/div>\t\t\t\t<\/div>\n\t\t\t\t\t<\/div>\n\t\t\t\t<\/div>\n\t\t<div class=\"elementor-element elementor-element-dce9ae9 e-flex e-con-boxed e-con e-parent\" data-id=\"dce9ae9\" data-element_type=\"container\" data-settings=\"{&quot;background_background&quot;:&quot;classic&quot;}\">\n\t\t\t\t\t<div class=\"e-con-inner\">\n\t\t\t\t<div class=\"elementor-element elementor-element-c0d1de7 elementor-widget elementor-widget-heading\" data-id=\"c0d1de7\" data-element_type=\"widget\" data-widget_type=\"heading.default\">\n\t\t\t\t\t<h2 class=\"elementor-heading-title elementor-size-default\">POSLEDN\u00cd NOVINKY<\/h2>\t\t\t\t<\/div>\n\t\t\t\t<div class=\"elementor-element elementor-element-180645d elementor-grid-3 elementor-grid-tablet-2 elementor-grid-mobile-1 elementor-widget elementor-widget-loop-grid\" data-id=\"180645d\" data-element_type=\"widget\" data-settings=\"{&quot;template_id&quot;:7742,&quot;_skin&quot;:&quot;post&quot;,&quot;columns&quot;:&quot;3&quot;,&quot;columns_tablet&quot;:&quot;2&quot;,&quot;columns_mobile&quot;:&quot;1&quot;,&quot;edit_handle_selector&quot;:&quot;[data-elementor-type=\\&quot;loop-item\\&quot;]&quot;,&quot;row_gap&quot;:{&quot;unit&quot;:&quot;px&quot;,&quot;size&quot;:&quot;&quot;,&quot;sizes&quot;:[]},&quot;row_gap_tablet&quot;:{&quot;unit&quot;:&quot;px&quot;,&quot;size&quot;:&quot;&quot;,&quot;sizes&quot;:[]},&quot;row_gap_mobile&quot;:{&quot;unit&quot;:&quot;px&quot;,&quot;size&quot;:&quot;&quot;,&quot;sizes&quot;:[]}}\" data-widget_type=\"loop-grid.post\">\n\t\t\t\t\t\t\t<div class=\"elementor-loop-container elementor-grid\" role=\"list\">\n\t\t<style id=\"loop-dynamic-7742\">.e-loop-item-21853 .elementor-element.elementor-element-ecb4177:not(.elementor-motion-effects-element-type-background), .e-loop-item-21853 .elementor-element.elementor-element-ecb4177 > .elementor-motion-effects-container > .elementor-motion-effects-layer{background-image:url(\"https:\/\/solhome.hr\/wp-content\/uploads\/2025\/10\/Naslovna-21.webp\");}<\/style><style id=\"loop-7742\">.elementor-7742 .elementor-element.elementor-element-a6b0f93{--display:flex;--flex-direction:column;--container-widget-width:100%;--container-widget-height:initial;--container-widget-flex-grow:0;--container-widget-align-self:initial;--flex-wrap-mobile:wrap;--gap:0px 0px;--row-gap:0px;--column-gap:0px;--border-radius:5px 5px 5px 5px;box-shadow:0px 0px 10px 0px rgba(0, 0, 0, 0.1);--margin-top:0px;--margin-bottom:0px;--margin-left:0px;--margin-right:0px;--padding-top:0px;--padding-bottom:0px;--padding-left:0px;--padding-right:0px;}.elementor-7742 .elementor-element.elementor-element-a6b0f93:not(.elementor-motion-effects-element-type-background), .elementor-7742 .elementor-element.elementor-element-a6b0f93 > .elementor-motion-effects-container > .elementor-motion-effects-layer{background-color:var( --e-global-color-089dfa3 );}.elementor-7742 .elementor-element.elementor-element-ecb4177{--display:flex;--min-height:240px;--flex-direction:column;--container-widget-width:100%;--container-widget-height:initial;--container-widget-flex-grow:0;--container-widget-align-self:initial;--flex-wrap-mobile:wrap;--border-radius:5px 5px 0px 0px;}.elementor-7742 .elementor-element.elementor-element-ecb4177:not(.elementor-motion-effects-element-type-background), .elementor-7742 .elementor-element.elementor-element-ecb4177 > .elementor-motion-effects-container > .elementor-motion-effects-layer{background-repeat:no-repeat;background-size:cover;}.elementor-7742 .elementor-element.elementor-element-d450e13{--display:flex;--flex-direction:column;--container-widget-width:100%;--container-widget-height:initial;--container-widget-flex-grow:0;--container-widget-align-self:initial;--flex-wrap-mobile:wrap;--justify-content:space-between;--border-radius:0px 0px 5px 5px;--padding-top:20px;--padding-bottom:20px;--padding-left:20px;--padding-right:20px;}.elementor-7742 .elementor-element.elementor-element-d450e13:not(.elementor-motion-effects-element-type-background), .elementor-7742 .elementor-element.elementor-element-d450e13 > .elementor-motion-effects-container > .elementor-motion-effects-layer{background-color:var( --e-global-color-089dfa3 );}.elementor-7742 .elementor-element.elementor-element-5990e06{--display:flex;--margin-top:0px;--margin-bottom:20px;--margin-left:0px;--margin-right:0px;--padding-top:0px;--padding-bottom:0px;--padding-left:0px;--padding-right:0px;}.elementor-7742 .elementor-element.elementor-element-13b0e1e{margin:-10px 0px calc(var(--kit-widget-spacing, 0px) + -20px) 0px;padding:0px 0px 0px 0px;}.elementor-7742 .elementor-element.elementor-element-13b0e1e .jet-listing-dynamic-field .jet-listing-dynamic-field__inline-wrap{width:auto;}.elementor-7742 .elementor-element.elementor-element-13b0e1e .jet-listing-dynamic-field .jet-listing-dynamic-field__content{width:auto;}.elementor-7742 .elementor-element.elementor-element-13b0e1e .jet-listing-dynamic-field{justify-content:flex-start;}.elementor-7742 .elementor-element.elementor-element-13b0e1e .jet-listing-dynamic-field__content{text-align:left;}.elementor-7742 .elementor-element.elementor-element-872ee65{margin:0px 0px calc(var(--kit-widget-spacing, 0px) + 0px) 0px;padding:0px 0px 0px 0px;}.elementor-7742 .elementor-element.elementor-element-872ee65 .jet-listing-dynamic-field .jet-listing-dynamic-field__inline-wrap{width:auto;}.elementor-7742 .elementor-element.elementor-element-872ee65 .jet-listing-dynamic-field .jet-listing-dynamic-field__content{width:auto;}.elementor-7742 .elementor-element.elementor-element-872ee65 .jet-listing-dynamic-field{justify-content:flex-start;}.elementor-7742 .elementor-element.elementor-element-872ee65 .jet-listing-dynamic-field__content{text-align:left;}.elementor-7742 .elementor-element.elementor-element-5e23f44 .elementor-button{background-color:#61CE7000;font-size:13px;fill:var( --e-global-color-primary );color:var( --e-global-color-primary );padding:0px 0px 0px 0px;}.elementor-7742 .elementor-element.elementor-element-5e23f44{margin:-20px 0px calc(var(--kit-widget-spacing, 0px) + 0px) 0px;padding:0px 0px 0px 0px;}@media(min-width:768px){.elementor-7742 .elementor-element.elementor-element-ecb4177{--width:100%;}.elementor-7742 .elementor-element.elementor-element-d450e13{--width:100%;}}@media(max-width:767px){.elementor-7742 .elementor-element.elementor-element-a6b0f93{--border-radius:0px 0px 0px 0px;}.elementor-7742 .elementor-element.elementor-element-ecb4177{--border-radius:0px 0px 0px 0px;}.elementor-7742 .elementor-element.elementor-element-5e23f44 .elementor-button{font-size:16px;}}<\/style>\t\t<div data-elementor-type=\"loop-item\" data-elementor-id=\"7742\" class=\"elementor elementor-7742 elementor-2910 e-loop-item e-loop-item-21853 post-21853 post type-post status-publish format-standard has-post-thumbnail hentry category-uncategorized-cs\" data-elementor-post-type=\"elementor_library\" data-custom-edit-handle=\"1\">\n\t\t\t<div class=\"elementor-element elementor-element-a6b0f93 e-flex e-con-boxed e-con e-parent\" data-id=\"a6b0f93\" data-element_type=\"container\" data-settings=\"{&quot;background_background&quot;:&quot;classic&quot;}\">\n\t\t\t\t\t<div class=\"e-con-inner\">\n\t\t<div class=\"elementor-element elementor-element-ecb4177 e-con-full e-flex e-con e-child\" data-id=\"ecb4177\" data-element_type=\"container\" data-settings=\"{&quot;background_background&quot;:&quot;classic&quot;}\">\n\t\t\t\t<\/div>\n\t\t<div class=\"elementor-element elementor-element-d450e13 e-con-full e-flex e-con e-child\" data-id=\"d450e13\" data-element_type=\"container\" data-settings=\"{&quot;background_background&quot;:&quot;classic&quot;}\">\n\t\t<div class=\"elementor-element elementor-element-5990e06 e-con-full e-flex e-con e-child\" data-id=\"5990e06\" data-element_type=\"container\">\n\t\t\t\t<div class=\"elementor-element elementor-element-13b0e1e elementor-widget elementor-widget-jet-listing-dynamic-field\" data-id=\"13b0e1e\" data-element_type=\"widget\" data-widget_type=\"jet-listing-dynamic-field.default\">\n\t\t\t\t\t<div class=\"jet-listing jet-listing-dynamic-field display-inline\"><div class=\"jet-listing-dynamic-field__inline-wrap\"><h3 class=\"jet-listing-dynamic-field__content\">Pro\u010d si vybrat nemovitosti v zadarsk\u00e9...<\/h3><\/div><\/div>\t\t\t\t<\/div>\n\t\t\t\t<div class=\"elementor-element elementor-element-872ee65 elementor-widget elementor-widget-jet-listing-dynamic-field\" data-id=\"872ee65\" data-element_type=\"widget\" data-widget_type=\"jet-listing-dynamic-field.default\">\n\t\t\t\t\t<div class=\"jet-listing jet-listing-dynamic-field display-inline\"><div class=\"jet-listing-dynamic-field__inline-wrap\"><div class=\"jet-listing-dynamic-field__content\">V roce 2020 dos\u00e1hla Zadarsk\u00e1 \u017eupa nejvy\u0161\u0161\u00ed po\u010det prodej\u016f nemovitost\u00ed na Jadranu. \u0160ibensko-kninsk\u00e1, Splitsko-dalmatinsk\u00e1 ...<\/div><\/div><\/div>\t\t\t\t<\/div>\n\t\t\t\t<\/div>\n\t\t\t\t<div class=\"elementor-element elementor-element-5e23f44 elementor-widget elementor-widget-button\" data-id=\"5e23f44\" data-element_type=\"widget\" data-widget_type=\"button.default\">\n\t\t\t\t\t\t\t\t\t\t<a class=\"elementor-button elementor-button-link elementor-size-sm\" href=\"https:\/\/solhome.hr\/cs\/proc-si-vybrat-nemovitosti-v-zadarske-zupe\/\">\n\t\t\t\t\t\t<span class=\"elementor-button-content-wrapper\">\n\t\t\t\t\t\t\t\t\t<span class=\"elementor-button-text\">Podrobnosti<\/span>\n\t\t\t\t\t<\/span>\n\t\t\t\t\t<\/a>\n\t\t\t\t\t\t\t\t<\/div>\n\t\t\t\t<\/div>\n\t\t\t\t\t<\/div>\n\t\t\t\t<\/div>\n\t\t\t\t<\/div>\n\t\t<style id=\"loop-dynamic-7742\">.e-loop-item-21817 .elementor-element.elementor-element-ecb4177:not(.elementor-motion-effects-element-type-background), .e-loop-item-21817 .elementor-element.elementor-element-ecb4177 > .elementor-motion-effects-container > .elementor-motion-effects-layer{background-image:url(\"https:\/\/solhome.hr\/wp-content\/uploads\/2025\/10\/Naslovna-20.webp\");}<\/style>\t\t<div data-elementor-type=\"loop-item\" data-elementor-id=\"7742\" class=\"elementor elementor-7742 elementor-2910 e-loop-item e-loop-item-21817 post-21817 post type-post status-publish format-standard has-post-thumbnail hentry category-uncategorized-cs\" data-elementor-post-type=\"elementor_library\" data-custom-edit-handle=\"1\">\n\t\t\t<div class=\"elementor-element elementor-element-a6b0f93 e-flex e-con-boxed e-con e-parent\" data-id=\"a6b0f93\" data-element_type=\"container\" data-settings=\"{&quot;background_background&quot;:&quot;classic&quot;}\">\n\t\t\t\t\t<div class=\"e-con-inner\">\n\t\t<div class=\"elementor-element elementor-element-ecb4177 e-con-full e-flex e-con e-child\" data-id=\"ecb4177\" data-element_type=\"container\" data-settings=\"{&quot;background_background&quot;:&quot;classic&quot;}\">\n\t\t\t\t<\/div>\n\t\t<div class=\"elementor-element elementor-element-d450e13 e-con-full e-flex e-con e-child\" data-id=\"d450e13\" data-element_type=\"container\" data-settings=\"{&quot;background_background&quot;:&quot;classic&quot;}\">\n\t\t<div class=\"elementor-element elementor-element-5990e06 e-con-full e-flex e-con e-child\" data-id=\"5990e06\" data-element_type=\"container\">\n\t\t\t\t<div class=\"elementor-element elementor-element-13b0e1e elementor-widget elementor-widget-jet-listing-dynamic-field\" data-id=\"13b0e1e\" data-element_type=\"widget\" data-widget_type=\"jet-listing-dynamic-field.default\">\n\t\t\t\t\t<div class=\"jet-listing jet-listing-dynamic-field display-inline\"><div class=\"jet-listing-dynamic-field__inline-wrap\"><h3 class=\"jet-listing-dynamic-field__content\">Jak usnadnit koupi nemovitosti?<\/h3><\/div><\/div>\t\t\t\t<\/div>\n\t\t\t\t<div class=\"elementor-element elementor-element-872ee65 elementor-widget elementor-widget-jet-listing-dynamic-field\" data-id=\"872ee65\" data-element_type=\"widget\" data-widget_type=\"jet-listing-dynamic-field.default\">\n\t\t\t\t\t<div class=\"jet-listing jet-listing-dynamic-field display-inline\"><div class=\"jet-listing-dynamic-field__inline-wrap\"><div class=\"jet-listing-dynamic-field__content\">Kupujete nemovitost, dlouho hled\u00e1te a nem\u016f\u017eete nic naj\u00edt? Je \u010das definovat n\u011bkter\u00e9 pokyny, kter\u00e9 v\u00e1m usnadn\u00ed vyhled\u00e1v\u00e1n\u00ed...<\/div><\/div><\/div>\t\t\t\t<\/div>\n\t\t\t\t<\/div>\n\t\t\t\t<div class=\"elementor-element elementor-element-5e23f44 elementor-widget elementor-widget-button\" data-id=\"5e23f44\" data-element_type=\"widget\" data-widget_type=\"button.default\">\n\t\t\t\t\t\t\t\t\t\t<a class=\"elementor-button elementor-button-link elementor-size-sm\" href=\"https:\/\/solhome.hr\/cs\/jak-usnadnit-koupi-nemovitosti\/\">\n\t\t\t\t\t\t<span class=\"elementor-button-content-wrapper\">\n\t\t\t\t\t\t\t\t\t<span class=\"elementor-button-text\">Podrobnosti<\/span>\n\t\t\t\t\t<\/span>\n\t\t\t\t\t<\/a>\n\t\t\t\t\t\t\t\t<\/div>\n\t\t\t\t<\/div>\n\t\t\t\t\t<\/div>\n\t\t\t\t<\/div>\n\t\t\t\t<\/div>\n\t\t<style id=\"loop-dynamic-7742\">.e-loop-item-21764 .elementor-element.elementor-element-ecb4177:not(.elementor-motion-effects-element-type-background), .e-loop-item-21764 .elementor-element.elementor-element-ecb4177 > .elementor-motion-effects-container > .elementor-motion-effects-layer{background-image:url(\"https:\/\/solhome.hr\/wp-content\/uploads\/2025\/10\/Naslovna-19.webp\");}<\/style>\t\t<div data-elementor-type=\"loop-item\" data-elementor-id=\"7742\" class=\"elementor elementor-7742 elementor-2910 e-loop-item e-loop-item-21764 post-21764 post type-post status-publish format-standard has-post-thumbnail hentry category-uncategorized-cs\" data-elementor-post-type=\"elementor_library\" data-custom-edit-handle=\"1\">\n\t\t\t<div class=\"elementor-element elementor-element-a6b0f93 e-flex e-con-boxed e-con e-parent\" data-id=\"a6b0f93\" data-element_type=\"container\" data-settings=\"{&quot;background_background&quot;:&quot;classic&quot;}\">\n\t\t\t\t\t<div class=\"e-con-inner\">\n\t\t<div class=\"elementor-element elementor-element-ecb4177 e-con-full e-flex e-con e-child\" data-id=\"ecb4177\" data-element_type=\"container\" data-settings=\"{&quot;background_background&quot;:&quot;classic&quot;}\">\n\t\t\t\t<\/div>\n\t\t<div class=\"elementor-element elementor-element-d450e13 e-con-full e-flex e-con e-child\" data-id=\"d450e13\" data-element_type=\"container\" data-settings=\"{&quot;background_background&quot;:&quot;classic&quot;}\">\n\t\t<div class=\"elementor-element elementor-element-5990e06 e-con-full e-flex e-con e-child\" data-id=\"5990e06\" data-element_type=\"container\">\n\t\t\t\t<div class=\"elementor-element elementor-element-13b0e1e elementor-widget elementor-widget-jet-listing-dynamic-field\" data-id=\"13b0e1e\" data-element_type=\"widget\" data-widget_type=\"jet-listing-dynamic-field.default\">\n\t\t\t\t\t<div class=\"jet-listing jet-listing-dynamic-field display-inline\"><div class=\"jet-listing-dynamic-field__inline-wrap\"><h3 class=\"jet-listing-dynamic-field__content\">Vlastnictv\u00ed domova na chorvatsk\u00e9m pob\u0159e\u017e\u00ed \u2013...<\/h3><\/div><\/div>\t\t\t\t<\/div>\n\t\t\t\t<div class=\"elementor-element elementor-element-872ee65 elementor-widget elementor-widget-jet-listing-dynamic-field\" data-id=\"872ee65\" data-element_type=\"widget\" data-widget_type=\"jet-listing-dynamic-field.default\">\n\t\t\t\t\t<div class=\"jet-listing jet-listing-dynamic-field display-inline\"><div class=\"jet-listing-dynamic-field__inline-wrap\"><div class=\"jet-listing-dynamic-field__content\">Pokud hled\u00e1te m\u00edsto, kter\u00e9 m\u016f\u017eete nazvat domovem, jen m\u00e1lo m\u00edst je lep\u0161\u00edch ne\u017e chorvatsk\u00e9 pob\u0159e\u017e\u00ed. Se sv\u00fdmi \u00fachvatn\u00fdmi k...<\/div><\/div><\/div>\t\t\t\t<\/div>\n\t\t\t\t<\/div>\n\t\t\t\t<div class=\"elementor-element elementor-element-5e23f44 elementor-widget elementor-widget-button\" data-id=\"5e23f44\" data-element_type=\"widget\" data-widget_type=\"button.default\">\n\t\t\t\t\t\t\t\t\t\t<a class=\"elementor-button elementor-button-link elementor-size-sm\" href=\"https:\/\/solhome.hr\/cs\/vlastnictvi-domova-na-chorvatskem-pobrezi-7-duvodu-proc-ho-budete-milovat\/\">\n\t\t\t\t\t\t<span class=\"elementor-button-content-wrapper\">\n\t\t\t\t\t\t\t\t\t<span class=\"elementor-button-text\">Podrobnosti<\/span>\n\t\t\t\t\t<\/span>\n\t\t\t\t\t<\/a>\n\t\t\t\t\t\t\t\t<\/div>\n\t\t\t\t<\/div>\n\t\t\t\t\t<\/div>\n\t\t\t\t<\/div>\n\t\t\t\t<\/div>\n\t\t\t\t<\/div>\n\t\t\n\t\t\t\t\t\t<\/div>\n\t\t\t\t\t<\/div>\n\t\t\t\t<\/div>\n\t\t\t\t<\/div>\n\t\t","protected":false},"excerpt":{"rendered":"<p>O n\u00e1s &#8222;\u00dasp\u011bch nen\u00ed to, co m\u00e1te, ale to, co jste&#8220; &#8211; Bo Bennett &#8230;je my\u0161lenka, kter\u00e1 n\u00e1s povzbuzuje b\u00fdt ka\u017ed\u00fd den je\u0161t\u011b lep\u0161\u00ed. Sna\u017e\u00edme se neust\u00e1le zlep\u0161ovat na\u0161e dovednosti a roz\u0161i\u0159ovat na\u0161e znalosti, abychom koleg\u016fm a klient\u016fm poskytovali jedine\u010dn\u00fd servis v reakci na jejich pot\u0159eby. Na\u0161e inovace v pr\u00e1ci stejn\u011b jako individu\u00e1ln\u00ed p\u0159\u00edstup ke [&hellip;]<\/p>\n","protected":false},"author":2,"featured_media":0,"parent":0,"menu_order":0,"comment_status":"closed","ping_status":"closed","template":"","meta":{"inline_featured_image":false,"footnotes":""},"class_list":["post-4809","page","type-page","status-publish","hentry"],"_links":{"self":[{"href":"https:\/\/solhome.hr\/cs\/wp-json\/wp\/v2\/pages\/4809","targetHints":{"allow":["GET"]}}],"collection":[{"href":"https:\/\/solhome.hr\/cs\/wp-json\/wp\/v2\/pages"}],"about":[{"href":"https:\/\/solhome.hr\/cs\/wp-json\/wp\/v2\/types\/page"}],"author":[{"embeddable":true,"href":"https:\/\/solhome.hr\/cs\/wp-json\/wp\/v2\/users\/2"}],"replies":[{"embeddable":true,"href":"https:\/\/solhome.hr\/cs\/wp-json\/wp\/v2\/comments?post=4809"}],"version-history":[{"count":20,"href":"https:\/\/solhome.hr\/cs\/wp-json\/wp\/v2\/pages\/4809\/revisions"}],"predecessor-version":[{"id":53582,"href":"https:\/\/solhome.hr\/cs\/wp-json\/wp\/v2\/pages\/4809\/revisions\/53582"}],"wp:attachment":[{"href":"https:\/\/solhome.hr\/cs\/wp-json\/wp\/v2\/media?parent=4809"}],"curies":[{"name":"wp","href":"https:\/\/api.w.org\/{rel}","templated":true}]}}